{"id":67681,"date":"2016-05-25T10:13:36","date_gmt":"2016-05-25T08:13:36","guid":{"rendered":"https:\/\/www.daliform.com\/?page_id=67681"},"modified":"2022-03-02T10:33:09","modified_gmt":"2022-03-02T09:33:09","slug":"att-skapa-och-renovera-pooler","status":"publish","type":"page","link":"https:\/\/www.daliform.com\/sv\/regnvattensamlings-tankar-och-spridningstankar\/applicering-atlantis-tank\/att-skapa-och-renovera-pooler\/","title":{"rendered":"Att skapa och  renovera pooler"},"content":{"rendered":"<p>[vc_row padding_top=&#8221;0&#8243; padding_bottom=&#8221;0&#8243;][vc_column]\n\t<div class=\"custom-heading wpb_content_element  heading-medium\">\n\t\t<h2 class=\"heading-title\" >Atlantis \u00e4r den ideella l\u00f6sningen f\u00f6rskapande och renovering av offentliga och privatasimbass\u00e4nger, vattenparker och spa.<\/h2>\n\t\t<span class=\"heading-line primary\"><\/span>\n\t<\/div>[\/vc_column][\/vc_row][vc_row][vc_column width=&#8221;1\/2&#8243;][vc_masonry_media_grid element_width=&#8221;6&#8243; grid_id=&#8221;vc_gid:1633688833016-9659a1af-9cb2-5&#8243; include=&#8221;38273,61199,61209,61219&#8243;][\/vc_column][vc_column width=&#8221;1\/2&#8243;][vc_column_text]<\/p>\n<p style=\"text-align: justify;\">Inf\u00f6r behovet av enrenovering av simbas\u00e4ngen(\u00e4ven helt ny inom den befintliga) f\u00f6r estetiska, funktionella, och s\u00e4kerhetssk\u00e4l,<\/p>\n<h5 style=\"text-align: justify;\"><strong>\u00e4r Atlantis de perfekta systemet f\u00f6r att minska djupet av botten, niv\u00e5er, eller skapa sluttande ytor, niv\u00e5er, eller skapa flerniv\u00e5s ytor (terrasser).<\/strong><\/h5>\n<p>Tack vare hiss r\u00f6ren som tillhandah\u00e5lls skr\u00e4ddarsydda, kan du byggasluttande ytor med variabel lutning till en maximal h\u00f6jd p\u00e5 300 cm.<br \/>\nF\u00f6rm\u00e5gan att justera h\u00f6jden av hissr\u00f6ret till centimeter g\u00f6r s\u00e5 att jobbet blir l\u00e4ttarefr\u00e5n st\u00f6dytor av olika lutningar med mycket tid och pengar att spara.[\/vc_column_text][\/vc_column][\/vc_row][vc_row][vc_column][vc_separator][vc_column_text css=&#8221;.vc_custom_1633688873566{margin-bottom: 15px !important;}&#8221;]<strong><span lang=\"sv\">REKOMMENDERADE PRODUKTER<\/span>:<\/strong>[\/vc_column_text][vc_empty_space height=&#8221;10px&#8221;][\/vc_column][vc_column][vc_masonry_grid post_type=&#8221;ids&#8221; element_width=&#8221;3&#8243; grid_id=&#8221;vc_gid:1633688833017-e5ff88c5-77f8-2&#8243; include=&#8221;4620&#8243; el_class=&#8221;text-size-p&#8221;][\/vc_column][\/vc_row]<\/p>\n","protected":false},"excerpt":{"rendered":"<p>Atlantis \u00e4r den ideella l\u00f6sningen f\u00f6rskapande och renovering av offentliga och privatasimbass\u00e4nger, vattenparker och spa.<\/p>\n","protected":false},"author":1,"featured_media":61189,"parent":67003,"menu_order":0,"comment_status":"closed","ping_status":"closed","template":"","meta":[],"acf":[],"aioseo_notices":[],"_links":{"self":[{"href":"https:\/\/www.daliform.com\/sv\/wp-json\/wp\/v2\/pages\/67681"}],"collection":[{"href":"https:\/\/www.daliform.com\/sv\/wp-json\/wp\/v2\/pages"}],"about":[{"href":"https:\/\/www.daliform.com\/sv\/wp-json\/wp\/v2\/types\/page"}],"author":[{"embeddable":true,"href":"https:\/\/www.daliform.com\/sv\/wp-json\/wp\/v2\/users\/1"}],"replies":[{"embeddable":true,"href":"https:\/\/www.daliform.com\/sv\/wp-json\/wp\/v2\/comments?post=67681"}],"version-history":[{"count":0,"href":"https:\/\/www.daliform.com\/sv\/wp-json\/wp\/v2\/pages\/67681\/revisions"}],"up":[{"embeddable":true,"href":"https:\/\/www.daliform.com\/sv\/wp-json\/wp\/v2\/pages\/67003"}],"wp:featuredmedia":[{"embeddable":true,"href":"https:\/\/www.daliform.com\/sv\/wp-json\/wp\/v2\/media\/61189"}],"wp:attachment":[{"href":"https:\/\/www.daliform.com\/sv\/wp-json\/wp\/v2\/media?parent=67681"}],"curies":[{"name":"wp","href":"https:\/\/api.w.org\/{rel}","templated":true}]}}