{"id":66710,"date":"2016-05-19T16:01:52","date_gmt":"2016-05-19T14:01:52","guid":{"rendered":"https:\/\/www.daliform.com\/?page_id=66710"},"modified":"2021-12-13T17:37:06","modified_gmt":"2021-12-13T16:37:06","slug":"regnvattensamlings-tankar-och-spridningstankar","status":"publish","type":"page","link":"https:\/\/www.daliform.com\/sv\/regnvattensamlings-tankar-och-spridningstankar\/","title":{"rendered":"Atlantis Tank"},"content":{"rendered":"<p>[vc_row][vc_column width=&#8221;1\/4&#8243;][vc_single_image image=&#8221;66714&#8243; img_size=&#8221;large&#8221;][\/vc_column][vc_column width=&#8221;3\/4&#8243;][vc_column_text]<\/p>\n<h5><strong>Atlantis Tank\u00e4r ett patenterat system f\u00f6r att skapa tankar gjutna p\u00e5 plats f\u00f6r insamling eller dispersionen av stora volymer vatten i ett litet utrymme.<\/strong><\/h5>\n<p>Den armerade betongstrukturen uppn\u00e5s genom Atlantis Tank systemet och best\u00e5r av en platta, omkrets v\u00e4ggar, och en platta som st\u00f6ds av sm\u00e5 pelare, strukturen p\u00e5 s\u00e5 s\u00e4tt bildade, garantier med h\u00f6g motst\u00e5ndskraft mot \u00f6verbelastning, b\u00e5de permanenta och oavsiktliga.[\/vc_column_text][vc_column_text]Tanken formad med Atlantis Tank kan l\u00e4ggas under jord f\u00f6r att skapa ett gr\u00f6nomr\u00e5de ovanp\u00e5, eller s\u00e5 den kan lastas direkt f\u00f6r transport av fordon, \u00e4ven tunga.<br \/>\nHuvuddragen i Atlantis Tank-systemet \u00e4r snabbhet, enkelhet och kostnadseffektivitet.[\/vc_column_text][\/vc_column][\/vc_row]<\/p>\n","protected":false},"excerpt":{"rendered":"<p>Atlantis Tank\u00e4r den idealiska l\u00f6sningen f\u00f6r att skapa tankar gjutna p\u00e5 plats f\u00f6r insamling och \/ eller spridning av vatten f\u00f6r renovering av simbass\u00e4nger. <\/p>\n","protected":false},"author":1,"featured_media":61110,"parent":0,"menu_order":27,"comment_status":"closed","ping_status":"closed","template":"template-product.php","meta":[],"acf":[],"aioseo_notices":[],"_links":{"self":[{"href":"https:\/\/www.daliform.com\/sv\/wp-json\/wp\/v2\/pages\/66710"}],"collection":[{"href":"https:\/\/www.daliform.com\/sv\/wp-json\/wp\/v2\/pages"}],"about":[{"href":"https:\/\/www.daliform.com\/sv\/wp-json\/wp\/v2\/types\/page"}],"author":[{"embeddable":true,"href":"https:\/\/www.daliform.com\/sv\/wp-json\/wp\/v2\/users\/1"}],"replies":[{"embeddable":true,"href":"https:\/\/www.daliform.com\/sv\/wp-json\/wp\/v2\/comments?post=66710"}],"version-history":[{"count":0,"href":"https:\/\/www.daliform.com\/sv\/wp-json\/wp\/v2\/pages\/66710\/revisions"}],"wp:featuredmedia":[{"embeddable":true,"href":"https:\/\/www.daliform.com\/sv\/wp-json\/wp\/v2\/media\/61110"}],"wp:attachment":[{"href":"https:\/\/www.daliform.com\/sv\/wp-json\/wp\/v2\/media?parent=66710"}],"curies":[{"name":"wp","href":"https:\/\/api.w.org\/{rel}","templated":true}]}}