{"id":66501,"date":"2016-05-14T09:38:52","date_gmt":"2016-05-14T07:38:52","guid":{"rendered":"https:\/\/www.daliform.com\/?page_id=66501"},"modified":"2021-10-07T08:43:56","modified_gmt":"2021-10-07T06:43:56","slug":"pratopratico-rutnat-for-uppfarts-golv-med-gras-finish","status":"publish","type":"page","link":"https:\/\/www.daliform.com\/sv\/pratopratico-rutnat-for-uppfarts-golv-med-gras-finish\/","title":{"rendered":"Pratopratico\u00ae"},"content":{"rendered":"<p>[vc_row][vc_column width=&#8221;1\/4&#8243;][vc_single_image image=&#8221;66526&#8243; img_size=&#8221;large&#8221;][\/vc_column][vc_column width=&#8221;3\/4&#8243;][vc_column_text]<\/p>\n<h5 style=\"text-align: justify;\"><strong>Pratopratico\u00ae representerar ett sinnrikt system f\u00f6r att g\u00f6ra en gr\u00e4smatta betr\u00e4dningsbar, skydda den fr\u00e5n skador orsakade av transitering och parkering av fordon i n\u00e5gon form av atmosf\u00e4rf\u00f6rh\u00e5llanden.<\/strong><\/h5>\n<p style=\"text-align: justify;\">K\u00e4rnan av Pratopratico\u00ae. \u00e4r mycket enkel: det \u00e4r en fr\u00e5ga om att &#8221;bev\u00e4pna&#8221; den naturliga markytan med ett modul\u00e4r golv som best\u00e5r av ett galler med en mycket robust cellstruktur, d\u00e4r torvan, som fortfarande \u00e4r ett par millimeter under den h\u00f6gre gr\u00e4nsen f\u00f6r golv v\u00e4ggarna, skyddas fr\u00e5n kl\u00e4mmning eller stress.<\/p>\n<p>[\/vc_column_text][\/vc_column][vc_column][vc_empty_space height=&#8221;15px&#8221;][vc_column_text]Gallret \u00e4r gjort av ett speciellt plastmaterial med tekniska \/ mekaniska egenskaper av h\u00f6g kvalitet, icke-toxiska och oattackerbara genom atmosf\u00e4riska och kemiska medel. The Pratopratico\u00ae golv utvecklas snabbt och ekonomiskt genom f\u00f6reningen av olika gitter med ett manligt \/ kvinnligt krok system . De estetiska, funktionella och ekologiska f\u00f6rdelar som detta innovativa golv erbjuder \u00e4r uppenbara: en gr\u00e4smatte yta filtrerar den naturliga markens meteor vatten, med respekt f\u00f6r platsens hydrogeologiska balans. Under sommarperioden, producerar den inte o\u00f6nskade termiska effekter kopplade till \u00f6verhettning av ytan med naturlig finish.[\/vc_column_text][\/vc_column][\/vc_row]<\/p>\n","protected":false},"excerpt":{"rendered":"<p>Pratopratico\u00ae f\u00f6r att g\u00f6ra en gr\u00e4smatta betr\u00e4dningsbar, skydda den fr\u00e5n skador orsakade av transitering och parkering.<\/p>\n","protected":false},"author":1,"featured_media":61403,"parent":0,"menu_order":28,"comment_status":"closed","ping_status":"closed","template":"template-product.php","meta":[],"acf":[],"aioseo_notices":[],"_links":{"self":[{"href":"https:\/\/www.daliform.com\/sv\/wp-json\/wp\/v2\/pages\/66501"}],"collection":[{"href":"https:\/\/www.daliform.com\/sv\/wp-json\/wp\/v2\/pages"}],"about":[{"href":"https:\/\/www.daliform.com\/sv\/wp-json\/wp\/v2\/types\/page"}],"author":[{"embeddable":true,"href":"https:\/\/www.daliform.com\/sv\/wp-json\/wp\/v2\/users\/1"}],"replies":[{"embeddable":true,"href":"https:\/\/www.daliform.com\/sv\/wp-json\/wp\/v2\/comments?post=66501"}],"version-history":[{"count":0,"href":"https:\/\/www.daliform.com\/sv\/wp-json\/wp\/v2\/pages\/66501\/revisions"}],"wp:featuredmedia":[{"embeddable":true,"href":"https:\/\/www.daliform.com\/sv\/wp-json\/wp\/v2\/media\/61403"}],"wp:attachment":[{"href":"https:\/\/www.daliform.com\/sv\/wp-json\/wp\/v2\/media?parent=66501"}],"curies":[{"name":"wp","href":"https:\/\/api.w.org\/{rel}","templated":true}]}}