{"id":65963,"date":"2016-05-04T15:56:01","date_gmt":"2016-05-04T13:56:01","guid":{"rendered":"https:\/\/www.daliform.com\/?page_id=65963"},"modified":"2021-10-05T10:13:01","modified_gmt":"2021-10-05T08:13:01","slug":"biofiltrering-eolo","status":"publish","type":"page","link":"https:\/\/www.daliform.com\/sv\/system-for-kompostering-och-biofiltrering\/eolo-applicering\/biofiltrering-eolo\/","title":{"rendered":"Biofiltrering"},"content":{"rendered":"<p>[vc_row padding_top=&#8221;0&#8243; padding_bottom=&#8221;0&#8243;][vc_column]\n\t<div class=\"custom-heading wpb_content_element  heading-medium\">\n\t\t<h2 class=\"heading-title\" >Luftbiofiltrering \u00e4r en behandling som g\u00f6r att du kan minska lukten som kommer fr\u00e5n industri- eller avfallsbehandlingsanl\u00e4ggningar.<\/h2>\n\t\t<span class=\"heading-line primary\"><\/span>\n\t<\/div>[\/vc_column][\/vc_row][vc_row][vc_column][vc_single_image image=&#8221;65985&#8243; img_size=&#8221;full&#8221; alignment=&#8221;center&#8221;][vc_column_text]<\/p>\n<p style=\"text-align: justify;\"><strong>Biofiltrering<\/strong> \u00e4r en process f\u00f6r att minska de f\u00f6rorenande \u00e4mnen i luften som anv\u00e4nder biologisk oxidation: den f\u00f6rorenade luften leds genom ett medel som inneh\u00e5ller mikroorganismer som kan bryta ner de f\u00f6roreningar som anv\u00e4nder dem som en n\u00e4ringsk\u00e4lla.<br \/>\nI grunden till\u00e5ter systemet att erh\u00e5lla samma resultat av f\u00f6rbr\u00e4nning, med undantag av att oxidationen av flyktiga organiska blandningar med koldioxid inte sker termiskt utan biologiskt, om blandningarna inneh\u00e5ller svavel, kv\u00e4ve eller klor, blir biprodukterna av oxidationen d\u00e5 mineralsalter. Dessa applikationer \u00e4r ekonomiskt mer f\u00f6rdelaktiga \u00e4n de f\u00f6rbr\u00e4nningssystem, b\u00e5de n\u00e4r det g\u00e4ller konstruktion och underh\u00e5ll, men de kr\u00e4ver en bra design f\u00f6r att kunna visa ett optimalt utnyttjande.<\/p>\n<p><strong>Med Eolo \u00e4r det m\u00f6jligt att realisera det perforerade golvet tack vare munstyckena som till\u00e5ter regelbunden och likformig f\u00f6rdelning av luften. Genom luft h\u00e5lrummet som skapas tack vare Eolo \u00e4r dess utg\u00e5ngsmunstycken likformiga \u00f6ver hela ytan av filtrerings b\u00e4dden f\u00f6r f\u00f6rdelning av luft.<\/strong>[\/vc_column_text][\/vc_column][\/vc_row][vc_row][vc_column][vc_separator][vc_column_text css=&#8221;.vc_custom_1633421555352{margin-bottom: 15px !important;}&#8221;]<strong>SUGGESTED PRODUCTS<\/strong>[\/vc_column_text][vc_empty_space height=&#8221;10px&#8221;][\/vc_column][vc_column][vc_masonry_grid post_type=&#8221;ids&#8221; element_width=&#8221;3&#8243; grid_id=&#8221;vc_gid:1633421402566-36aaa39c-64a7-4&#8243; include=&#8221;3291&#8243; el_class=&#8221;text-size-p&#8221;][\/vc_column][\/vc_row]<\/p>\n","protected":false},"excerpt":{"rendered":"<p>Biofiltrering \u00e4r en process f\u00f6r att minska de f\u00f6rorenande \u00e4mnen i luften som anv\u00e4nder biologisk oxidation.<\/p>\n","protected":false},"author":1,"featured_media":60973,"parent":65451,"menu_order":1,"comment_status":"closed","ping_status":"closed","template":"","meta":[],"acf":[],"aioseo_notices":[],"_links":{"self":[{"href":"https:\/\/www.daliform.com\/sv\/wp-json\/wp\/v2\/pages\/65963"}],"collection":[{"href":"https:\/\/www.daliform.com\/sv\/wp-json\/wp\/v2\/pages"}],"about":[{"href":"https:\/\/www.daliform.com\/sv\/wp-json\/wp\/v2\/types\/page"}],"author":[{"embeddable":true,"href":"https:\/\/www.daliform.com\/sv\/wp-json\/wp\/v2\/users\/1"}],"replies":[{"embeddable":true,"href":"https:\/\/www.daliform.com\/sv\/wp-json\/wp\/v2\/comments?post=65963"}],"version-history":[{"count":0,"href":"https:\/\/www.daliform.com\/sv\/wp-json\/wp\/v2\/pages\/65963\/revisions"}],"up":[{"embeddable":true,"href":"https:\/\/www.daliform.com\/sv\/wp-json\/wp\/v2\/pages\/65451"}],"wp:featuredmedia":[{"embeddable":true,"href":"https:\/\/www.daliform.com\/sv\/wp-json\/wp\/v2\/media\/60973"}],"wp:attachment":[{"href":"https:\/\/www.daliform.com\/sv\/wp-json\/wp\/v2\/media?parent=65963"}],"curies":[{"name":"wp","href":"https:\/\/api.w.org\/{rel}","templated":true}]}}