{"id":65668,"date":"2016-05-04T15:25:03","date_gmt":"2016-05-04T13:25:03","guid":{"rendered":"https:\/\/www.daliform.com\/?page_id=65668"},"modified":"2021-10-04T17:54:09","modified_gmt":"2021-10-04T15:54:09","slug":"kompostering-eolo","status":"publish","type":"page","link":"https:\/\/www.daliform.com\/sv\/system-for-kompostering-och-biofiltrering\/eolo-applicering\/kompostering-eolo\/","title":{"rendered":"Kompostering"},"content":{"rendered":"<p>[vc_row padding_top=&#8221;0&#8243; padding_bottom=&#8221;0&#8243;][vc_column]\n\t<div class=\"custom-heading wpb_content_element  heading-medium\">\n\t\t<h2 class=\"heading-title\" >Biostabilisering (och kompostering) \u00e4r en avfallshanteringsoperation med vilken o\u00f6nskade fraktioner tas bort, vilket g\u00f6r dem mindre farliga f\u00f6r milj\u00f6n.<\/h2>\n\t\t<span class=\"heading-line primary\"><\/span>\n\t<\/div>[\/vc_column][\/vc_row][vc_row][vc_column][vc_single_image image=&#8221;65690&#8243; img_size=&#8221;full&#8221; alignment=&#8221;center&#8221;][vc_column_text]<\/p>\n<p style=\"text-align: justify;\">Kompostering \u00e4r en teknik, som styr, accelererar och f\u00f6rb\u00e4ttrar den naturliga processen av alla organiska \u00e4mnen p\u00e5 grund av effekten av den mikrobiella floran, som naturligt finns i milj\u00f6n. H\u00f6g koncentration p\u00e5 humus, i den aktiva mikrobiella floran och mikroelementen g\u00f6r komposten av en produkt som \u00e4r l\u00e4mplig f\u00f6r olika agronomiska \u00e4ndam\u00e5l, fr\u00e5n tr\u00e4dg\u00e5rdsarbete till \u00f6ppet f\u00e4lts jordbruk.<\/p>\n<p>Kompostering best\u00e5r i grunden av tv\u00e5 faser:<br \/>\n\u2022 <strong>Bio-oxidering<\/strong>, vilket best\u00e5r av hygienisering av massan: detta \u00e4r den aktiva fasen (\u00e4ven k\u00e4nd som h\u00f6g takt, aktiv komposterings tid), karakteriseras av intensiva processer av nedbrytning av de organiska komponenterna, som l\u00e4tt bryts ned.<br \/>\n<strong>Eolo till\u00e5ter j\u00e4mn f\u00f6rdelning av luft i den j\u00e4sande biomassan som leder till en minskning av processtiden och s\u00e4kerst\u00e4ller en optimal niv\u00e5 f\u00f6r stabilisering.<\/strong><\/p>\n<p>\u2022 <strong>Mognaden<\/strong>, under vilken produkten stabiliserar sig sj\u00e4lv och det blir rik p\u00e5 humusmolekyler: detta \u00e4rl\u00e4knings fasen,karakteriseras av omvandling av den organiska substansen med bildandet av humus\u00e4mnen.<br \/>\n<strong>Anv\u00e4ndningen av Eolo \u00e4r n\u00f6dv\u00e4ndig f\u00f6r att f\u00f6rverkliga ett perforerat golv som till\u00e5ter luft inbl\u00e5sning f\u00f6r att g\u00f6ra processen mer effektiv.<\/strong>[\/vc_column_text][\/vc_column][\/vc_row][vc_row][vc_column][vc_separator][vc_column_text css=&#8221;.vc_custom_1633362836946{margin-bottom: 15px !important;}&#8221;]<strong>SUGGESTED PRODUCTS:<\/strong>[\/vc_column_text][vc_empty_space height=&#8221;10px&#8221;][\/vc_column][vc_column][vc_masonry_grid post_type=&#8221;ids&#8221; element_width=&#8221;3&#8243; grid_id=&#8221;vc_gid:1633362759343-0b9443b4-c739-5&#8243; include=&#8221;3291&#8243; el_class=&#8221;text-size-p&#8221;][\/vc_column][\/vc_row]<\/p>\n","protected":false},"excerpt":{"rendered":"<p>Kompostering \u00e4r en teknik, som styr, accelererar och f\u00f6rb\u00e4ttrar den naturliga processen av alla organiska \u00e4mnen p\u00e5 grund av effekten av den mikrobiella floran.<\/p>\n","protected":false},"author":1,"featured_media":60896,"parent":65451,"menu_order":0,"comment_status":"closed","ping_status":"closed","template":"","meta":[],"acf":[],"aioseo_notices":[],"_links":{"self":[{"href":"https:\/\/www.daliform.com\/sv\/wp-json\/wp\/v2\/pages\/65668"}],"collection":[{"href":"https:\/\/www.daliform.com\/sv\/wp-json\/wp\/v2\/pages"}],"about":[{"href":"https:\/\/www.daliform.com\/sv\/wp-json\/wp\/v2\/types\/page"}],"author":[{"embeddable":true,"href":"https:\/\/www.daliform.com\/sv\/wp-json\/wp\/v2\/users\/1"}],"replies":[{"embeddable":true,"href":"https:\/\/www.daliform.com\/sv\/wp-json\/wp\/v2\/comments?post=65668"}],"version-history":[{"count":0,"href":"https:\/\/www.daliform.com\/sv\/wp-json\/wp\/v2\/pages\/65668\/revisions"}],"up":[{"embeddable":true,"href":"https:\/\/www.daliform.com\/sv\/wp-json\/wp\/v2\/pages\/65451"}],"wp:featuredmedia":[{"embeddable":true,"href":"https:\/\/www.daliform.com\/sv\/wp-json\/wp\/v2\/media\/60896"}],"wp:attachment":[{"href":"https:\/\/www.daliform.com\/sv\/wp-json\/wp\/v2\/media?parent=65668"}],"curies":[{"name":"wp","href":"https:\/\/api.w.org\/{rel}","templated":true}]}}