{"id":65048,"date":"2016-05-04T08:57:52","date_gmt":"2016-05-04T06:57:52","guid":{"rendered":"https:\/\/www.daliform.com\/?page_id=65048"},"modified":"2021-10-04T14:40:44","modified_gmt":"2021-10-04T12:40:44","slug":"system-for-kompostering-och-biofiltrering","status":"publish","type":"page","link":"https:\/\/www.daliform.com\/sv\/system-for-kompostering-och-biofiltrering\/","title":{"rendered":"Eolo"},"content":{"rendered":"<p>[vc_row][vc_column width=&#8221;1\/4&#8243;][vc_single_image image=&#8221;60808&#8243; img_size=&#8221;large&#8221;][\/vc_column][vc_column width=&#8221;3\/4&#8243;][vc_column_text]<\/p>\n<h5 class=\"p1\" style=\"text-align: justify;\"><strong>Eolo<\/strong> representerar det effektiva, snabba och ekonomiska botemedletf\u00f6r f\u00f6rverkligandet av ett perforerat golv i armerad betong med h\u00f6g b\u00e4rf\u00f6rm\u00e5ga, som \u00e4ven kan n\u00e5s av tunga fordon.<\/h5>\n<p class=\"p1\" style=\"text-align: justify;\">Tack vare de vertikala asymmetriska munstyckena, som \u00e4raxiellt perforerade, kan de l\u00e4mpligen anv\u00e4ndas f\u00f6r distribution av luft i komposterings, avfallsstabiliseringssystem, luktborttagningssystem och f\u00f6r luftning i golv rummen f\u00f6r f\u00f6rvaring \/ h\u00e4rdning av livsmedelsprodukternas lagring.<\/p>\n<p>[\/vc_column_text][\/vc_column][vc_column][vc_empty_space height=&#8221;15px&#8221;][vc_column_text]<\/p>\n<p class=\"p1\" style=\"text-align: justify;\">Det \u00e4r k\u00e4nt sedan urminnes tider att lagringsluftning kr\u00e4vs f\u00f6r att undvika att det bildas fukt som leder till spridning av ost\u00f6rt m\u00f6gel och bakterier, f\u00f6rs\u00e4mrar varorna<em> (David Macaulay &#8221;den romerska staden\u201d)<\/em>.<\/p>\n<p class=\"p1\" style=\"text-align: justify;\">Eolo konstruerad med \u00e5tervunnen plast och \u00e4r milj\u00f6v\u00e4nlig, den best\u00e5r av speciella h\u00f6ga munstycken som m\u00f6jligg\u00f6r f\u00f6rverkligandet av en 6 cm h\u00f6g perforerad platta.<br \/>\nGenom Eolo elementen f\u00f6rdelas luften likformigt i luftspalten och det bl\u00e5ses sedan in i den \u00f6verliggande milj\u00f6n.<\/p>\n<p>[\/vc_column_text][\/vc_column][\/vc_row]<\/p>\n","protected":false},"excerpt":{"rendered":"<p>F\u00f6r distribution och spridning av luft i kompostering, avfall stabiliseringssystem , deodorizing system och f\u00f6rvaring av livsmedel rum.<\/p>\n","protected":false},"author":1,"featured_media":60798,"parent":0,"menu_order":26,"comment_status":"closed","ping_status":"closed","template":"template-product.php","meta":[],"acf":[],"aioseo_notices":[],"_links":{"self":[{"href":"https:\/\/www.daliform.com\/sv\/wp-json\/wp\/v2\/pages\/65048"}],"collection":[{"href":"https:\/\/www.daliform.com\/sv\/wp-json\/wp\/v2\/pages"}],"about":[{"href":"https:\/\/www.daliform.com\/sv\/wp-json\/wp\/v2\/types\/page"}],"author":[{"embeddable":true,"href":"https:\/\/www.daliform.com\/sv\/wp-json\/wp\/v2\/users\/1"}],"replies":[{"embeddable":true,"href":"https:\/\/www.daliform.com\/sv\/wp-json\/wp\/v2\/comments?post=65048"}],"version-history":[{"count":0,"href":"https:\/\/www.daliform.com\/sv\/wp-json\/wp\/v2\/pages\/65048\/revisions"}],"wp:featuredmedia":[{"embeddable":true,"href":"https:\/\/www.daliform.com\/sv\/wp-json\/wp\/v2\/media\/60798"}],"wp:attachment":[{"href":"https:\/\/www.daliform.com\/sv\/wp-json\/wp\/v2\/media?parent=65048"}],"curies":[{"name":"wp","href":"https:\/\/api.w.org\/{rel}","templated":true}]}}