{"id":64951,"date":"2016-05-17T17:12:52","date_gmt":"2016-05-17T15:12:52","guid":{"rendered":"https:\/\/www.daliform.com\/?page_id=64951"},"modified":"2022-03-04T14:54:50","modified_gmt":"2022-03-04T13:54:50","slug":"mantell-for-ljud-isolering","status":"publish","type":"page","link":"https:\/\/www.daliform.com\/sv\/mantell-for-ljud-isolering\/","title":{"rendered":"U-Boot\u00ae Silence"},"content":{"rendered":"<p>[vc_row][vc_column width=&#8221;1\/3&#8243;][vc_single_image image=&#8221;60651&#8243; img_size=&#8221;large&#8221; alignment=&#8221;center&#8221;][\/vc_column][vc_column width=&#8221;2\/3&#8243;][vc_column_text]<\/p>\n<h5 style=\"text-align: justify;\"><strong>U-Boot\u00ae Silence \u00e4r ljudisolerings manteln s\u00e4rskilt utformad f\u00f6r att anv\u00e4ndas p\u00e5 plattor l\u00e4ttade med U-Boot\u00ae Beton-systemet, som &#8221;tystnad&#8221; f\u00f6r alltid de irriterande buller och genom p\u00e5verkan. <\/strong><\/h5>\n<p style=\"text-align: justify;\">Appliceringen av U-Boot\u00ae Silence p\u00e5 dessa l\u00e4ttade plattor ger utm\u00e4rkt isolerings prestanda genom att <strong>placera byggnaden i Klass I (UNI 11367:2010)<\/strong> f\u00f6r de luftburna bullret och p\u00e5verkan.<\/p>\n<p>[\/vc_column_text][\/vc_column][vc_column][vc_column_text]<\/p>\n<p style=\"text-align: justify;\">P\u00e5 senare \u00e5r har medvetenheten om hem komfort blivit allt vanligare. Utvecklare och slutanv\u00e4ndare kr\u00e4ver enast\u00e5ende prestanda och kvalitetsegenskaper, l\u00e4mpliga f\u00f6r deras f\u00f6rv\u00e4ntningar och efterfr\u00e5gan p\u00e5 specifika garantier fr\u00e5n tillverkaren och designern.<\/p>\n<p>\u00c4ven i fr\u00e5gan om energisparande har stormsteg gjorts under de senaste \u00e5ren, \u00e4r problemet med akustiska komfort fortfarande underskattad. Nya studier har ocks\u00e5 visat att m\u00e4nniskor som bor i omr\u00e5den som inte \u00e4r tillr\u00e4ckligt isolerade akustikm\u00e4ssigt, har sv\u00e5rt att sova, irritation och minskad produktivitet p\u00e5 arbetet.<br \/>\nAv dessa sk\u00e4l kan bristande efterlevnad av minimi ljudisolering prestanda \u00e4ventyra sj\u00e4lva certifikatets giltighetstid f\u00f6r beboelighet och producera en avsev\u00e4rd f\u00f6rlust av fastighetsv\u00e4rdet.[\/vc_column_text][\/vc_column][\/vc_row]<\/p>\n","protected":false},"excerpt":{"rendered":"<p>U-Boot\u00ae Silence \u00e4r ljudisolerings manteln s\u00e4rskilt utformad f\u00f6r att anv\u00e4ndas p\u00e5 plattor l\u00e4ttade med U-Boot\u00ae Beton-systemet.<\/p>\n","protected":false},"author":1,"featured_media":60635,"parent":0,"menu_order":25,"comment_status":"closed","ping_status":"closed","template":"template-product.php","meta":[],"acf":[],"aioseo_notices":[],"_links":{"self":[{"href":"https:\/\/www.daliform.com\/sv\/wp-json\/wp\/v2\/pages\/64951"}],"collection":[{"href":"https:\/\/www.daliform.com\/sv\/wp-json\/wp\/v2\/pages"}],"about":[{"href":"https:\/\/www.daliform.com\/sv\/wp-json\/wp\/v2\/types\/page"}],"author":[{"embeddable":true,"href":"https:\/\/www.daliform.com\/sv\/wp-json\/wp\/v2\/users\/1"}],"replies":[{"embeddable":true,"href":"https:\/\/www.daliform.com\/sv\/wp-json\/wp\/v2\/comments?post=64951"}],"version-history":[{"count":0,"href":"https:\/\/www.daliform.com\/sv\/wp-json\/wp\/v2\/pages\/64951\/revisions"}],"wp:featuredmedia":[{"embeddable":true,"href":"https:\/\/www.daliform.com\/sv\/wp-json\/wp\/v2\/media\/60635"}],"wp:attachment":[{"href":"https:\/\/www.daliform.com\/sv\/wp-json\/wp\/v2\/media?parent=64951"}],"curies":[{"name":"wp","href":"https:\/\/api.w.org\/{rel}","templated":true}]}}