{"id":61786,"date":"2016-05-18T17:06:54","date_gmt":"2016-05-18T15:06:54","guid":{"rendered":"https:\/\/www.daliform.com\/?page_id=61786"},"modified":"2022-11-08T11:44:29","modified_gmt":"2022-11-08T10:44:29","slug":"engangsform-for-lattare-dubbelspanda-latta-dack","status":"publish","type":"page","link":"https:\/\/www.daliform.com\/sv\/engangsform-for-lattare-dubbelspanda-latta-dack\/","title":{"rendered":"U-Boot\u00ae Beton"},"content":{"rendered":"<p>[vc_row][vc_column width=&#8221;1\/4&#8243;][vc_single_image image=&#8221;55855&#8243; img_size=&#8221;large&#8221;][\/vc_column][vc_column width=&#8221;3\/4&#8243;][vc_column_text]<\/p>\n<h6 style=\"text-align: justify;\"><strong>U-Boot\u00ae Beton \u00e4r en \u00e5tervunnen polypropylen forms\u00e4ttning som har utformats f\u00f6r att skapa l\u00e4ttade plattor och flottar.<\/strong><\/h6>\n<p style=\"text-align: justify;\">Anv\u00e4ndningen av U-Boot\u00ae Beton forms\u00e4ttning g\u00f6r det m\u00f6jligt att skapa svamp pelare, med m\u00f6jlighet att ha svamp i tjockleken av plattan.<\/p>\n<p style=\"text-align: justify;\">Tack vare den koniska hissfoten, framv\u00e4xt av U-Boot\u00ae Beton forms\u00e4ttningarna i betonggjutning kommer att skapa ett rutn\u00e4t av \u00f6msesidigt vinkelr\u00e4ta balkar st\u00e4ngda fr\u00e5n botten och toppen av en plan platta som skapas med en enda gjutning, detta resulterar i en betydande minskning av anv\u00e4ndningen av betong och st\u00e5l.<\/p>\n<p>[\/vc_column_text][\/vc_column][vc_column][vc_empty_space height=&#8221;20px&#8221;][vc_column_text]U-Boot\u00ae Beton anv\u00e4nds f\u00f6r att skapa plattor med stor sp\u00e4nnvidd, eller som kan st\u00f6dja stora belastningar utan balkar.<br \/>\nL\u00e4tt, snabb och l\u00e4ttplacerad tack vare sin modul kan konstrukt\u00f6ren variera de geometriska parametrar som beh\u00f6vs f\u00f6r att anpassa sig till alla situationer med stor arkitektonisk frihet.[\/vc_column_text][\/vc_column][\/vc_row]<\/p>\n","protected":false},"excerpt":{"rendered":"<p>U-Boot\u00ae Beton f\u00f6r att skapa l\u00e4ttade plattor och flottar. Eng\u00e5ngsform f\u00f6r l\u00e4ttade enriktnings strukturer i armerad betong gjuten p\u00e5 plats. <\/p>\n","protected":false},"author":1,"featured_media":55865,"parent":0,"menu_order":21,"comment_status":"closed","ping_status":"closed","template":"template-product.php","meta":[],"acf":[],"aioseo_notices":[],"_links":{"self":[{"href":"https:\/\/www.daliform.com\/sv\/wp-json\/wp\/v2\/pages\/61786"}],"collection":[{"href":"https:\/\/www.daliform.com\/sv\/wp-json\/wp\/v2\/pages"}],"about":[{"href":"https:\/\/www.daliform.com\/sv\/wp-json\/wp\/v2\/types\/page"}],"author":[{"embeddable":true,"href":"https:\/\/www.daliform.com\/sv\/wp-json\/wp\/v2\/users\/1"}],"replies":[{"embeddable":true,"href":"https:\/\/www.daliform.com\/sv\/wp-json\/wp\/v2\/comments?post=61786"}],"version-history":[{"count":1,"href":"https:\/\/www.daliform.com\/sv\/wp-json\/wp\/v2\/pages\/61786\/revisions"}],"predecessor-version":[{"id":109170,"href":"https:\/\/www.daliform.com\/sv\/wp-json\/wp\/v2\/pages\/61786\/revisions\/109170"}],"wp:featuredmedia":[{"embeddable":true,"href":"https:\/\/www.daliform.com\/sv\/wp-json\/wp\/v2\/media\/55865"}],"wp:attachment":[{"href":"https:\/\/www.daliform.com\/sv\/wp-json\/wp\/v2\/media?parent=61786"}],"curies":[{"name":"wp","href":"https:\/\/api.w.org\/{rel}","templated":true}]}}