{"id":60656,"date":"2016-05-17T07:59:55","date_gmt":"2016-05-17T05:59:55","guid":{"rendered":"https:\/\/www.daliform.com\/?page_id=60656"},"modified":"2022-04-13T14:54:15","modified_gmt":"2022-04-13T12:54:15","slug":"vagg-formsattningar","status":"publish","type":"page","link":"https:\/\/www.daliform.com\/sv\/vagg-formsattningar\/","title":{"rendered":"V\u00e4gg forms\u00e4ttningar"},"content":{"rendered":"<p>[vc_row][vc_column width=&#8221;1\/4&#8243;][vc_single_image image=&#8221;60601&#8243; img_size=&#8221;full&#8221; alignment=&#8221;center&#8221;][\/vc_column][vc_column width=&#8221;3\/4&#8243;][vc_column_text]<\/p>\n<h5 style=\"text-align: justify;\"><strong>Cassaforma Muro (V\u00e4gg forms\u00e4ttningar) var designat f\u00f6r ett alternativt s\u00e4tt till tr\u00e4forms gjutning, som till\u00e5ter gjuta v\u00e4ggar p\u00e5 en h\u00f6jd, v\u00e4nda balkar och grunder, drastiskt minska tiden f\u00f6r att skapa den grund som till\u00e5ter gjutning av v\u00e4ggar p\u00e5 en h\u00f6jd, v\u00e4nda balkar och grunder, drastiskt minska tiden f\u00f6r att skapa grunden.<\/strong><\/h5>\n<p style=\"text-align: justify;\">Denna eng\u00e5ngsform best\u00e5r av en kombination av r\u00f6r, paneler, kragar och byglar alla gjorda av polypropylen.<\/p>\n<p>[\/vc_column_text][\/vc_column][vc_column][vc_empty_space height=&#8221;15px&#8221;][vc_column_text]I kombination med Atlantis-systemet, g\u00f6r V\u00e4gg forms\u00e4ttningen det m\u00f6jligt att skapa grunder och plattor, som optimerar och snabbar upp arbetet p\u00e5 byggplatsen, med betydande ekonomiska konsekvenser.<br \/>\nAv denna anledning \u00e4r detta system \u00e4r mycket uppskattat f\u00f6r skapandet av uppsamling och \/ eller spridningstankar, som alltid beh\u00f6vs i olika konstruktionssammanhang.<br \/>\nP\u00e5 grund av sin enkla och snabba positionering, \u00e4r det ocks\u00e5 perfekt f\u00f6r att skapa ribbade flottar, d\u00e4r de tomma utrymmena mellan balkarna fylls av Atlantis Systemforms\u00e4ttningar.[\/vc_column_text][\/vc_column][\/vc_row]<\/p>\n","protected":false},"excerpt":{"rendered":"<p>V\u00e4gg forms\u00e4ttningar som till\u00e5ter gjuta v\u00e4ggar p\u00e5 en h\u00f6jd, v\u00e4nda balkar och grunder,  drastiskt minska tiden f\u00f6r att skapa grunden.<\/p>\n","protected":false},"author":1,"featured_media":51519,"parent":0,"menu_order":20,"comment_status":"closed","ping_status":"closed","template":"template-product.php","meta":[],"acf":[],"aioseo_notices":[],"_links":{"self":[{"href":"https:\/\/www.daliform.com\/sv\/wp-json\/wp\/v2\/pages\/60656"}],"collection":[{"href":"https:\/\/www.daliform.com\/sv\/wp-json\/wp\/v2\/pages"}],"about":[{"href":"https:\/\/www.daliform.com\/sv\/wp-json\/wp\/v2\/types\/page"}],"author":[{"embeddable":true,"href":"https:\/\/www.daliform.com\/sv\/wp-json\/wp\/v2\/users\/1"}],"replies":[{"embeddable":true,"href":"https:\/\/www.daliform.com\/sv\/wp-json\/wp\/v2\/comments?post=60656"}],"version-history":[{"count":0,"href":"https:\/\/www.daliform.com\/sv\/wp-json\/wp\/v2\/pages\/60656\/revisions"}],"wp:featuredmedia":[{"embeddable":true,"href":"https:\/\/www.daliform.com\/sv\/wp-json\/wp\/v2\/media\/51519"}],"wp:attachment":[{"href":"https:\/\/www.daliform.com\/sv\/wp-json\/wp\/v2\/media?parent=60656"}],"curies":[{"name":"wp","href":"https:\/\/api.w.org\/{rel}","templated":true}]}}