{"id":49815,"date":"2016-05-27T15:51:51","date_gmt":"2016-05-27T13:51:51","guid":{"rendered":"https:\/\/www.daliform.com\/sistema-atlantis\/applicering-sistema-atlantis\/anti-rot-halrum\/"},"modified":"2021-09-13T14:49:04","modified_gmt":"2021-09-13T12:49:04","slug":"anti-rot-halrum","status":"publish","type":"page","link":"https:\/\/www.daliform.com\/sv\/sistema-atlantis-ventilerade-golvhalrum\/applicering-sistema-atlantis\/anti-rot-halrum\/","title":{"rendered":"Anti-rot h\u00e5lrum"},"content":{"rendered":"<p>[vc_row padding_top=&#8221;0&#8243; padding_bottom=&#8221;0&#8243;][vc_column]\n\t<div class=\"custom-heading wpb_content_element  heading-medium\">\n\t\t<h2 class=\"heading-title\" >Genom att skapa en h\u00e5lighet med Iglu'\u00ae eller med Atlantis-systemet runt tr\u00e4d, under v\u00e4gbel\u00e4ggningen, f\u00f6rhindras r\u00f6tterna fr\u00e5n att bryta eller bryta upp det \u00f6verliggande trottoaren.<\/h2>\n\t\t<span class=\"heading-line primary\"><\/span>\n\t<\/div>[\/vc_column][\/vc_row][vc_row][vc_column width=&#8221;1\/2&#8243;][vc_masonry_media_grid element_width=&#8221;6&#8243; grid_id=&#8221;vc_gid:1627986227821-ac8d7061-78bb-8&#8243; include=&#8221;37830,37840,37850,37860&#8243;][\/vc_column][vc_column width=&#8221;1\/2&#8243;][vc_column_text css=&#8221;.vc_custom_1594369666697{margin-bottom: 35px !important;}&#8221;]<\/p>\n<h5 style=\"text-align: justify;\">Genom att skapa h\u00e5lrum med Atlantis system and Igl\u00f9\u00ae runt tr\u00e4den nedanf\u00f6r gatuniv\u00e5n, blir tr\u00e4det &#8221;lurat&#8221;; r\u00f6tterna, i sj\u00e4lva verket kommer att n\u00e5 luftlager och sedan f\u00f6ljer en horisontell v\u00e4g utan att bryta eller skada den \u00f6verliggande trottoaren.<\/h5>\n<p style=\"text-align: justify;\">Stads gr\u00f6nska har blivit en oumb\u00e4rlig del f\u00f6r att f\u00f6rb\u00e4ttra livskvaliteten och g\u00f6ra st\u00e4derna mer levande och f\u00e4rgstarka. Id\u00e9n att skapa en stads tr\u00e4dg\u00e5rd utvecklades n\u00e4stan 200 \u00e5r sedan, och i Italien \u00e4r trenden att skapa parker, stads skog och &#8221;gr\u00f6na b\u00e4lten&#8221;. Ofta \u00e4r dock det gr\u00f6na helt enkelt intill sidan av v\u00e4gar, p\u00e5 trottoarer och cykelv\u00e4gar. Underh\u00e5llsarbete m\u00e5ste utf\u00f6ras regelbundet som tr\u00e4dr\u00f6tter lyfter upp trottoaren tills de g\u00e5r igenom och sedan g\u00e5r tillbaka under jorden, efter en horisontell v\u00e4g. Igl\u00f9\u00ae systemet kan eliminera dessa problem.<\/p>\n<p>[\/vc_column_text][\/vc_column][\/vc_row][vc_row row_type=&#8221;row_full_center_content&#8221; bg_color=&#8221;#f2f2f2&#8243;][vc_column][vc_column_text]<\/p>\n<p style=\"text-align: justify;\"><strong>F\u00f6rdelar:<\/strong><br \/>\n\u2022 Det finns inga underh\u00e5llskostnader f\u00f6r trottoaren \/ cykelv\u00e4gen.<br \/>\n\u2022 St\u00f6rre &#8221;tillfredsst\u00e4llelse&#8221; f\u00f6r inv\u00e5nare som inte kommer att beh\u00f6va klaga p\u00e5 skadade trottoarer.<br \/>\n\u2022 F\u00e4rre olyckor med \u00e4ldre eller personer med begr\u00e4nsad motorik.<br \/>\n\u2022 Avv\u00e4gning med att spara pengar i inert material.<\/p>\n<p>[\/vc_column_text][\/vc_column][\/vc_row][vc_row][vc_column][vc_separator][vc_column_text css=&#8221;.vc_custom_1592297006811{margin-bottom: 15px !important;}&#8221;]<strong>F\u00d6RSLAGNA PRODUKTER:<\/strong>[\/vc_column_text][vc_empty_space height=&#8221;10px&#8221;][\/vc_column][vc_column][vc_masonry_grid post_type=&#8221;ids&#8221; element_width=&#8221;3&#8243; grid_id=&#8221;vc_gid:1627986227823-e9c34ef3-a323-7&#8243; include=&#8221;1034, 4579&#8243; el_class=&#8221;text-size-p&#8221;][\/vc_column][\/vc_row]<\/p>\n","protected":false},"excerpt":{"rendered":"<p>Tr\u00e4d och buskar i n\u00e4rheten av v\u00e4garna v\u00e4xa fritt, utan att orsaka farliga deformationer och lift p\u00e5 v\u00e4gbanan.<\/p>\n","protected":false},"author":1,"featured_media":57874,"parent":49214,"menu_order":3,"comment_status":"closed","ping_status":"closed","template":"","meta":[],"acf":[],"aioseo_notices":[],"_links":{"self":[{"href":"https:\/\/www.daliform.com\/sv\/wp-json\/wp\/v2\/pages\/49815"}],"collection":[{"href":"https:\/\/www.daliform.com\/sv\/wp-json\/wp\/v2\/pages"}],"about":[{"href":"https:\/\/www.daliform.com\/sv\/wp-json\/wp\/v2\/types\/page"}],"author":[{"embeddable":true,"href":"https:\/\/www.daliform.com\/sv\/wp-json\/wp\/v2\/users\/1"}],"replies":[{"embeddable":true,"href":"https:\/\/www.daliform.com\/sv\/wp-json\/wp\/v2\/comments?post=49815"}],"version-history":[{"count":0,"href":"https:\/\/www.daliform.com\/sv\/wp-json\/wp\/v2\/pages\/49815\/revisions"}],"up":[{"embeddable":true,"href":"https:\/\/www.daliform.com\/sv\/wp-json\/wp\/v2\/pages\/49214"}],"wp:featuredmedia":[{"embeddable":true,"href":"https:\/\/www.daliform.com\/sv\/wp-json\/wp\/v2\/media\/57874"}],"wp:attachment":[{"href":"https:\/\/www.daliform.com\/sv\/wp-json\/wp\/v2\/media?parent=49815"}],"curies":[{"name":"wp","href":"https:\/\/api.w.org\/{rel}","templated":true}]}}