{"id":49773,"date":"2016-05-26T15:50:05","date_gmt":"2016-05-26T13:50:05","guid":{"rendered":"https:\/\/www.daliform.com\/sistema-atlantis\/applicering-sistema-atlantis\/formsattnings-flotte\/"},"modified":"2021-09-13T14:40:41","modified_gmt":"2021-09-13T12:40:41","slug":"formsattnings-flotte","status":"publish","type":"page","link":"https:\/\/www.daliform.com\/sv\/sistema-atlantis-ventilerade-golvhalrum\/applicering-sistema-atlantis\/formsattnings-flotte\/","title":{"rendered":"Forms\u00e4ttnings flotte"},"content":{"rendered":"<p>[vc_row padding_top=&#8221;0&#8243; padding_bottom=&#8221;0&#8243;][vc_column]\n\t<div class=\"custom-heading wpb_content_element  heading-medium\">\n\t\t<h2 class=\"heading-title\" >Med Atlantis System \u00e4r det m\u00f6jligt att skapa mycket styva fundament (l\u00e5da) till l\u00e5ga kostnader.<\/h2>\n\t\t<span class=\"heading-line primary\"><\/span>\n\t<\/div>[\/vc_column][\/vc_row][vc_row][vc_column width=&#8221;1\/2&#8243;][vc_single_image image=&#8221;37808&#8243; img_size=&#8221;full&#8221;][\/vc_column][vc_column width=&#8221;1\/2&#8243;][vc_column_text css=&#8221;.vc_custom_1594368940386{margin-bottom: 25px !important;}&#8221;]<\/p>\n<h5 style=\"text-align: justify;\"><strong>Tack vare Igl\u00f9\u00ae eller Atlantis forms\u00e4ttningar fr\u00e5n Daliform Group, i f\u00f6rbund med L-Plast paneler eller Muro forms\u00e4ttningar, \u00e4r det m\u00f6jligt att fullborda flotte strukturen i endast tv\u00e5 faser, som i gjutning av den undre plattan p\u00e5 vilken Daliform Group produkter \u00e4r positionerade och sedan gjutning av balkar och kompressionsplattan samtidigt.<\/strong> Detta g\u00f6r det m\u00f6jligt att skapa extremt styva fundament till en begr\u00e4nsad kostnad.<\/h5>\n<p style=\"text-align: justify;\">Den huvudsakliga funktionen av grunden, s\u00e5som den som f\u00f6resl\u00e5s av Atlantis Systemet \u00e4r att f\u00f6rdela lasterna fr\u00e5n pelare, plattor och v\u00e4ggar till marken och samtidigt f\u00f6rankra byggnaden till marken, som garanterar dess stabilitet. I vissa fall omAtlantis Systemalltid anv\u00e4nds, kan grundp\u00e5lar elimineras, som i st\u00e4llet skulle vara n\u00f6dv\u00e4ndiga med andra konstruktionsl\u00f6sningar.<\/p>\n<p>[\/vc_column_text][\/vc_column][vc_column][vc_empty_space height=&#8221;20px&#8221;][vc_column_text css=&#8221;.vc_custom_1594368933242{margin-bottom: 25px !important;}&#8221;]<\/p>\n<p style=\"text-align: justify;\">Syftet med grundkonstruktioner \u00e4r att minimera uppskjuten deformation p\u00e5 grund av oegentligheter i marken och asymmetriska belastningar f\u00f6r att s\u00e4kerst\u00e4lla byggnadens stabilitet. Det \u00e4r de tv\u00e5 sistn\u00e4mnda aspekterna som representerar den verkliga faran f\u00f6r integriteten av grunden och den \u00f6verliggande strukturen. N\u00e4r ni har fastst\u00e4llt vilken typ av fundament som \u00e4r b\u00e4st l\u00e4mpad f\u00f6r att f\u00f6rdela laster i marken, baserat p\u00e5 egenskaperna hos byggnaden och marken, g\u00e5r problemet fr\u00e5n att vara tekniskt till ekonomiskt, och d\u00e4rf\u00f6r m\u00e5ste den mest ekonomiska l\u00f6sningen identifieras f\u00f6r att genomf\u00f6ra vald l\u00f6sning.<br \/>\nEn l\u00f6sning p\u00e5 detta problem, utan att \u00e4ndra typen av struktur, \u00e4r att skapa en l\u00e5d flotte (eller forms\u00e4ttning). Detta f\u00e5r en bikakestruktur som best\u00e5r av tv\u00e5 plana plattor som f\u00f6rbinds med varandra genom vinkelr\u00e4ta balkar: nedre och \u00f6vre plattor med en tjocklek p\u00e5 15-20 cm med anslutnings balkar med en h\u00f6jd av 70-120 cm placerade till ett r\u00f6rligt centrumavst\u00e5nd beroende p\u00e5 statiska krav Tack vare Igl\u00f9\u00ae eller Atlantis forms\u00e4ttningar fr\u00e5n Daliform Group, i f\u00f6rbund med L-Plast paneler eller Muro forms\u00e4ttningar, \u00e4r det m\u00f6jligt att fullborda flotte strukturen i endast tv\u00e5 faser, som i gjutning av den undre plattan p\u00e5 vilken Daliform Group produkter \u00e4r positionerade och sedan gjutning av balkar och kompressionsplattan samtidigt. Detta g\u00f6r det m\u00f6jligt att skapa extremt styva fundament till en begr\u00e4nsad kostnad.<\/p>\n<p>[\/vc_column_text][\/vc_column][\/vc_row][vc_row][vc_column][vc_separator][vc_column_text css=&#8221;.vc_custom_1592297006811{margin-bottom: 15px !important;}&#8221;]<strong>F\u00d6RSLAGNA PRODUKTER:<\/strong>[\/vc_column_text][vc_empty_space height=&#8221;10px&#8221;][\/vc_column][vc_column][vc_masonry_grid post_type=&#8221;ids&#8221; element_width=&#8221;3&#8243; grid_id=&#8221;vc_gid:1627985728897-b0e7b1fa-8089-6&#8243; include=&#8221;1034, 4579&#8243; el_class=&#8221;text-size-p&#8221;][\/vc_column][\/vc_row]<\/p>\n","protected":false},"excerpt":{"rendered":"<p>Iglu&#8217;\u00ae eller Atlantis forms\u00e4ttningar med L-Plast paneler eller Muro forms\u00e4ttningar, \u00e4r det m\u00f6jligt att fullborda flotte strukturen i endast tv\u00e5 faser.<\/p>\n","protected":false},"author":1,"featured_media":57863,"parent":49214,"menu_order":2,"comment_status":"closed","ping_status":"closed","template":"","meta":[],"acf":[],"aioseo_notices":[],"_links":{"self":[{"href":"https:\/\/www.daliform.com\/sv\/wp-json\/wp\/v2\/pages\/49773"}],"collection":[{"href":"https:\/\/www.daliform.com\/sv\/wp-json\/wp\/v2\/pages"}],"about":[{"href":"https:\/\/www.daliform.com\/sv\/wp-json\/wp\/v2\/types\/page"}],"author":[{"embeddable":true,"href":"https:\/\/www.daliform.com\/sv\/wp-json\/wp\/v2\/users\/1"}],"replies":[{"embeddable":true,"href":"https:\/\/www.daliform.com\/sv\/wp-json\/wp\/v2\/comments?post=49773"}],"version-history":[{"count":0,"href":"https:\/\/www.daliform.com\/sv\/wp-json\/wp\/v2\/pages\/49773\/revisions"}],"up":[{"embeddable":true,"href":"https:\/\/www.daliform.com\/sv\/wp-json\/wp\/v2\/pages\/49214"}],"wp:featuredmedia":[{"embeddable":true,"href":"https:\/\/www.daliform.com\/sv\/wp-json\/wp\/v2\/media\/57863"}],"wp:attachment":[{"href":"https:\/\/www.daliform.com\/sv\/wp-json\/wp\/v2\/media?parent=49773"}],"curies":[{"name":"wp","href":"https:\/\/api.w.org\/{rel}","templated":true}]}}