{"id":49666,"date":"2016-05-26T15:51:46","date_gmt":"2016-05-26T13:51:46","guid":{"rendered":"https:\/\/www.daliform.com\/sistema-atlantis\/applicering-sistema-atlantis\/djup-flernivas-grunder\/"},"modified":"2021-09-13T14:29:04","modified_gmt":"2021-09-13T12:29:04","slug":"djup-flernivas-grunder","status":"publish","type":"page","link":"https:\/\/www.daliform.com\/sv\/sistema-atlantis-ventilerade-golvhalrum\/applicering-sistema-atlantis\/djup-flernivas-grunder\/","title":{"rendered":"Djup, flerniv\u00e5s grunder"},"content":{"rendered":"<p>[vc_row padding_top=&#8221;0&#8243; padding_bottom=&#8221;0&#8243;][vc_column]\n\t<div class=\"custom-heading wpb_content_element  heading-medium\">\n\t\t<h2 class=\"heading-title\" >Atlantis System g\u00f6r det m\u00f6jligt att justera h\u00f6jden p\u00e5 hissr\u00f6ren inom en centimeter, som kan levereras i olika m\u00e4tningar.<\/h2>\n\t\t<span class=\"heading-line primary\"><\/span>\n\t<\/div>[\/vc_column][\/vc_row][vc_row][vc_column width=&#8221;1\/2&#8243;][vc_single_image image=&#8221;37786&#8243; img_size=&#8221;full&#8221;][\/vc_column][vc_column width=&#8221;1\/2&#8243;][vc_column_text css=&#8221;.vc_custom_1594212135729{margin-bottom: 25px !important;}&#8221;]<\/p>\n<h5 style=\"text-align: justify;\">Atlantis Systemet g\u00f6r det m\u00f6jligt attjustera h\u00f6jden p\u00e5 hissr\u00f6ren inom en centimeter, som kan levereras i olika m\u00e4tningar. Detta g\u00f6r det l\u00e4tt att snabbt skapa strukturer till en l\u00e5g kostnad som kr\u00e4ver variabla h\u00f6jder s\u00e5som sluttande ramper, plattor och flerniv\u00e5s plattor.<\/h5>\n<p style=\"text-align: justify;\">Normalt sett skapas plattor p\u00e5 samma h\u00f6jd fr\u00e5n grund vikarna som finns p\u00e5 olika niv\u00e5er (ett klassiskt exempel \u00e4r &#8221;omv\u00e4nda T&#8221; balkar eller en isolerad grund sockel), g\u00f6r Atlantis Systemet det m\u00f6jligt att enkelt skapa dessa strukturer utan att beh\u00f6va avbryta den vanliga placeringen av forms\u00e4ttningarna. Det beskrivna systemet, om det kombineras med Muro forms\u00e4ttningens tillbeh\u00f6r, minskar dessutom tid f\u00f6r genomf\u00f6rande.<\/p>\n<p>[\/vc_column_text][\/vc_column][\/vc_row][vc_row][vc_column][vc_separator][vc_column_text css=&#8221;.vc_custom_1592297006811{margin-bottom: 15px !important;}&#8221;]<strong>F\u00d6RSLAGNA PRODUKTER:<\/strong>[\/vc_column_text][vc_empty_space height=&#8221;10px&#8221;][\/vc_column][vc_column][vc_masonry_grid post_type=&#8221;ids&#8221; element_width=&#8221;3&#8243; grid_id=&#8221;vc_gid:1627985330000-7894ba51-ea60-5&#8243; include=&#8221;1034, 4579&#8243; el_class=&#8221;text-size-p&#8221;][\/vc_column][\/vc_row]<\/p>\n","protected":false},"excerpt":{"rendered":"<p>Detta g\u00f6r det l\u00e4tt att snabbt skapa strukturer till en l\u00e5g kostnad som kr\u00e4ver variabla h\u00f6jder s\u00e5som sluttande ramper, plattor och flerniv\u00e5s plattor. <\/p>\n","protected":false},"author":1,"featured_media":57852,"parent":49214,"menu_order":1,"comment_status":"closed","ping_status":"closed","template":"","meta":[],"acf":[],"aioseo_notices":[],"_links":{"self":[{"href":"https:\/\/www.daliform.com\/sv\/wp-json\/wp\/v2\/pages\/49666"}],"collection":[{"href":"https:\/\/www.daliform.com\/sv\/wp-json\/wp\/v2\/pages"}],"about":[{"href":"https:\/\/www.daliform.com\/sv\/wp-json\/wp\/v2\/types\/page"}],"author":[{"embeddable":true,"href":"https:\/\/www.daliform.com\/sv\/wp-json\/wp\/v2\/users\/1"}],"replies":[{"embeddable":true,"href":"https:\/\/www.daliform.com\/sv\/wp-json\/wp\/v2\/comments?post=49666"}],"version-history":[{"count":0,"href":"https:\/\/www.daliform.com\/sv\/wp-json\/wp\/v2\/pages\/49666\/revisions"}],"up":[{"embeddable":true,"href":"https:\/\/www.daliform.com\/sv\/wp-json\/wp\/v2\/pages\/49214"}],"wp:featuredmedia":[{"embeddable":true,"href":"https:\/\/www.daliform.com\/sv\/wp-json\/wp\/v2\/media\/57852"}],"wp:attachment":[{"href":"https:\/\/www.daliform.com\/sv\/wp-json\/wp\/v2\/media?parent=49666"}],"curies":[{"name":"wp","href":"https:\/\/api.w.org\/{rel}","templated":true}]}}