{"id":49340,"date":"2016-04-13T16:53:49","date_gmt":"2016-04-13T14:53:49","guid":{"rendered":"https:\/\/www.daliform.com\/sistema-atlantis\/applicering-sistema-atlantis\/tilltrades-ramper\/"},"modified":"2021-09-13T12:00:52","modified_gmt":"2021-09-13T10:00:52","slug":"tilltrades-ramper","status":"publish","type":"page","link":"https:\/\/www.daliform.com\/sv\/sistema-atlantis-ventilerade-golvhalrum\/applicering-sistema-atlantis\/tilltrades-ramper\/","title":{"rendered":"Tilltr\u00e4des ramper"},"content":{"rendered":"<p>[vc_row padding_top=&#8221;0&#8243; padding_bottom=&#8221;0&#8243;][vc_column]\n\t<div class=\"custom-heading wpb_content_element  heading-medium\">\n\t\t<h2 class=\"heading-title\" >Atlantis Systemet g\u00f6r det m\u00f6jligt attjustera h\u00f6jden p\u00e5 hissr\u00f6ren inom en centimeter, som kan levereras i olika m\u00e4tningar. Detta g\u00f6r det l\u00e4tt att snabbt skapa strukturer till en l\u00e5g kostnad som kr\u00e4ver variabla h\u00f6jder s\u00e5som sluttande ramper, plattor och flerniv\u00e5s plattor.<\/h2>\n\t\t<span class=\"heading-line primary\"><\/span>\n\t<\/div>[\/vc_column][\/vc_row][vc_row][vc_column width=&#8221;1\/2&#8243;][vc_masonry_media_grid grid_id=&#8221;vc_gid:1627984732730-6ac9d718-f27c-0&#8243; include=&#8221;37672,37682,37692,37702,37712,37722,37732,37742,37662&#8243;][\/vc_column][vc_column width=&#8221;1\/2&#8243;][vc_column_text]<\/p>\n<h5 style=\"text-align: justify;\"><strong>Atlantis Systemet g\u00f6r det m\u00f6jligt att snabbt skapa rramper f\u00f6r tillg\u00e5ng till underjords strukturer, med betydande besparingar i materialanv\u00e4ndning.<\/strong><\/h5>\n<p style=\"text-align: justify;\">I sj\u00e4lva verket, i st\u00e4llet f\u00f6r att anv\u00e4nda material som sand, grus eller betong, \u00e4r det m\u00f6jligt att skapa en grund f\u00f6r rampen som har samma h\u00f6jd p\u00e5 den intilliggande strukturen (parkering) och skapa ett utrymme med en lutande bil tillg\u00e4nglig platta p\u00e5 toppen. Atlantis Systemet kan \u00e4ven anv\u00e4ndas f\u00f6r b\u00e5gade ramper.<\/p>\n<p>Daliform Group tekniker finns tillg\u00e4ngliga f\u00f6r dig att hj\u00e4lpa dig att designa dina undergolvs h\u00e5lrum, och p\u00e5 beg\u00e4ran kan skr\u00e4ddarsydda studier med ber\u00e4kningarna och exekutiva ritningar ges.[\/vc_column_text][\/vc_column][\/vc_row][vc_row][vc_column][vc_separator][vc_column_text css=&#8221;.vc_custom_1592297006811{margin-bottom: 15px !important;}&#8221;]<strong>REKOMMENDERADE PRODUKTER:<\/strong>[\/vc_column_text][vc_empty_space height=&#8221;10px&#8221;][\/vc_column][vc_column][vc_masonry_grid post_type=&#8221;ids&#8221; show_filter=&#8221;yes&#8221; element_width=&#8221;3&#8243; grid_id=&#8221;vc_gid:1627984732732-84822b3c-6b3a-4&#8243; include=&#8221;1034, 4579&#8243; el_class=&#8221;text-size-p&#8221; filter_source=&#8221;category&#8221;][\/vc_column][\/vc_row]<\/p>\n","protected":false},"excerpt":{"rendered":"<p>Atlantis Systemet g\u00f6r det m\u00f6jligt att snabbt skapa rramper f\u00f6r tillg\u00e5ng till underjords strukturer, med betydande besparingar i materialanv\u00e4ndning. <\/p>\n","protected":false},"author":1,"featured_media":57836,"parent":49214,"menu_order":0,"comment_status":"closed","ping_status":"closed","template":"","meta":[],"acf":[],"aioseo_notices":[],"_links":{"self":[{"href":"https:\/\/www.daliform.com\/sv\/wp-json\/wp\/v2\/pages\/49340"}],"collection":[{"href":"https:\/\/www.daliform.com\/sv\/wp-json\/wp\/v2\/pages"}],"about":[{"href":"https:\/\/www.daliform.com\/sv\/wp-json\/wp\/v2\/types\/page"}],"author":[{"embeddable":true,"href":"https:\/\/www.daliform.com\/sv\/wp-json\/wp\/v2\/users\/1"}],"replies":[{"embeddable":true,"href":"https:\/\/www.daliform.com\/sv\/wp-json\/wp\/v2\/comments?post=49340"}],"version-history":[{"count":0,"href":"https:\/\/www.daliform.com\/sv\/wp-json\/wp\/v2\/pages\/49340\/revisions"}],"up":[{"embeddable":true,"href":"https:\/\/www.daliform.com\/sv\/wp-json\/wp\/v2\/pages\/49214"}],"wp:featuredmedia":[{"embeddable":true,"href":"https:\/\/www.daliform.com\/sv\/wp-json\/wp\/v2\/media\/57836"}],"wp:attachment":[{"href":"https:\/\/www.daliform.com\/sv\/wp-json\/wp\/v2\/media?parent=49340"}],"curies":[{"name":"wp","href":"https:\/\/api.w.org\/{rel}","templated":true}]}}