{"id":48998,"date":"2016-05-19T14:54:53","date_gmt":"2016-05-19T12:54:53","guid":{"rendered":"https:\/\/www.daliform.com\/sistema-atlantis\/"},"modified":"2021-12-13T17:01:49","modified_gmt":"2021-12-13T16:01:49","slug":"sistema-atlantis-ventilerade-golvhalrum","status":"publish","type":"page","link":"https:\/\/www.daliform.com\/sv\/sistema-atlantis-ventilerade-golvhalrum\/","title":{"rendered":"Sistema Atlantis"},"content":{"rendered":"<p>[vc_row][vc_column width=&#8221;1\/4&#8243;][vc_single_image image=&#8221;37605&#8243; img_size=&#8221;large&#8221;][\/vc_column][vc_column width=&#8221;3\/4&#8243;][vc_column_text]<\/p>\n<p class=\"p1\" style=\"text-align: justify;\"><strong>Atalantis Systemet <em>(Atlantis System) <\/em><\/strong>\u00e4r ett avancerat system f\u00f6r att skapa h\u00e5ligheter i allm\u00e4nhet, undergolvs h\u00e5ligheter och ventilerade golv i nybyggda eller omstrukturerade civila och industriella byggnader, ackumulatortankar, spridningstankar, bikakestrukturs flottar, l\u00e5g temperatur kylrum.<\/p>\n<p class=\"p2\" style=\"text-align: justify;\">Atlantis Systemet anv\u00e4nds n\u00e4r djupet av undergolvs kaviteter eller h\u00e5lighet \u00e4r s\u00e5dan att den klassiska iglu\u00ae forms\u00e4ttningen inte kan anv\u00e4ndas, med den f\u00f6rdelen att den konstanta diametern hos hissr\u00f6ren g\u00f6r det m\u00f6jligt att minimera anv\u00e4ndningen av betong f\u00f6r fyllning. De viktigaste systemfunktionerna \u00e4r snabbhet, enkelhet och kostnadseffektivitet.<\/p>\n<p class=\"p1\" style=\"text-align: justify;\">Dessutom, med Atlantis, ett sanit\u00e4rt utrymme erh\u00e5lls med en l\u00e4mplig fuktbarri\u00e4r och, om det \u00e4r korrekt ventilerat genom r\u00f6rledningar anslutna utomhus, \u00e4r det ett verktyg f\u00f6r deponering av Radongas om s\u00e5dant finns i marken.<\/p>\n<p>[\/vc_column_text][\/vc_column][\/vc_row]<\/p>\n","protected":false},"excerpt":{"rendered":"<p>Atlantis formsystem f\u00f6r att skapa upph\u00f6jda betongplattor med h\u00e5lrum under f\u00f6r att underl\u00e4tta strukturer, kompensera golvh\u00f6jder och andra applikationer.<\/p>\n","protected":false},"author":1,"featured_media":37615,"parent":0,"menu_order":17,"comment_status":"closed","ping_status":"closed","template":"template-product.php","meta":[],"acf":[],"aioseo_notices":[],"_links":{"self":[{"href":"https:\/\/www.daliform.com\/sv\/wp-json\/wp\/v2\/pages\/48998"}],"collection":[{"href":"https:\/\/www.daliform.com\/sv\/wp-json\/wp\/v2\/pages"}],"about":[{"href":"https:\/\/www.daliform.com\/sv\/wp-json\/wp\/v2\/types\/page"}],"author":[{"embeddable":true,"href":"https:\/\/www.daliform.com\/sv\/wp-json\/wp\/v2\/users\/1"}],"replies":[{"embeddable":true,"href":"https:\/\/www.daliform.com\/sv\/wp-json\/wp\/v2\/comments?post=48998"}],"version-history":[{"count":0,"href":"https:\/\/www.daliform.com\/sv\/wp-json\/wp\/v2\/pages\/48998\/revisions"}],"wp:featuredmedia":[{"embeddable":true,"href":"https:\/\/www.daliform.com\/sv\/wp-json\/wp\/v2\/media\/37615"}],"wp:attachment":[{"href":"https:\/\/www.daliform.com\/sv\/wp-json\/wp\/v2\/media?parent=48998"}],"curies":[{"name":"wp","href":"https:\/\/api.w.org\/{rel}","templated":true}]}}