{"id":44837,"date":"2016-03-07T10:57:30","date_gmt":"2016-03-07T09:57:30","guid":{"rendered":"https:\/\/www.daliform.com\/iglu\/applicering-iglu\/akustisk-isolering\/"},"modified":"2022-03-02T09:43:53","modified_gmt":"2022-03-02T08:43:53","slug":"iglu-akustisk-isolering","status":"publish","type":"page","link":"https:\/\/www.daliform.com\/sv\/iglu-ventilerad-underjords-halighet\/iglu-applicering\/iglu-akustisk-isolering\/","title":{"rendered":"Akustisk isolering"},"content":{"rendered":"<p>[vc_row padding_top=&#8221;0&#8243; padding_bottom=&#8221;0&#8243;][vc_column]\n\t<div class=\"custom-heading wpb_content_element  heading-medium\">\n\t\t<h2 class=\"heading-title\" >Med hj\u00e4lp av Igl\u00f9\u00ae en oljuds kontroll mekanism genomf\u00f6rs som g\u00f6r det m\u00f6jligt att \u00f6ka niv\u00e5n av komfort i hemmen.<\/h2>\n\t\t<span class=\"heading-line primary\"><\/span>\n\t<\/div>[\/vc_column][\/vc_row][vc_row][vc_column width=&#8221;1\/2&#8243;][vc_single_image image=&#8221;35322&#8243; img_size=&#8221;full&#8221;][\/vc_column][vc_column width=&#8221;1\/2&#8243;][vc_column_text css=&#8221;.vc_custom_1464359033054{margin-bottom: 35px !important;}&#8221;]<\/p>\n<p style=\"text-align: justify;\">Med hj\u00e4lp av Igl\u00f9\u00ae H 4-8-12 cm, vilken \u00e4r placerad mellan balken och plattkonstruktionen, en oljuds kontroll mekanism genomf\u00f6rs som g\u00f6r det m\u00f6jligt att \u00f6ka niv\u00e5n av komfort i hemmen, med den extra f\u00f6rdelen av en h\u00e5lighet som skapas genom vilka kablar och r\u00f6rledningar kan f\u00f6ras vidare och \u00e4r ocks\u00e5 en mindre tung l\u00f6sning \u00e4n den klassiska skrid l\u00f6sningen. I kombination med specifika phono isolerande paketen Igl\u00f9\u00ae hj\u00e4lper till att n\u00e5 de v\u00e4rden som anges av reglerna n\u00e4r det g\u00e4ller buller.<\/p>\n<p>Lag 447\/95 f\u00f6rutser skydd mot buller \u00f6verf\u00f6ring i byggnader, vilket kan ske bland annat genom akustisk golv isolering.[\/vc_column_text][\/vc_column][vc_column][vc_empty_space][vc_column_text]<\/p>\n<p style=\"text-align: justify;\">Detta kan genomf\u00f6ras genom att skapa horisontella strukturer i en l\u00e4mplig massa, placera lager av material mellan golvet och skriden som d\u00e4mpar vibrationerna fr\u00e5n slagljud. Beroende p\u00e5 byggnadens anv\u00e4ndning, anger lagen olika phono isoleringsparametrar.<\/p>\n<p><span lang=\"sv\">I ramlagen om bullerf\u00f6roreningar nr 447 av den 10\/26\/95 fastst\u00e4lls de grundl\u00e4ggande principerna f\u00f6r skydd av den yttre milj\u00f6n och livsmilj\u00f6n fr\u00e5n bullerf\u00f6roreningar.<\/span>[\/vc_column_text][\/vc_column][\/vc_row][vc_row][vc_column][vc_separator][vc_column_text css=&#8221;.vc_custom_1592297006811{margin-bottom: 15px !important;}&#8221;]<strong><span lang=\"tr\">\u00d6NER\u0130LEN \u00dcR\u00dcNLER<\/span>:<\/strong>[\/vc_column_text][vc_empty_space height=&#8221;10px&#8221;][\/vc_column][vc_column][vc_masonry_grid post_type=&#8221;ids&#8221; element_width=&#8221;3&#8243; grid_id=&#8221;vc_gid:1627394260378-22dc8f36-66bd-0&#8243; include=&#8221;1034&#8243; el_class=&#8221;text-size-p&#8221;][\/vc_column][\/vc_row]<\/p>\n","protected":false},"excerpt":{"rendered":"<p>I kombination med specifika phono isolerande paketen Igl\u00f9\u00ae hj\u00e4lper till att n\u00e5 de v\u00e4rden som anges av reglerna n\u00e4r det g\u00e4ller buller.<\/p>\n","protected":false},"author":1,"featured_media":57930,"parent":42737,"menu_order":4,"comment_status":"closed","ping_status":"closed","template":"","meta":[],"acf":[],"aioseo_notices":[],"_links":{"self":[{"href":"https:\/\/www.daliform.com\/sv\/wp-json\/wp\/v2\/pages\/44837"}],"collection":[{"href":"https:\/\/www.daliform.com\/sv\/wp-json\/wp\/v2\/pages"}],"about":[{"href":"https:\/\/www.daliform.com\/sv\/wp-json\/wp\/v2\/types\/page"}],"author":[{"embeddable":true,"href":"https:\/\/www.daliform.com\/sv\/wp-json\/wp\/v2\/users\/1"}],"replies":[{"embeddable":true,"href":"https:\/\/www.daliform.com\/sv\/wp-json\/wp\/v2\/comments?post=44837"}],"version-history":[{"count":0,"href":"https:\/\/www.daliform.com\/sv\/wp-json\/wp\/v2\/pages\/44837\/revisions"}],"up":[{"embeddable":true,"href":"https:\/\/www.daliform.com\/sv\/wp-json\/wp\/v2\/pages\/42737"}],"wp:featuredmedia":[{"embeddable":true,"href":"https:\/\/www.daliform.com\/sv\/wp-json\/wp\/v2\/media\/57930"}],"wp:attachment":[{"href":"https:\/\/www.daliform.com\/sv\/wp-json\/wp\/v2\/media?parent=44837"}],"curies":[{"name":"wp","href":"https:\/\/api.w.org\/{rel}","templated":true}]}}