{"id":43949,"date":"2016-03-04T14:03:48","date_gmt":"2016-03-04T13:03:48","guid":{"rendered":"https:\/\/www.daliform.com\/iglu\/applicering-iglu\/kylrum\/"},"modified":"2022-03-02T09:37:22","modified_gmt":"2022-03-02T08:37:22","slug":"kylrum","status":"publish","type":"page","link":"https:\/\/www.daliform.com\/sv\/iglu-ventilerad-underjords-halighet\/iglu-applicering\/kylrum\/","title":{"rendered":"Kylrum"},"content":{"rendered":"<p>[vc_row padding_top=&#8221;0&#8243; padding_bottom=&#8221;0&#8243;][vc_column]\n\t<div class=\"custom-heading wpb_content_element  heading-medium\">\n\t\t<h2 class=\"heading-title\" >Iglu'\u00ae skapar ett ventilerat h\u00e5lrum under golvet i kylrummen och undviker deformation och sprickor.<\/h2>\n\t\t<span class=\"heading-line primary\"><\/span>\n\t<\/div>[\/vc_column][\/vc_row][vc_row][vc_column width=&#8221;1\/2&#8243;][vc_single_image image=&#8221;35115&#8243; img_size=&#8221;full&#8221; alignment=&#8221;center&#8221; css=&#8221;.vc_custom_1627391311377{margin-left: -20px !important;}&#8221;][vc_column_text]<\/p>\n<p class=\"p1\"><span class=\"s1\"><b>F\u00d6RDELAR:<\/b><\/span><\/p>\n<p class=\"p1\"><span class=\"s1\">\u2022 F\u00d6RH\u00c5LLER DEFORMATION OCH LYFTNING AV GOLV (FROST HEAVE)<br \/>\n<\/span><span class=\"s1\">\u2022 H\u00d6G MOTST\u00c5ND MOT DISTRIBUERADE OCH KONCENTRERADE BELASTNINGAR<br \/>\n<\/span><span class=\"s1\">\u2022 EFFEKTIV VENTILATION I ALLA RIKTNINGAR<br \/>\n<\/span><span class=\"s1\">\u2022 ELIMINERING AV FRYSNINGSLUFT<br \/>\n<\/span><span class=\"s1\">\u2022 ENKELT POSITIONERING<br \/>\n<\/span><span class=\"s1\">\u2022 MAXIMALFRI TRANSIT F\u00d6R UNDERGROUND SYSTEM I ALLA RIKTNINGAR<br \/>\n<\/span><span class=\"s1\">\u2022 INGEN PUNKT P\u00c5 KONTAKT MELLAN KONKRETET OCH JORDEN<\/span><\/p>\n<p>[\/vc_column_text][\/vc_column][vc_column width=&#8221;1\/2&#8243;][vc_column_text]<span lang=\"sv\">Ett h\u00e5lrum under golvet konstruerat med Iglu\u2019\u00ae \u00e4r det ideala systemet f\u00f6r att uppn\u00e5 effektivare ventilation under golvet, eftersom Iglu\u2019\u00ae g\u00f6r det m\u00f6jligt att skapa ett enda \u00f6ppet utrymme och se till att luft kan cirkulera i alla riktningar. Detta f\u00f6rhindrar att frostskyddet b\u00f6rjar.<\/span><\/p>\n<p><span lang=\"sv\">Iglu\u2019\u00ae \u00e4r den mest s\u00e4kra och ekonomiska konstruktiva l\u00f6sningen f\u00f6r att installera ventilerade h\u00e5ligheter under b\u00e5de positiva och negativa kylrum. Det garanterar att kavitetstemperaturen f\u00f6rblir \u00f6ver noll genom att avl\u00e4gsna fukten som finns i underlaget. Detta f\u00f6rhindrar frysning och deformation av fundamentsedimenten (mager betong \/ markenhet) som skjuter l\u00e4ggytan upp\u00e5t och f\u00e5r golvet att spricka (en process som kallas frosthiss).<\/span>[\/vc_column_text][vc_column_text]<span lang=\"sv\">Anv\u00e4ndningen av Iglu\u2019\u00ae f\u00f6r konstruktion av industrigolv f\u00f6r kylrum fastst\u00e4lldes 2014 LGPCF (riktlinjer f\u00f6r industriella golv i kalla rum) av ENCOPER (National Association of Flooring and Cladding Manufacturer). Texten specificerar de v\u00e4sentliga kraven som kr\u00e4vs f\u00f6r h\u00e5llbarheten hos alla armerade betongplattor avsedda f\u00f6r industriellt bruk i kylrum. I synnerhet hanterar den de v\u00e4sentliga kraven p\u00e5 mekanisk motst\u00e5nd och stabilitet f\u00f6r vilka det inte finns n\u00e5gra best\u00e4mmelser i den mer generiska standarden, UNI 11146.<\/span>[\/vc_column_text][\/vc_column][\/vc_row][vc_row][vc_column][vc_separator][vc_column_text css=&#8221;.vc_custom_1592297006811{margin-bottom: 15px !important;}&#8221;]<strong><span lang=\"sv\">REKOMMENDERADE PRODUKTER<\/span>:<\/strong>[\/vc_column_text][vc_empty_space height=&#8221;10px&#8221;][\/vc_column][vc_column][vc_masonry_grid post_type=&#8221;ids&#8221; element_width=&#8221;3&#8243; grid_id=&#8221;vc_gid:1627390802089-3cc89707-08bd-4&#8243; include=&#8221;1034&#8243; el_class=&#8221;text-size-p&#8221;][\/vc_column][\/vc_row]<\/p>\n","protected":false},"excerpt":{"rendered":"<p>F\u00f6r att skapa milj\u00f6er f\u00f6r att styra luftfuktighet och temperatur (kylf\u00f6rvaring, livsmedelslokaler, k\u00e4llare och tork cell).<\/p>\n","protected":false},"author":1,"featured_media":57896,"parent":42737,"menu_order":1,"comment_status":"closed","ping_status":"closed","template":"","meta":[],"acf":[],"aioseo_notices":[],"_links":{"self":[{"href":"https:\/\/www.daliform.com\/sv\/wp-json\/wp\/v2\/pages\/43949"}],"collection":[{"href":"https:\/\/www.daliform.com\/sv\/wp-json\/wp\/v2\/pages"}],"about":[{"href":"https:\/\/www.daliform.com\/sv\/wp-json\/wp\/v2\/types\/page"}],"author":[{"embeddable":true,"href":"https:\/\/www.daliform.com\/sv\/wp-json\/wp\/v2\/users\/1"}],"replies":[{"embeddable":true,"href":"https:\/\/www.daliform.com\/sv\/wp-json\/wp\/v2\/comments?post=43949"}],"version-history":[{"count":0,"href":"https:\/\/www.daliform.com\/sv\/wp-json\/wp\/v2\/pages\/43949\/revisions"}],"up":[{"embeddable":true,"href":"https:\/\/www.daliform.com\/sv\/wp-json\/wp\/v2\/pages\/42737"}],"wp:featuredmedia":[{"embeddable":true,"href":"https:\/\/www.daliform.com\/sv\/wp-json\/wp\/v2\/media\/57896"}],"wp:attachment":[{"href":"https:\/\/www.daliform.com\/sv\/wp-json\/wp\/v2\/media?parent=43949"}],"curies":[{"name":"wp","href":"https:\/\/api.w.org\/{rel}","templated":true}]}}