{"id":43273,"date":"2016-04-13T08:57:09","date_gmt":"2016-04-13T06:57:09","guid":{"rendered":"https:\/\/www.daliform.com\/iglu\/applicering-iglu\/ventilerade-golvhalrum\/"},"modified":"2022-03-02T09:32:20","modified_gmt":"2022-03-02T08:32:20","slug":"ventilerade-golvhalrum-applications","status":"publish","type":"page","link":"https:\/\/www.daliform.com\/sv\/iglu-ventilerad-underjords-halighet\/iglu-applicering\/ventilerade-golvhalrum-applications\/","title":{"rendered":"Ventilerade golvh\u00e5lrum"},"content":{"rendered":"<p>[vc_row padding_top=&#8221;0&#8243; padding_bottom=&#8221;0&#8243;][vc_column]\n\t<div class=\"custom-heading wpb_content_element  heading-medium\">\n\t\t<h2 class=\"heading-title\" >Det ventilerade kryputrymmet \u00e4r den idealiska l\u00f6sningen f\u00f6r att eliminera problemet med stigande fukt och skydda hemmet fr\u00e5n den farliga Radon Gas.<\/h2>\n\t\t<span class=\"heading-line primary\"><\/span>\n\t<\/div>[\/vc_column][\/vc_row][vc_row][vc_column width=&#8221;1\/2&#8243;][vc_single_image image=&#8221;43320&#8243; img_size=&#8221;large&#8221;][\/vc_column][vc_column width=&#8221;1\/2&#8243;][vc_column_text]<\/p>\n<p class=\"p1\">En ventilerad underjords h\u00e5lighet skapad med Igl\u00f9<sup>\u00ae<\/sup> utg\u00f6r en effektiv, snabb och ekonomisk l\u00f6sning som g\u00f6r det m\u00f6jligt att skicka fukt och farlig Radongas till atmosf\u00e4ren, vilket \u00e4r bra f\u00f6r v\u00e5r h\u00e4lsa.<br \/>\nLuft utrymmet format av Igl\u00f9<sup>\u00ae<\/sup> moduler skall anslutas till utsidan med enkla r\u00f6r. Detta skapar en naturlig luftstr\u00f6m som korsar h\u00e5ligheten och eliminerar fukt och Radongas (om s\u00e5dan finns).<\/p>\n<p>[\/vc_column_text][vc_column_text]<strong><span lang=\"sv\">F\u00d6RDELAR:<br \/>\n<\/span><\/strong>\u2022 <span class=\"s1\">ELIMINERING AV RADON GAS<br \/>\n<\/span>\u2022 <span class=\"s1\">EFFEKTIV VENTILATION I ALLA RIKTNINGAR<br \/>\n<\/span>\u2022 <span class=\"s1\">RISE FUKTELIMINATION<br \/>\n<\/span>\u2022 <span class=\"s1\">RUMFORMATION F\u00d6R PASSAGE AV SYSTEMEN<\/span>[\/vc_column_text][\/vc_column][\/vc_row][vc_row][vc_column][vc_separator][vc_column_text css=&#8221;.vc_custom_1592297006811{margin-bottom: 15px !important;}&#8221;]<strong><span lang=\"sv\">REKOMMENDERADE PRODUKTER<\/span>:<\/strong>[\/vc_column_text][vc_empty_space height=&#8221;10px&#8221;][\/vc_column][vc_column][vc_masonry_grid post_type=&#8221;ids&#8221; element_width=&#8221;3&#8243; grid_id=&#8221;vc_gid:1599569219211-cd808f1d-d549-7&#8243; include=&#8221;1034, 4579&#8243; el_class=&#8221;text-size-p&#8221;][\/vc_column][\/vc_row]<\/p>\n","protected":false},"excerpt":{"rendered":"<p>Eng\u00e5ngs forms\u00e4ttning f\u00f6r ventilerad underjords h\u00e5lighet.<\/p>\n","protected":false},"author":1,"featured_media":57885,"parent":42737,"menu_order":0,"comment_status":"closed","ping_status":"closed","template":"","meta":[],"acf":[],"aioseo_notices":[],"_links":{"self":[{"href":"https:\/\/www.daliform.com\/sv\/wp-json\/wp\/v2\/pages\/43273"}],"collection":[{"href":"https:\/\/www.daliform.com\/sv\/wp-json\/wp\/v2\/pages"}],"about":[{"href":"https:\/\/www.daliform.com\/sv\/wp-json\/wp\/v2\/types\/page"}],"author":[{"embeddable":true,"href":"https:\/\/www.daliform.com\/sv\/wp-json\/wp\/v2\/users\/1"}],"replies":[{"embeddable":true,"href":"https:\/\/www.daliform.com\/sv\/wp-json\/wp\/v2\/comments?post=43273"}],"version-history":[{"count":0,"href":"https:\/\/www.daliform.com\/sv\/wp-json\/wp\/v2\/pages\/43273\/revisions"}],"up":[{"embeddable":true,"href":"https:\/\/www.daliform.com\/sv\/wp-json\/wp\/v2\/pages\/42737"}],"wp:featuredmedia":[{"embeddable":true,"href":"https:\/\/www.daliform.com\/sv\/wp-json\/wp\/v2\/media\/57885"}],"wp:attachment":[{"href":"https:\/\/www.daliform.com\/sv\/wp-json\/wp\/v2\/media?parent=43273"}],"curies":[{"name":"wp","href":"https:\/\/api.w.org\/{rel}","templated":true}]}}