{"id":39507,"date":"2016-02-17T15:29:13","date_gmt":"2016-02-17T14:29:13","guid":{"rendered":"https:\/\/www.daliform.com\/iglu\/"},"modified":"2021-12-13T16:28:56","modified_gmt":"2021-12-13T15:28:56","slug":"iglu-ventilerad-underjords-halighet","status":"publish","type":"page","link":"https:\/\/www.daliform.com\/sv\/iglu-ventilerad-underjords-halighet\/","title":{"rendered":"Iglu&#8217;\u00ae"},"content":{"rendered":"<p>[vc_row][vc_column width=&#8221;1\/4&#8243;][vc_single_image image=&#8221;35079&#8243; img_size=&#8221;large&#8221;][\/vc_column][vc_column width=&#8221;3\/4&#8243;][vc_column_text]<\/p>\n<h5><strong>Igl\u00f9\u00ae<\/strong> \u00e4r en marknadsledande produkt som skapades och patenterades f\u00f6r f\u00f6rverkligandet av sanit\u00e4ra utrymmen och ventilerade h\u00e5lrum, undergolves h\u00e5ligheter, ventilerade golv och tak under uppbyggnad och omstrukturering av civila och industriella byggnader.<\/h5>\n<p>Detta \u00e4r resultat av en genial id\u00e9 som g\u00e5r tillbaka till 1993 av avsev\u00e4rt f\u00f6rb\u00e4ttrade byggmetoder.<br \/>\nDen innovativa kapaciteten av <strong>Igl\u00f9\u00ae<\/strong> har f\u00e5tt m\u00e5nga framg\u00e5ngar och utm\u00e4rkelser p\u00e5 nationell och internationell niv\u00e5, som snabbt bekr\u00e4ftar det som en produkt av h\u00f6g kvalitet i bygg v\u00e4rlden.[\/vc_column_text][\/vc_column][vc_column][vc_empty_space height=&#8221;20px&#8221;][vc_column_text]Den modul\u00e4ra, plast<strong> Igl\u00f9\u00ae<\/strong> forms\u00e4ttningarna, placerade sida vid sida i sekvens enligt en f\u00f6rdefinierad riktning, g\u00f6r det enkelt att snabbt skapa en sj\u00e4lvb\u00e4rande fotg\u00e4ngar plattform \u00f6ver vilken ett lager \u00e4r gjuten f\u00f6r att enkelt och ekonomiskt skapa ett ventilerat platta placerad p\u00e5 pelare med den nedre h\u00e5ligheten f\u00f6r passage av systemen men framf\u00f6r allt ventilerat f\u00f6r att motverka stigande fukt och radioaktiva gaser.[\/vc_column_text][\/vc_column][\/vc_row]<\/p>\n","protected":false},"excerpt":{"rendered":"<p>Eng\u00e5ngs forms\u00e4ttning f\u00f6r ventilerad underjords h\u00e5lighet.<\/p>\n","protected":false},"author":1,"featured_media":35066,"parent":0,"menu_order":15,"comment_status":"closed","ping_status":"closed","template":"template-product.php","meta":[],"acf":[],"aioseo_notices":[],"_links":{"self":[{"href":"https:\/\/www.daliform.com\/sv\/wp-json\/wp\/v2\/pages\/39507"}],"collection":[{"href":"https:\/\/www.daliform.com\/sv\/wp-json\/wp\/v2\/pages"}],"about":[{"href":"https:\/\/www.daliform.com\/sv\/wp-json\/wp\/v2\/types\/page"}],"author":[{"embeddable":true,"href":"https:\/\/www.daliform.com\/sv\/wp-json\/wp\/v2\/users\/1"}],"replies":[{"embeddable":true,"href":"https:\/\/www.daliform.com\/sv\/wp-json\/wp\/v2\/comments?post=39507"}],"version-history":[{"count":0,"href":"https:\/\/www.daliform.com\/sv\/wp-json\/wp\/v2\/pages\/39507\/revisions"}],"wp:featuredmedia":[{"embeddable":true,"href":"https:\/\/www.daliform.com\/sv\/wp-json\/wp\/v2\/media\/35066"}],"wp:attachment":[{"href":"https:\/\/www.daliform.com\/sv\/wp-json\/wp\/v2\/media?parent=39507"}],"curies":[{"name":"wp","href":"https:\/\/api.w.org\/{rel}","templated":true}]}}