{"id":35455,"date":"2016-05-30T09:23:14","date_gmt":"2016-05-30T07:23:14","guid":{"rendered":"https:\/\/www.daliform.com\/konstruktionslosningar\/grona-ytor-och-tradgardar\/"},"modified":"2021-08-02T16:01:14","modified_gmt":"2021-08-02T14:01:14","slug":"grona-ytor-och-tradgardar-daliform-group","status":"publish","type":"page","link":"https:\/\/www.daliform.com\/sv\/konstruktionslosningar\/grona-ytor-och-tradgardar-daliform-group\/","title":{"rendered":"GR\u00d6NA YTOR OCH TR\u00c4DG\u00c5RDAR"},"content":{"rendered":"<p>[vc_row margin_top=&#8221;-20&#8243;][vc_column el_class=&#8221;SolutionGrid&#8221;][vc_masonry_grid post_type=&#8221;ids&#8221; element_width=&#8221;3&#8243; item=&#8221;none&#8221; grid_id=&#8221;vc_gid:1589537247741-70ed75c5-ba22-1&#8243; include=&#8221;3703, 5291, 3598&#8243;][\/vc_column][\/vc_row]<\/p>\n","protected":false},"excerpt":{"rendered":"<p>System f\u00f6r formationen av vertikal gr\u00f6nt. System f\u00f6r I platta tak anv\u00e4nds det f\u00f6r att skapa taktr\u00e4dg\u00e5rdar.<\/p>\n","protected":false},"author":1,"featured_media":34387,"parent":34056,"menu_order":5,"comment_status":"closed","ping_status":"closed","template":"","meta":[],"acf":[],"aioseo_notices":[],"_links":{"self":[{"href":"https:\/\/www.daliform.com\/sv\/wp-json\/wp\/v2\/pages\/35455"}],"collection":[{"href":"https:\/\/www.daliform.com\/sv\/wp-json\/wp\/v2\/pages"}],"about":[{"href":"https:\/\/www.daliform.com\/sv\/wp-json\/wp\/v2\/types\/page"}],"author":[{"embeddable":true,"href":"https:\/\/www.daliform.com\/sv\/wp-json\/wp\/v2\/users\/1"}],"replies":[{"embeddable":true,"href":"https:\/\/www.daliform.com\/sv\/wp-json\/wp\/v2\/comments?post=35455"}],"version-history":[{"count":0,"href":"https:\/\/www.daliform.com\/sv\/wp-json\/wp\/v2\/pages\/35455\/revisions"}],"up":[{"embeddable":true,"href":"https:\/\/www.daliform.com\/sv\/wp-json\/wp\/v2\/pages\/34056"}],"wp:featuredmedia":[{"embeddable":true,"href":"https:\/\/www.daliform.com\/sv\/wp-json\/wp\/v2\/media\/34387"}],"wp:attachment":[{"href":"https:\/\/www.daliform.com\/sv\/wp-json\/wp\/v2\/media?parent=35455"}],"curies":[{"name":"wp","href":"https:\/\/api.w.org\/{rel}","templated":true}]}}