{"id":35291,"date":"2016-05-30T09:16:59","date_gmt":"2016-05-30T07:16:59","guid":{"rendered":"https:\/\/www.daliform.com\/konstruktionslosningar\/korbar-grasmatta\/"},"modified":"2021-08-02T15:16:32","modified_gmt":"2021-08-02T13:16:32","slug":"korbar-grasmatta-daliform-group","status":"publish","type":"page","link":"https:\/\/www.daliform.com\/sv\/konstruktionslosningar\/korbar-grasmatta-daliform-group\/","title":{"rendered":"K\u00d6RBAR GR\u00c4SMATTA"},"content":{"rendered":"<p>[vc_row margin_top=&#8221;-20&#8243;][vc_column el_class=&#8221;SolutionGrid&#8221;][vc_masonry_grid post_type=&#8221;ids&#8221; element_width=&#8221;3&#8243; item=&#8221;none&#8221; grid_id=&#8221;vc_gid:1605006102156-eb2d10b5-2cae-10&#8243; include=&#8221;4162, 4055, 30669, 3761, 3734&#8243;][\/vc_column][\/vc_row]<\/p>\n","protected":false},"excerpt":{"rendered":"<p>System f\u00f6r att skapa garageuppfarter med gr\u00e4s eller grus finish. Permanent och tillf\u00e4lligt skydd system f\u00f6r existerande torv.<\/p>\n","protected":false},"author":1,"featured_media":34376,"parent":34056,"menu_order":4,"comment_status":"closed","ping_status":"closed","template":"","meta":[],"acf":[],"aioseo_notices":[],"_links":{"self":[{"href":"https:\/\/www.daliform.com\/sv\/wp-json\/wp\/v2\/pages\/35291"}],"collection":[{"href":"https:\/\/www.daliform.com\/sv\/wp-json\/wp\/v2\/pages"}],"about":[{"href":"https:\/\/www.daliform.com\/sv\/wp-json\/wp\/v2\/types\/page"}],"author":[{"embeddable":true,"href":"https:\/\/www.daliform.com\/sv\/wp-json\/wp\/v2\/users\/1"}],"replies":[{"embeddable":true,"href":"https:\/\/www.daliform.com\/sv\/wp-json\/wp\/v2\/comments?post=35291"}],"version-history":[{"count":0,"href":"https:\/\/www.daliform.com\/sv\/wp-json\/wp\/v2\/pages\/35291\/revisions"}],"up":[{"embeddable":true,"href":"https:\/\/www.daliform.com\/sv\/wp-json\/wp\/v2\/pages\/34056"}],"wp:featuredmedia":[{"embeddable":true,"href":"https:\/\/www.daliform.com\/sv\/wp-json\/wp\/v2\/media\/34376"}],"wp:attachment":[{"href":"https:\/\/www.daliform.com\/sv\/wp-json\/wp\/v2\/media?parent=35291"}],"curies":[{"name":"wp","href":"https:\/\/api.w.org\/{rel}","templated":true}]}}