{"id":35040,"date":"2016-05-30T09:04:15","date_gmt":"2016-05-30T07:04:15","guid":{"rendered":"https:\/\/www.daliform.com\/konstruktionslosningar\/byggnadsgrunder\/"},"modified":"2021-08-02T14:36:54","modified_gmt":"2021-08-02T12:36:54","slug":"byggnadsgrunder-daliform-group","status":"publish","type":"page","link":"https:\/\/www.daliform.com\/sv\/konstruktionslosningar\/byggnadsgrunder-daliform-group\/","title":{"rendered":"BYGGNADSGRUNDER"},"content":{"rendered":"<p>[vc_row margin_top=&#8221;-20&#8243;][vc_column el_class=&#8221;SolutionGrid&#8221;][vc_masonry_grid post_type=&#8221;ids&#8221; element_width=&#8221;3&#8243; item=&#8221;none&#8221; grid_id=&#8221;vc_gid:1589537055195-d8a7c89e-c53d-1&#8243; include=&#8221;4271, 5168, 5166&#8243;][\/vc_column][\/vc_row]<\/p>\n","protected":false},"excerpt":{"rendered":"<p>System f\u00f6r l\u00e4ttade plattor (utan fr\u00e5nkoppling) f\u00f6r bildandet av trottoarkanter och fundamentbalkar.<\/p>\n","protected":false},"author":1,"featured_media":34344,"parent":34056,"menu_order":2,"comment_status":"closed","ping_status":"closed","template":"","meta":[],"acf":[],"aioseo_notices":[],"_links":{"self":[{"href":"https:\/\/www.daliform.com\/sv\/wp-json\/wp\/v2\/pages\/35040"}],"collection":[{"href":"https:\/\/www.daliform.com\/sv\/wp-json\/wp\/v2\/pages"}],"about":[{"href":"https:\/\/www.daliform.com\/sv\/wp-json\/wp\/v2\/types\/page"}],"author":[{"embeddable":true,"href":"https:\/\/www.daliform.com\/sv\/wp-json\/wp\/v2\/users\/1"}],"replies":[{"embeddable":true,"href":"https:\/\/www.daliform.com\/sv\/wp-json\/wp\/v2\/comments?post=35040"}],"version-history":[{"count":0,"href":"https:\/\/www.daliform.com\/sv\/wp-json\/wp\/v2\/pages\/35040\/revisions"}],"up":[{"embeddable":true,"href":"https:\/\/www.daliform.com\/sv\/wp-json\/wp\/v2\/pages\/34056"}],"wp:featuredmedia":[{"embeddable":true,"href":"https:\/\/www.daliform.com\/sv\/wp-json\/wp\/v2\/media\/34344"}],"wp:attachment":[{"href":"https:\/\/www.daliform.com\/sv\/wp-json\/wp\/v2\/media?parent=35040"}],"curies":[{"name":"wp","href":"https:\/\/api.w.org\/{rel}","templated":true}]}}