{"id":34056,"date":"2020-05-11T15:53:14","date_gmt":"2020-05-11T13:53:14","guid":{"rendered":"https:\/\/www.daliform.com\/konstruktionslosningar\/"},"modified":"2023-02-10T15:48:43","modified_gmt":"2023-02-10T14:48:43","slug":"konstruktionslosningar","status":"publish","type":"page","link":"https:\/\/www.daliform.com\/sv\/konstruktionslosningar\/","title":{"rendered":"Konstruktionsl\u00f6sningar"},"content":{"rendered":"<p>[vc_row row_id=&#8221;Solutions&#8221;][vc_column][vc_basic_grid post_type=&#8221;ids&#8221; element_width=&#8221;3&#8243; item=&#8221;24415&#8243; grid_id=&#8221;vc_gid:1595408156586-8a531310-32a9-7&#8243; include=&#8221;2336, 5439, 5446, 5452, 5455, 5458, 5461, 5464&#8243;][\/vc_column][\/vc_row]<\/p>\n","protected":false},"excerpt":{"rendered":"<p>L\u00f6sningar f\u00f6r ventilerade golvrum under golv, fundamenter, tomrum, taktr\u00e4dg\u00e5rdar, uppfartytor, stormvattenlagring och spridningstankar.<\/p>\n","protected":false},"author":11,"featured_media":108094,"parent":0,"menu_order":13,"comment_status":"closed","ping_status":"closed","template":"","meta":[],"acf":[],"aioseo_notices":[],"_links":{"self":[{"href":"https:\/\/www.daliform.com\/sv\/wp-json\/wp\/v2\/pages\/34056"}],"collection":[{"href":"https:\/\/www.daliform.com\/sv\/wp-json\/wp\/v2\/pages"}],"about":[{"href":"https:\/\/www.daliform.com\/sv\/wp-json\/wp\/v2\/types\/page"}],"author":[{"embeddable":true,"href":"https:\/\/www.daliform.com\/sv\/wp-json\/wp\/v2\/users\/11"}],"replies":[{"embeddable":true,"href":"https:\/\/www.daliform.com\/sv\/wp-json\/wp\/v2\/comments?post=34056"}],"version-history":[{"count":1,"href":"https:\/\/www.daliform.com\/sv\/wp-json\/wp\/v2\/pages\/34056\/revisions"}],"predecessor-version":[{"id":109474,"href":"https:\/\/www.daliform.com\/sv\/wp-json\/wp\/v2\/pages\/34056\/revisions\/109474"}],"wp:featuredmedia":[{"embeddable":true,"href":"https:\/\/www.daliform.com\/sv\/wp-json\/wp\/v2\/media\/108094"}],"wp:attachment":[{"href":"https:\/\/www.daliform.com\/sv\/wp-json\/wp\/v2\/media?parent=34056"}],"curies":[{"name":"wp","href":"https:\/\/api.w.org\/{rel}","templated":true}]}}