{"id":37526,"date":"2020-05-19T16:25:25","date_gmt":"2020-05-19T14:25:25","guid":{"rendered":"https:\/\/www.daliform.com\/%d1%83%d0%b7%d0%bd%d0%b0%d0%b9%d1%82%d0%b5-%d0%bd%d0%b0%d1%88%d0%b8-%d0%bf%d1%80%d0%be%d0%b4%d1%83%d0%ba%d1%82%d1%8b\/"},"modified":"2024-07-30T15:48:49","modified_gmt":"2024-07-30T13:48:49","slug":"find-out-our-products-ru","status":"publish","type":"page","link":"https:\/\/www.daliform.com\/ru\/find-out-our-products-ru\/","title":{"rendered":"\u0423\u0437\u043d\u0430\u0439\u0442\u0435 \u043d\u0430\u0448\u0438 \u043f\u0440\u043e\u0434\u0443\u043a\u0442\u044b"},"content":{"rendered":"<p>[vc_row class=&#187;row-flex-center&#187;][vc_column]\n\t<div class=\"custom-heading wpb_content_element  heading-medium\">\n\t\t<h2 class=\"heading-title\"  style=\"color: #dd3333;\">\u0421\u0422\u0420\u041e\u0418\u0422\u0415\u041b\u042c\u0421\u0422\u0412\u041e \u0438 \u0424\u0423\u041d\u0414\u0410\u041c\u0415\u041d\u0422<\/h2>\n\t\t<span class=\"heading-line primary\"><\/span>\n\t<\/div>[\/vc_column][vc_column width=&#187;1\/5&#8243;]\n\t<div class=\"wpb_content_element featured-box center-text\" >\n\t\t\t<div class=\"featured-box-thumb\"><a title=\"Iglu\u2019\u00ae\" target=\"\" href=\"https:\/\/www.daliform.com\/ru\/iglu-ventilated-under-floor-cavity\/\"><img src=\"https:\/\/www.daliform.com\/wp-content\/uploads\/2020\/07\/iglu-prodotto-daliform-center.jpg\"><\/a>\n\t\t\t<\/div>\n\t\t\t<div class=\"featured-box-content\"><h4>IGLU'\u00ae<\/h4>\n\t\t\t<\/div>\n\t<\/div>[\/vc_column][vc_column width=&#187;1\/5&#8243;]\n\t<div class=\"wpb_content_element featured-box center-text\" >\n\t\t\t<div class=\"featured-box-thumb\"><a title=\"Iglu\u2019\u00ae\" target=\"\" href=\"https:\/\/www.daliform.com\/ru\/iglu-smart-ventilated-under-floor-cavity\/\"><img src=\"https:\/\/www.daliform.com\/wp-content\/uploads\/2020\/11\/iglu-smart-vespai-ventilati-all.jpg\"><\/a>\n\t\t\t<\/div>\n\t\t\t<div class=\"featured-box-content\"><h4>IGLU'\u00ae SMART<\/h4>\n\t\t\t<\/div>\n\t<\/div>[\/vc_column][vc_column width=&#187;1\/5&#8243;]\n\t<div class=\"wpb_content_element featured-box center-text\" >\n\t\t\t<div class=\"featured-box-thumb\"><a title=\"Sistema Atlantis\" target=\"\" href=\"https:\/\/www.daliform.com\/ru\/aerated-concrete-floor-sistema-atlantis\/\"><img src=\"https:\/\/www.daliform.com\/wp-content\/uploads\/2020\/07\/iglu-atlantis-prodotto-daliform-center.jpg\"><\/a>\n\t\t\t<\/div>\n\t\t\t<div class=\"featured-box-content\"><h4>SISTEMA ATLANTIS<\/h4>\n\t\t\t<\/div>\n\t<\/div>[\/vc_column][vc_column width=&#187;1\/5&#8243;]\n\t<div class=\"wpb_content_element featured-box center-text\" >\n\t\t\t<div class=\"featured-box-thumb\"><a title=\"Coffrargile\" target=\"\" href=\"https:\/\/www.daliform.com\/ru\/exterior-protection-for-walls-in-contact-with-the-ground-ru\/\"><img src=\"https:\/\/www.daliform.com\/wp-content\/uploads\/2020\/11\/iglu-barrier-isolamento-pareti-interrate.jpg\"><\/a>\n\t\t\t<\/div>\n\t\t\t<div class=\"featured-box-content\"><h4>IGLU'\u00ae BARRIER<\/h4>\n\t\t\t<\/div>\n\t<\/div>[\/vc_column][vc_column width=&#187;1\/5&#8243;]\n\t<div class=\"wpb_content_element featured-box center-text\" >\n\t\t\t<div class=\"featured-box-thumb\"><a title=\"Coffrargile\" target=\"\" href=\"https:\/\/www.daliform.com\/ru\/coffrargile-glinistyye-pochvy\/\"><img src=\"https:\/\/www.daliform.com\/wp-content\/uploads\/2020\/07\/coffrargile-prodotto-daliform-center.jpg\"><\/a>\n\t\t\t<\/div>\n\t\t\t<div class=\"featured-box-content\"><h4>COFFRARGILE<\/h4>\n\t\t\t<\/div>\n\t<\/div>[\/vc_column][vc_column width=&#187;1\/5&#8243;]\n\t<div class=\"wpb_content_element featured-box center-text\" >\n\t\t\t<div class=\"featured-box-thumb\"><a title=\"[:it]Cassaforma Muro[:en]Wall formwork[:es]Cassaforma Muro[:fr]Coffrage Mur[:de]Schalung Muro[:pt]Cofragem Muro[:ru]\u041e\u043f\u0430\u043b\u0443\u0431\u043a\u0430 Muro[:ar]\u062a\u0645 \u062a\u0635\u0645\u064a\u0645 \u0642\u0648\u0627\u0644\u0628 \u0645\u0648\u0631\u0648 Muro[:pb]Forma Muro[:pl]Cassaforma Muro[:tr]Duvar Kal\u0131b\u0131[:sv]V\u00e4gg forms\u00e4ttningar[:]\" target=\"\" href=\"https:\/\/www.daliform.com\/ru\/wall-formwork-ru\/\"><img src=\"https:\/\/www.daliform.com\/wp-content\/uploads\/2020\/07\/cassaforma-muro-prodotto-daliform-center.jpg\"><\/a>\n\t\t\t<\/div>\n\t\t\t<div class=\"featured-box-content\"><h4>CASSAFORMA MURO<\/h4>\n\t\t\t<\/div>\n\t<\/div>[\/vc_column][\/vc_row][vc_row class=&#187;row-flex-center&#187;][vc_column]\n\t<div class=\"custom-heading wpb_content_element  heading-medium\">\n\t\t<h2 class=\"heading-title\"  style=\"color: #dd3333;\">\u041e\u0411\u041b\u0415\u0413\u0427\u0415\u041d\u041d\u041e\u0415 \u041f\u0415\u0420\u0415\u041a\u0420\u042b\u0422\u0418\u0415<\/h2>\n\t\t<span class=\"heading-line primary\"><\/span>\n\t<\/div>[\/vc_column][vc_column width=&#187;1\/5&#8243;]\n\t<div class=\"wpb_content_element featured-box center-text\" >\n\t\t\t<div class=\"featured-box-thumb\"><a title=\"U-Boot Beton\u00ae\" target=\"\" href=\"https:\/\/www.daliform.com\/ru\/disposable-formwork-for-two-way-lightened-voided-slabs-ru\/\"><img src=\"https:\/\/www.daliform.com\/wp-content\/uploads\/2020\/07\/uboot-prodotto-daliform-center.jpg\"><\/a>\n\t\t\t<\/div>\n\t\t\t<div class=\"featured-box-content\"><h4>U-BOOT\u00ae BETON<\/h4>\n\t\t\t<\/div>\n\t<\/div>[\/vc_column][vc_column width=&#187;1\/5&#8243;]\n\t<div class=\"wpb_content_element featured-box center-text\" >\n\t\t\t<div class=\"featured-box-thumb\"><a title=\"U-Bahn Beton\u00ae\" target=\"\" href=\"https:\/\/www.daliform.com\/ru\/one-way-lightened-voided-slabs-ru\/\"><img src=\"https:\/\/www.daliform.com\/wp-content\/uploads\/2020\/07\/ubahn-prodotto-daliform-center.jpg\"><\/a>\n\t\t\t<\/div>\n\t\t\t<div class=\"featured-box-content\"><h4>U-BAHN\u00ae BETON<\/h4>\n\t\t\t<\/div>\n\t<\/div>[\/vc_column][vc_column width=&#187;1\/5&#8243;]\n\t<div class=\"wpb_content_element featured-box center-text\" >\n\t\t\t<div class=\"featured-box-thumb\"><a title=\"Fit Slab\" target=\"\" href=\"https:\/\/www.daliform.com\/ru\/voided-slabs-mixed-with-reinforced-concrete-ru\/\"><img src=\"https:\/\/www.daliform.com\/wp-content\/uploads\/2020\/07\/fitslab-prodotto-daliform-center.jpg\"><\/a>\n\t\t\t<\/div>\n\t\t\t<div class=\"featured-box-content\"><h4>FIT SLAB<\/h4>\n\t\t\t<\/div>\n\t<\/div>[\/vc_column][vc_column width=&#187;1\/5&#8243;]\n\t<div class=\"wpb_content_element featured-box center-text\" >\n\t\t\t<div class=\"featured-box-thumb\"><a title=\"U-Boot Silence\" target=\"\" href=\"https:\/\/www.daliform.com\/ru\/mantle-for-sound-insulation-ru\/\"><img src=\"https:\/\/www.daliform.com\/wp-content\/uploads\/2020\/07\/uboot-silence-prodotto-daliform-center.jpg\"><\/a>\n\t\t\t<\/div>\n\t\t\t<div class=\"featured-box-content\"><h4>U-BOOT\u00ae SILENCE<\/h4>\n\t\t\t<\/div>\n\t<\/div>[\/vc_column][\/vc_row][vc_row][vc_column width=&#187;1\/2&#8243;][vc_row_inner][vc_column_inner]\n\t<div class=\"custom-heading wpb_content_element  heading-medium\">\n\t\t<h2 class=\"heading-title\"  style=\"color: #dd3333;\">\u0422\u0410\u041d\u041a\u0418 \u0418 \u0411\u0410\u0421\u0421\u0415\u0419\u041d\u042b<\/h2>\n\t\t<span class=\"heading-line primary\"><\/span>\n\t<\/div>[\/vc_column_inner][vc_column_inner width=&#187;1\/2&#8243;]\n\t<div class=\"wpb_content_element featured-box center-text\" >\n\t\t\t<div class=\"featured-box-thumb\"><a title=\"Atlantis Tank\" target=\"\" href=\"https:\/\/www.daliform.com\/ru\/accumulation-and-dispersion-rainwater-tank-ru\/\"><img src=\"https:\/\/www.daliform.com\/wp-content\/uploads\/2024\/07\/iglu-atlantis-tank-prodotto-daliform-center.jpg\"><\/a>\n\t\t\t<\/div>\n\t\t\t<div class=\"featured-box-content\"><h4>ATLANTIS TANK<\/h4>\n\t\t\t<\/div>\n\t<\/div>[\/vc_column_inner][vc_column_inner width=&#187;1\/2&#8243;][\/vc_column_inner][\/vc_row_inner][\/vc_column][vc_column width=&#187;1\/2&#8243;][vc_row_inner][vc_column_inner]\n\t<div class=\"custom-heading wpb_content_element  heading-medium\">\n\t\t<h2 class=\"heading-title\"  style=\"color: #dd3333;\">\u041e\u041a\u0420\u0423\u0416\u0410\u042e\u0429\u0415\u0419 \u0421\u0420\u0415\u0414\u042b<\/h2>\n\t\t<span class=\"heading-line primary\"><\/span>\n\t<\/div>[\/vc_column_inner][vc_column_inner width=&#187;1\/2&#8243;]\n\t<div class=\"wpb_content_element featured-box center-text\" >\n\t\t\t<div class=\"featured-box-thumb\"><a title=\"Eolo\" target=\"\" href=\"https:\/\/www.daliform.com\/ru\/composting-and-biofiltration-system-ru\/\"><img src=\"https:\/\/www.daliform.com\/wp-content\/uploads\/2020\/07\/eolo-prodotto-daliform-center.jpg\"><\/a>\n\t\t\t<\/div>\n\t\t\t<div class=\"featured-box-content\"><h4>EOLO<\/h4>\n\t\t\t<\/div>\n\t<\/div>[\/vc_column_inner][vc_column_inner width=&#187;1\/2&#8243;][\/vc_column_inner][\/vc_row_inner][\/vc_column][\/vc_row][vc_row class=&#187;row-flex-center&#187;][vc_column]\n\t<div class=\"custom-heading wpb_content_element  heading-medium\">\n\t\t<h2 class=\"heading-title\"  style=\"color: #dd3333;\">\u0420\u0415\u0428\u0415\u0422\u041a\u0418 \u0422\u0420\u0410\u041d\u0417\u0418\u0422\u041d\u042b\u0415<\/h2>\n\t\t<span class=\"heading-line primary\"><\/span>\n\t<\/div>[\/vc_column][vc_column width=&#187;1\/5&#8243;]\n\t<div class=\"wpb_content_element featured-box center-text\" >\n\t\t\t<div class=\"featured-box-thumb\"><a title=\"Pratopratico\u00ae\" target=\"\" href=\"https:\/\/www.daliform.com\/ru\/pratopratico-grid-for-driveway-surface-ru\/\"><img src=\"https:\/\/www.daliform.com\/wp-content\/uploads\/2021\/07\/pratopratico-prato-carrabile-daliform.jpg\"><\/a>\n\t\t\t<\/div>\n\t\t\t<div class=\"featured-box-content\"><h4>PRATOPRATICO\u00ae<\/h4>\n\t\t\t<\/div>\n\t<\/div>[\/vc_column][vc_column width=&#187;1\/5&#8243;]\n\t<div class=\"wpb_content_element featured-box center-text\" >\n\t\t\t<div class=\"featured-box-thumb\"><a title=\"E.C.O. di Pratopratico\u00ae\" target=\"\" href=\"https:\/\/www.daliform.com\/ru\/eco-grid-for-driveway-surface-ru\/\"><img src=\"https:\/\/www.daliform.com\/wp-content\/uploads\/2021\/07\/eco-prato-carrabile-daliform.jpg\"><\/a>\n\t\t\t<\/div>\n\t\t\t<div class=\"featured-box-content\"><h4>E.C.O. di Pratopratico\u00ae<\/h4>\n\t\t\t<\/div>\n\t<\/div>[\/vc_column][vc_column width=&#187;1\/5&#8243;]\n\t<div class=\"wpb_content_element featured-box center-text\" >\n\t\t\t<div class=\"featured-box-thumb\"><a title=\"Easy Park\u00ae\" target=\"\" href=\"https:\/\/www.daliform.com\/ru\/green-park-grid-for-driveway-surface-ru\/\"><img src=\"https:\/\/www.daliform.com\/wp-content\/uploads\/2021\/07\/green-park-prato-carrabile-daliform.jpg\"><\/a>\n\t\t\t<\/div>\n\t\t\t<div class=\"featured-box-content\"><h4>GREEN PARK<\/h4>\n\t\t\t<\/div>\n\t<\/div>[\/vc_column][vc_column width=&#187;1\/5&#8243;]\n\t<div class=\"wpb_content_element featured-box center-text\" >\n\t\t\t<div class=\"featured-box-thumb\"><a title=\"[:it]Salvaprato Erby[:en]Salvaprato Erby grid for driveway surface[:es]Salvaprato Erby rejilla para  pavimentos transitables[:fr]Salvaprato Erby grille de pavage pour v\u00e9hicules[:de]Salvaprato Erby gitter f\u00fcr befahrbare Bodenbel\u00e4ge[:pt]Salvaprato Erby grelha para circula\u00e7\u00e3o autom\u00f3vel[:ru]Salvaprato Erby p\u0435\u0448\u0435\u0442\u043a\u0430 \u0434\u043b\u044f \u043f\u043e\u043a\u0440\u044b\u0442\u0438\u0439 \u0434\u043b\u044f \u0430\u0432\u0442\u043e\u043c\u043e\u0431\u0438\u043b\u0435\u0439[:ar]Salvaprato Erby \u0634\u0628\u0643\u0629 \u0623\u0631\u0636\u064a\u0629 \u0627\u0644\u0645\u0645\u0631\u0627\u062a \u0627\u0644\u0639\u0634\u0628\u064a\u0629[:pb]Salvaprato Erby para a circula\u00e7\u00e3o de autom\u00f3veis[:pl]Salvaprato Erby Kratka do posadzek na podjazdy[:tr]Salvaprato Erby kaplanm\u0131\u015f ara\u00e7 garaj yollar\u0131 i\u00e7in \u0131zgara[:sv]Salvaprato Erby rutn\u00e4t f\u00f6r uppfarts golv med gr\u00e4s finish [:]\" target=\"\" href=\"https:\/\/www.daliform.com\/ru\/salvaprato-erby-grid-for-driveway-surface-ru\/\"><img src=\"https:\/\/www.daliform.com\/wp-content\/uploads\/2021\/07\/erby-salvaprato-prato-carrabile-daliform.jpg\"><\/a>\n\t\t\t<\/div>\n\t\t\t<div class=\"featured-box-content\"><h4>SALVAPRATO ERBY<\/h4>\n\t\t\t<\/div>\n\t<\/div>[\/vc_column][vc_column width=&#187;1\/5&#8243;]\n\t<div class=\"wpb_content_element featured-box center-text\" >\n\t\t\t<div class=\"featured-box-thumb\"><a title=\"Easy Park\u00ae\" target=\"\" href=\"https:\/\/www.daliform.com\/ru\/protective-grid-for-already-established-lawns-ru\/\"><img src=\"https:\/\/www.daliform.com\/wp-content\/uploads\/2021\/07\/easy-park-prato-carrabile-daliform.jpg\"><\/a>\n\t\t\t<\/div>\n\t\t\t<div class=\"featured-box-content\"><h4>EASY PARK\u00ae<\/h4>\n\t\t\t<\/div>\n\t<\/div>[\/vc_column][\/vc_row][vc_row][vc_column width=&#187;1\/2&#8243;][vc_row_inner][vc_column_inner]\n\t<div class=\"custom-heading wpb_content_element  heading-medium\">\n\t\t<h2 class=\"heading-title\"  style=\"color: #dd3333;\">\u0417\u0415\u041b\u0415\u041d\u042b\u0415 \u0417\u041e\u041d\u042b \u0418 \u0421\u0410\u0414\u042b<\/h2>\n\t\t<span class=\"heading-line primary\"><\/span>\n\t<\/div>[\/vc_column_inner][vc_column_inner width=&#187;1\/2&#8243;]\n\t<div class=\"wpb_content_element featured-box center-text\" >\n\t\t\t<div class=\"featured-box-thumb\"><a title=\"Iglu\u2019\u00ae Green Roof\" target=\"\" href=\"https:\/\/www.daliform.com\/ru\/systems-for-roof-gardens-ru\/\"><img src=\"https:\/\/www.daliform.com\/wp-content\/uploads\/2020\/07\/green-roof-prodotto-daliform-center.jpg\"><\/a>\n\t\t\t<\/div>\n\t\t\t<div class=\"featured-box-content\"><h4>GREEN ROOF<\/h4>\n\t\t\t<\/div>\n\t<\/div>[\/vc_column_inner][vc_column_inner width=&#187;1\/2&#8243;]\n\t<div class=\"wpb_content_element featured-box center-text\" >\n\t\t\t<div class=\"featured-box-thumb\"><a title=\"V-Green\" target=\"\" href=\"https:\/\/www.daliform.com\/ru\/grid-for-vertical-climbing-green-ru\/\"><img src=\"https:\/\/www.daliform.com\/wp-content\/uploads\/2021\/07\/vgreen-verde-verticale-rampicante.jpg\"><\/a>\n\t\t\t<\/div>\n\t\t\t<div class=\"featured-box-content\"><h4>V-GREEN\u00ae<\/h4>\n\t\t\t<\/div>\n\t<\/div>[\/vc_column_inner][\/vc_row_inner][\/vc_column][vc_column width=&#187;1\/2&#8243;][vc_row_inner][vc_column_inner]\n\t<div class=\"custom-heading wpb_content_element  heading-medium\">\n\t\t<h2 class=\"heading-title\"  style=\"color: #dd3333;\">\u041a\u041e\u041d\u041d\u042b\u0425 \u0413\u0420\u0423\u041d\u0422\u041e\u0412<\/h2>\n\t\t<span class=\"heading-line primary\"><\/span>\n\t<\/div>[\/vc_column_inner][vc_column_inner width=&#187;1\/2&#8243;]\n\t<div class=\"wpb_content_element featured-box center-text\" >\n\t\t\t<div class=\"featured-box-thumb\"><a title=\"Easy Ride\" target=\"\" href=\"https:\/\/www.daliform.com\/ru\/grid-for-the-solidification-of-equestrian-foundations-ru\/\"><img src=\"https:\/\/www.daliform.com\/wp-content\/uploads\/2021\/07\/easy-ride-conolidamento-terreno-ippico.jpg\"><\/a>\n\t\t\t<\/div>\n\t\t\t<div class=\"featured-box-content\"><h4>EASY RIDE<\/h4>\n\t\t\t<\/div>\n\t<\/div>[\/vc_column_inner][vc_column_inner width=&#187;1\/2&#8243;][\/vc_column_inner][\/vc_row_inner][\/vc_column][\/vc_row]<\/p>\n","protected":false},"excerpt":{"rendered":"<p>\u041e\u0434\u043d\u043e\u0440\u0430\u0437\u043e\u0432\u0430\u044f \u043e\u043f\u0430\u043b\u0443\u0431\u043a\u0430 \u0434\u043b\u044f \u043f\u0443\u0441\u0442\u043e\u0442\u0435\u043b\u044b\u0445 \u043f\u043b\u0438\u0442, \u0444\u0443\u043d\u0434\u0430\u043c\u0435\u043d\u0442\u043e\u0432, \u043b\u0435\u0433\u043a\u0438\u0445 \u043f\u043b\u0438\u0442, \u0437\u0435\u043b\u0435\u043d\u044b\u0445 \u043a\u0440\u044b\u0448, \u0445\u0440\u0430\u043d\u0438\u043b\u0438\u0449 \u043b\u0438\u0432\u043d\u0435\u0432\u044b\u0445 \u0432\u043e\u0434 \u0438 \u0440\u0435\u0437\u0435\u0440\u0432\u0443\u0430\u0440\u043e\u0432 \u0434\u043b\u044f \u0440\u0430\u0441\u0441\u0435\u0438\u0432\u0430\u043d\u0438\u044f. \u041f\u043e\u0434\u044a\u0435\u0437\u0434\u043d\u044b\u0435 \u0440\u0435\u0448\u0435\u0442\u043a\u0438.<\/p>\n","protected":false},"author":11,"featured_media":35022,"parent":0,"menu_order":14,"comment_status":"closed","ping_status":"closed","template":"","meta":[],"acf":[],"aioseo_notices":[],"_links":{"self":[{"href":"https:\/\/www.daliform.com\/ru\/wp-json\/wp\/v2\/pages\/37526"}],"collection":[{"href":"https:\/\/www.daliform.com\/ru\/wp-json\/wp\/v2\/pages"}],"about":[{"href":"https:\/\/www.daliform.com\/ru\/wp-json\/wp\/v2\/types\/page"}],"author":[{"embeddable":true,"href":"https:\/\/www.daliform.com\/ru\/wp-json\/wp\/v2\/users\/11"}],"replies":[{"embeddable":true,"href":"https:\/\/www.daliform.com\/ru\/wp-json\/wp\/v2\/comments?post=37526"}],"version-history":[{"count":1,"href":"https:\/\/www.daliform.com\/ru\/wp-json\/wp\/v2\/pages\/37526\/revisions"}],"predecessor-version":[{"id":112911,"href":"https:\/\/www.daliform.com\/ru\/wp-json\/wp\/v2\/pages\/37526\/revisions\/112911"}],"wp:featuredmedia":[{"embeddable":true,"href":"https:\/\/www.daliform.com\/ru\/wp-json\/wp\/v2\/media\/35022"}],"wp:attachment":[{"href":"https:\/\/www.daliform.com\/ru\/wp-json\/wp\/v2\/media?parent=37526"}],"curies":[{"name":"wp","href":"https:\/\/api.w.org\/{rel}","templated":true}]}}