{"id":74340,"date":"2016-05-10T16:02:52","date_gmt":"2016-05-10T14:02:52","guid":{"rendered":"https:\/\/www.daliform.com\/?page_id=74340"},"modified":"2022-04-08T15:49:22","modified_gmt":"2022-04-08T13:49:22","slug":"download-area-iglu-green-roof","status":"publish","type":"page","link":"https:\/\/www.daliform.com\/pt-pt\/sistemas-para-jardins-suspensos\/download-area-iglu-green-roof\/","title":{"rendered":"Iglu&#8217;\u00ae Green Roof download area"},"content":{"rendered":"<p>[vc_row][vc_column]\n\t<div class=\"custom-heading wpb_content_element  heading-medium\">\n\t\t<h2 class=\"heading-title\" >BROWSE THROUGH OUR CATALOG<\/h2>\n\t\t<span class=\"heading-line primary\"><\/span>\n\t<\/div>[vc_row_inner][vc_column_inner width=&#8221;1\/4&#8243;][vc_column_text]<div class=\"_df_thumb \" id=\"df_105263\"  data-title=\"view-iglu-green-roof\" _slug=\"iglu-catalogo-italiano-3-2-2-3-2-2-3-2-3-2\" wpoptions=\"true\" thumb=\"https:\/\/www.daliform.com\/wp-content\/uploads\/2022\/04\/GREENROOF-cover.jpg\" thumbtype=\"bg\" >View IGLU&#8217;\u00ae GREEN ROOF<\/div><script class=\"df-shortcode-script\" type=\"application\/javascript\">window.option_df_105263 = {\"outline\":[],\"backgroundColor\":\"#f2f2f2\",\"hard\":\"cover\",\"forceFit\":\"true\",\"autoEnableOutline\":\"false\",\"autoEnableThumbnail\":\"false\",\"overwritePDFOutline\":\"false\",\"enableDownload\":\"false\",\"direction\":\"1\",\"pageSize\":\"0\",\"pageMode\":\"0\",\"singlePageMode\":\"0\",\"controlsPosition\":\"bottom\",\"soundEnable\":\"false\",\"source\":\"https:\\\/\\\/www.daliform.com\\\/wp-content\\\/uploads\\\/2022\\\/04\\\/Green-Roof_PT.pdf\",\"wpOptions\":\"true\"}; if(window.DFLIP && window.DFLIP.parseBooks){window.DFLIP.parseBooks();}<\/script>[\/vc_column_text][\/vc_column_inner][vc_column_inner width=&#8221;1\/4&#8243;][\/vc_column_inner][vc_column_inner width=&#8221;1\/4&#8243;][\/vc_column_inner][vc_column_inner width=&#8221;1\/4&#8243;][\/vc_column_inner][\/vc_row_inner][\/vc_column][\/vc_row][vc_row][vc_column]\n\t<div class=\"custom-heading wpb_content_element  heading-medium\">\n\t\t<h2 class=\"heading-title\" >DOWNLOAD AREA<\/h2>\n\t\t<span class=\"heading-line primary\"><\/span>\n\t<\/div>[vc_column_text]<div class='w3eden'><div class='row'><div class='col-md-3 col-sm-6 col-xs-12'><!-- WPDM Link Template: Default Template w\/Icon -->\n\n\n\n<div class=\"wpdm-link-tpl link-btn [color]\" data-durl=\"https:\/\/www.daliform.com\/pt-pt\/download\/itens-do-orcamento-15\/?wpdmdl=78229\" style=\"margin-bottom:10px; margin-top:15px;\" >\n    <div class=\"media\"> \n        <div class=\"pull-left\" style=\" width:50px;\"><img class=\"wpdm_icon\" alt=\"Icon\" src=\"https:\/\/www.daliform.com\/wp-content\/plugins\/download-manager\/assets\/file-type-icons\/doc.png\" onError='this.src=\"https:\/\/www.daliform.com\/wp-content\/plugins\/download-manager\/assets\/file-type-icons\/_blank.png\";' \/><\/div>\n        <div class=\"media-body\">\n        <div class=\"pull-left\"><p style=\"font-size:11px; text-align:left; font-weight:bold;  color:#000000;  line-height:10px;\">Itens do or\u00e7amento <\/p>\n            <div style=\"font-size:11px; line-height:10px; margin-top:-5px;\"><a class='wpdm-download-link wpdm-download-locked [btnclass]' rel='nofollow' href='#' onclick=\"location.href='https:\/\/www.daliform.com\/pt-pt\/download\/itens-do-orcamento-15\/?wpdmdl=78229';return false;\">Download<\/a><\/div>\n        <\/div>\n        <\/div>\n    <\/div>\n<\/div>\n<div style=\"clear: both\"><\/div><\/div><div class='col-md-3 col-sm-6 col-xs-12'><!-- WPDM Link Template: Default Template w\/Icon -->\n\n\n\n<div class=\"wpdm-link-tpl link-btn [color]\" data-durl=\"https:\/\/www.daliform.com\/pt-pt\/download\/katalog-46\/?wpdmdl=78230\" style=\"margin-bottom:10px; margin-top:15px;\" >\n    <div class=\"media\"> \n        <div class=\"pull-left\" style=\" width:50px;\"><img class=\"wpdm_icon\" alt=\"Icon\" src=\"https:\/\/www.daliform.com\/wp-content\/plugins\/download-manager\/assets\/file-type-icons\/pdf.png\" onError='this.src=\"https:\/\/www.daliform.com\/wp-content\/plugins\/download-manager\/assets\/file-type-icons\/_blank.png\";' \/><\/div>\n        <div class=\"media-body\">\n        <div class=\"pull-left\"><p style=\"font-size:11px; text-align:left; font-weight:bold;  color:#000000;  line-height:10px;\">Cat\u00e1logo <\/p>\n            <div style=\"font-size:11px; line-height:10px; margin-top:-5px;\"><a class='wpdm-download-link wpdm-download-locked [btnclass]' rel='nofollow' href='#' onclick=\"location.href='https:\/\/www.daliform.com\/pt-pt\/download\/katalog-46\/?wpdmdl=78230';return false;\">Download<\/a><\/div>\n        <\/div>\n        <\/div>\n    <\/div>\n<\/div>\n<div style=\"clear: both\"><\/div><\/div><\/div><div style='clear:both'><\/div><div class='text-center'><ul  class=\"pagination pagination-centered\"><\/ul><\/div>\n<div style='clear:both'><\/div><div style='clear:both'><\/div><\/div>[\/vc_column_text][vc_text_separator title=&#8221;Dados t\u00e9cnicos&#8221; title_align=&#8221;separator_align_left&#8221;][vc_column_text]<div class='w3eden'><div class='row'><div class='col-md-3 col-sm-6 col-xs-12'><!-- WPDM Link Template: Default Template w\/Icon -->\n\n\n\n<div class=\"wpdm-link-tpl link-btn [color]\" data-durl=\"https:\/\/www.daliform.com\/pt-pt\/download\/h-04-cm-reserva-2\/?wpdmdl=78314\" style=\"margin-bottom:10px; margin-top:15px;\" >\n    <div class=\"media\"> \n        <div class=\"pull-left\" style=\" width:50px;\"><img class=\"wpdm_icon\" alt=\"Icon\" src=\"https:\/\/www.daliform.com\/wp-content\/plugins\/download-manager\/assets\/file-type-icons\/pdf.png\" onError='this.src=\"https:\/\/www.daliform.com\/wp-content\/plugins\/download-manager\/assets\/file-type-icons\/_blank.png\";' \/><\/div>\n        <div class=\"media-body\">\n        <div class=\"pull-left\"><p style=\"font-size:11px; text-align:left; font-weight:bold;  color:#000000;  line-height:10px;\">H 04 cm - Reserva <\/p>\n            <div style=\"font-size:11px; line-height:10px; margin-top:-5px;\"><a class='wpdm-download-link wpdm-download-locked [btnclass]' rel='nofollow' href='#' onclick=\"location.href='https:\/\/www.daliform.com\/pt-pt\/download\/h-04-cm-reserva-2\/?wpdmdl=78314';return false;\">Download<\/a><\/div>\n        <\/div>\n        <\/div>\n    <\/div>\n<\/div>\n<div style=\"clear: both\"><\/div><\/div><div class='col-md-3 col-sm-6 col-xs-12'><!-- WPDM Link Template: Default Template w\/Icon -->\n\n\n\n<div class=\"wpdm-link-tpl link-btn [color]\" data-durl=\"https:\/\/www.daliform.com\/pt-pt\/download\/h-05-cm-reserva-e-dispersao\/?wpdmdl=78317\" style=\"margin-bottom:10px; margin-top:15px;\" >\n    <div class=\"media\"> \n        <div class=\"pull-left\" style=\" width:50px;\"><img class=\"wpdm_icon\" alt=\"Icon\" src=\"https:\/\/www.daliform.com\/wp-content\/plugins\/download-manager\/assets\/file-type-icons\/pdf.png\" onError='this.src=\"https:\/\/www.daliform.com\/wp-content\/plugins\/download-manager\/assets\/file-type-icons\/_blank.png\";' \/><\/div>\n        <div class=\"media-body\">\n        <div class=\"pull-left\"><p style=\"font-size:11px; text-align:left; font-weight:bold;  color:#000000;  line-height:10px;\">H 05 cm - Reserva e Dispers\u00e3o <\/p>\n            <div style=\"font-size:11px; line-height:10px; margin-top:-5px;\"><a class='wpdm-download-link wpdm-download-locked [btnclass]' rel='nofollow' href='#' onclick=\"location.href='https:\/\/www.daliform.com\/pt-pt\/download\/h-05-cm-reserva-e-dispersao\/?wpdmdl=78317';return false;\">Download<\/a><\/div>\n        <\/div>\n        <\/div>\n    <\/div>\n<\/div>\n<div style=\"clear: both\"><\/div><\/div><div class='col-md-3 col-sm-6 col-xs-12'><!-- WPDM Link Template: Default Template w\/Icon -->\n\n\n\n<div class=\"wpdm-link-tpl link-btn [color]\" data-durl=\"https:\/\/www.daliform.com\/pt-pt\/download\/h-09-cm-reserva-e-dispersao\/?wpdmdl=78318\" style=\"margin-bottom:10px; margin-top:15px;\" >\n    <div class=\"media\"> \n        <div class=\"pull-left\" style=\" width:50px;\"><img class=\"wpdm_icon\" alt=\"Icon\" src=\"https:\/\/www.daliform.com\/wp-content\/plugins\/download-manager\/assets\/file-type-icons\/pdf.png\" onError='this.src=\"https:\/\/www.daliform.com\/wp-content\/plugins\/download-manager\/assets\/file-type-icons\/_blank.png\";' \/><\/div>\n        <div class=\"media-body\">\n        <div class=\"pull-left\"><p style=\"font-size:11px; text-align:left; font-weight:bold;  color:#000000;  line-height:10px;\">H 09 cm - Reserva e Dispers\u00e3o <\/p>\n            <div style=\"font-size:11px; line-height:10px; margin-top:-5px;\"><a class='wpdm-download-link wpdm-download-locked [btnclass]' rel='nofollow' href='#' onclick=\"location.href='https:\/\/www.daliform.com\/pt-pt\/download\/h-09-cm-reserva-e-dispersao\/?wpdmdl=78318';return false;\">Download<\/a><\/div>\n        <\/div>\n        <\/div>\n    <\/div>\n<\/div>\n<div style=\"clear: both\"><\/div><\/div><\/div><div style='clear:both'><\/div><div class='text-center'><ul  class=\"pagination pagination-centered\"><\/ul><\/div>\n<div style='clear:both'><\/div><div style='clear:both'><\/div><\/div>[\/vc_column_text][vc_text_separator title=&#8221;Detalhes da constru\u00e7\u00e3o&#8221; title_align=&#8221;separator_align_left&#8221;][vc_column_text]<div class='w3eden'><div class='row'><div class='col-md-3 col-sm-6 col-xs-12'><!-- WPDM Link Template: Default Template w\/Icon -->\n\n\n\n<div class=\"wpdm-link-tpl link-btn [color]\" data-durl=\"https:\/\/www.daliform.com\/pt-pt\/download\/detalhe-de-jardim-suspenso-extensivo\/?wpdmdl=78388\" style=\"margin-bottom:10px; margin-top:15px;\" >\n    <div class=\"media\"> \n        <div class=\"pull-left\" style=\" width:50px;\"><img class=\"wpdm_icon\" alt=\"Icon\" src=\"https:\/\/www.daliform.com\/wp-content\/plugins\/download-manager\/assets\/file-type-icons\/dwg.png\" onError='this.src=\"https:\/\/www.daliform.com\/wp-content\/plugins\/download-manager\/assets\/file-type-icons\/_blank.png\";' \/><\/div>\n        <div class=\"media-body\">\n        <div class=\"pull-left\"><p style=\"font-size:11px; text-align:left; font-weight:bold;  color:#000000;  line-height:10px;\">Detalhe de jardim suspenso extensivo <\/p>\n            <div style=\"font-size:11px; line-height:10px; margin-top:-5px;\"><a class='wpdm-download-link wpdm-download-locked [btnclass]' rel='nofollow' href='#' onclick=\"location.href='https:\/\/www.daliform.com\/pt-pt\/download\/detalhe-de-jardim-suspenso-extensivo\/?wpdmdl=78388';return false;\">Download<\/a><\/div>\n        <\/div>\n        <\/div>\n    <\/div>\n<\/div>\n<div style=\"clear: both\"><\/div><\/div><div class='col-md-3 col-sm-6 col-xs-12'><!-- WPDM Link Template: Default Template w\/Icon -->\n\n\n\n<div class=\"wpdm-link-tpl link-btn [color]\" data-durl=\"https:\/\/www.daliform.com\/pt-pt\/download\/jardim-suspenso-extensivo\/?wpdmdl=78387\" style=\"margin-bottom:10px; margin-top:15px;\" >\n    <div class=\"media\"> \n        <div class=\"pull-left\" style=\" width:50px;\"><img class=\"wpdm_icon\" alt=\"Icon\" src=\"https:\/\/www.daliform.com\/wp-content\/plugins\/download-manager\/assets\/file-type-icons\/dwg.png\" onError='this.src=\"https:\/\/www.daliform.com\/wp-content\/plugins\/download-manager\/assets\/file-type-icons\/_blank.png\";' \/><\/div>\n        <div class=\"media-body\">\n        <div class=\"pull-left\"><p style=\"font-size:11px; text-align:left; font-weight:bold;  color:#000000;  line-height:10px;\">Jardim suspenso extensivo <\/p>\n            <div style=\"font-size:11px; line-height:10px; margin-top:-5px;\"><a class='wpdm-download-link wpdm-download-locked [btnclass]' rel='nofollow' href='#' onclick=\"location.href='https:\/\/www.daliform.com\/pt-pt\/download\/jardim-suspenso-extensivo\/?wpdmdl=78387';return false;\">Download<\/a><\/div>\n        <\/div>\n        <\/div>\n    <\/div>\n<\/div>\n<div style=\"clear: both\"><\/div><\/div><div class='col-md-3 col-sm-6 col-xs-12'><!-- WPDM Link Template: Default Template w\/Icon -->\n\n\n\n<div class=\"wpdm-link-tpl link-btn [color]\" data-durl=\"https:\/\/www.daliform.com\/pt-pt\/download\/jardim-suspenso-intensivo\/?wpdmdl=78389\" style=\"margin-bottom:10px; margin-top:15px;\" >\n    <div class=\"media\"> \n        <div class=\"pull-left\" style=\" width:50px;\"><img class=\"wpdm_icon\" alt=\"Icon\" src=\"https:\/\/www.daliform.com\/wp-content\/plugins\/download-manager\/assets\/file-type-icons\/dwg.png\" onError='this.src=\"https:\/\/www.daliform.com\/wp-content\/plugins\/download-manager\/assets\/file-type-icons\/_blank.png\";' \/><\/div>\n        <div class=\"media-body\">\n        <div class=\"pull-left\"><p style=\"font-size:11px; text-align:left; font-weight:bold;  color:#000000;  line-height:10px;\">Jardim suspenso intensivo <\/p>\n            <div style=\"font-size:11px; line-height:10px; margin-top:-5px;\"><a class='wpdm-download-link wpdm-download-locked [btnclass]' rel='nofollow' href='#' onclick=\"location.href='https:\/\/www.daliform.com\/pt-pt\/download\/jardim-suspenso-intensivo\/?wpdmdl=78389';return false;\">Download<\/a><\/div>\n        <\/div>\n        <\/div>\n    <\/div>\n<\/div>\n<div style=\"clear: both\"><\/div><\/div><div class='col-md-3 col-sm-6 col-xs-12'><!-- WPDM Link Template: Default Template w\/Icon -->\n\n\n\n<div class=\"wpdm-link-tpl link-btn [color]\" data-durl=\"https:\/\/www.daliform.com\/pt-pt\/download\/jardim-suspenso-intensivo-2\/?wpdmdl=78390\" style=\"margin-bottom:10px; margin-top:15px;\" >\n    <div class=\"media\"> \n        <div class=\"pull-left\" style=\" width:50px;\"><img class=\"wpdm_icon\" alt=\"Icon\" src=\"https:\/\/www.daliform.com\/wp-content\/plugins\/download-manager\/assets\/file-type-icons\/dwg.png\" onError='this.src=\"https:\/\/www.daliform.com\/wp-content\/plugins\/download-manager\/assets\/file-type-icons\/_blank.png\";' \/><\/div>\n        <div class=\"media-body\">\n        <div class=\"pull-left\"><p style=\"font-size:11px; text-align:left; font-weight:bold;  color:#000000;  line-height:10px;\">Jardim suspenso intensivo 2 <\/p>\n            <div style=\"font-size:11px; line-height:10px; margin-top:-5px;\"><a class='wpdm-download-link wpdm-download-locked [btnclass]' rel='nofollow' href='#' onclick=\"location.href='https:\/\/www.daliform.com\/pt-pt\/download\/jardim-suspenso-intensivo-2\/?wpdmdl=78390';return false;\">Download<\/a><\/div>\n        <\/div>\n        <\/div>\n    <\/div>\n<\/div>\n<div style=\"clear: both\"><\/div><\/div><div class='col-md-3 col-sm-6 col-xs-12'><!-- WPDM Link Template: Default Template w\/Icon -->\n\n\n\n<div class=\"wpdm-link-tpl link-btn [color]\" data-durl=\"https:\/\/www.daliform.com\/pt-pt\/download\/jardim-suspenso-intensivo-pedonal\/?wpdmdl=78392\" style=\"margin-bottom:10px; margin-top:15px;\" >\n    <div class=\"media\"> \n        <div class=\"pull-left\" style=\" width:50px;\"><img class=\"wpdm_icon\" alt=\"Icon\" src=\"https:\/\/www.daliform.com\/wp-content\/plugins\/download-manager\/assets\/file-type-icons\/dwg.png\" onError='this.src=\"https:\/\/www.daliform.com\/wp-content\/plugins\/download-manager\/assets\/file-type-icons\/_blank.png\";' \/><\/div>\n        <div class=\"media-body\">\n        <div class=\"pull-left\"><p style=\"font-size:11px; text-align:left; font-weight:bold;  color:#000000;  line-height:10px;\">Jardim suspenso intensivo pedonal <\/p>\n            <div style=\"font-size:11px; line-height:10px; margin-top:-5px;\"><a class='wpdm-download-link wpdm-download-locked [btnclass]' rel='nofollow' href='#' onclick=\"location.href='https:\/\/www.daliform.com\/pt-pt\/download\/jardim-suspenso-intensivo-pedonal\/?wpdmdl=78392';return false;\">Download<\/a><\/div>\n        <\/div>\n        <\/div>\n    <\/div>\n<\/div>\n<div style=\"clear: both\"><\/div><\/div><div class='col-md-3 col-sm-6 col-xs-12'><!-- WPDM Link Template: Default Template w\/Icon -->\n\n\n\n<div class=\"wpdm-link-tpl link-btn [color]\" data-durl=\"https:\/\/www.daliform.com\/pt-pt\/download\/telhado-verdes\/?wpdmdl=78391\" style=\"margin-bottom:10px; margin-top:15px;\" >\n    <div class=\"media\"> \n        <div class=\"pull-left\" style=\" width:50px;\"><img class=\"wpdm_icon\" alt=\"Icon\" src=\"https:\/\/www.daliform.com\/wp-content\/plugins\/download-manager\/assets\/file-type-icons\/dwg.png\" onError='this.src=\"https:\/\/www.daliform.com\/wp-content\/plugins\/download-manager\/assets\/file-type-icons\/_blank.png\";' \/><\/div>\n        <div class=\"media-body\">\n        <div class=\"pull-left\"><p style=\"font-size:11px; text-align:left; font-weight:bold;  color:#000000;  line-height:10px;\">Telhado verdes <\/p>\n            <div style=\"font-size:11px; line-height:10px; margin-top:-5px;\"><a class='wpdm-download-link wpdm-download-locked [btnclass]' rel='nofollow' href='#' onclick=\"location.href='https:\/\/www.daliform.com\/pt-pt\/download\/telhado-verdes\/?wpdmdl=78391';return false;\">Download<\/a><\/div>\n        <\/div>\n        <\/div>\n    <\/div>\n<\/div>\n<div style=\"clear: both\"><\/div><\/div><\/div><div style='clear:both'><\/div><div class='text-center'><ul  class=\"pagination pagination-centered\"><\/ul><\/div>\n<div style='clear:both'><\/div><div style='clear:both'><\/div><\/div>[\/vc_column_text][\/vc_column][\/vc_row]<\/p>\n","protected":false},"excerpt":{"rendered":"<p>Iglu&#8217;\u00ae Green Roof Daliform Group download area: cat\u00e1logos, documentos, instru\u00e7\u00f5es de uso, fichas t\u00e9cnicas, detalhes de desenhos e refer\u00eancias.<\/p>\n","protected":false},"author":1,"featured_media":0,"parent":69705,"menu_order":4,"comment_status":"closed","ping_status":"closed","template":"","meta":[],"acf":[],"aioseo_notices":[],"_links":{"self":[{"href":"https:\/\/www.daliform.com\/pt-pt\/wp-json\/wp\/v2\/pages\/74340"}],"collection":[{"href":"https:\/\/www.daliform.com\/pt-pt\/wp-json\/wp\/v2\/pages"}],"about":[{"href":"https:\/\/www.daliform.com\/pt-pt\/wp-json\/wp\/v2\/types\/page"}],"author":[{"embeddable":true,"href":"https:\/\/www.daliform.com\/pt-pt\/wp-json\/wp\/v2\/users\/1"}],"replies":[{"embeddable":true,"href":"https:\/\/www.daliform.com\/pt-pt\/wp-json\/wp\/v2\/comments?post=74340"}],"version-history":[{"count":0,"href":"https:\/\/www.daliform.com\/pt-pt\/wp-json\/wp\/v2\/pages\/74340\/revisions"}],"up":[{"embeddable":true,"href":"https:\/\/www.daliform.com\/pt-pt\/wp-json\/wp\/v2\/pages\/69705"}],"wp:attachment":[{"href":"https:\/\/www.daliform.com\/pt-pt\/wp-json\/wp\/v2\/media?parent=74340"}],"curies":[{"name":"wp","href":"https:\/\/api.w.org\/{rel}","templated":true}]}}