{"id":73455,"date":"2016-05-11T16:35:52","date_gmt":"2016-05-11T14:35:52","guid":{"rendered":"https:\/\/www.daliform.com\/?page_id=73455"},"modified":"2022-04-08T14:00:49","modified_gmt":"2022-04-08T12:00:49","slug":"download-area-salvaprato-erby","status":"publish","type":"page","link":"https:\/\/www.daliform.com\/pt-pt\/salvaprato-erby-grelha-para-circulacao-automovel\/download-area-salvaprato-erby\/","title":{"rendered":"Salvaprato Erby download area"},"content":{"rendered":"<p>[vc_row][vc_column]\n\t<div class=\"custom-heading wpb_content_element  heading-medium\">\n\t\t<h2 class=\"heading-title\" >BROWSE THROUGH OUR CATALOG<\/h2>\n\t\t<span class=\"heading-line primary\"><\/span>\n\t<\/div>[vc_row_inner][vc_column_inner width=&#8221;1\/4&#8243;][vc_column_text]<span data-sheets-value=\"{&quot;1&quot;:2,&quot;2&quot;:&quot;&lt;div class=&quot;_df_book df-lite&quot; id=&quot;&quot;105328&quot;&quot;  data-title=&quot;&quot; _slug=&quot;&quot; wpoptions=&quot;true&quot; thumbtype=&quot;bg&quot; &gt;&lt;p class=&quot;df-raw-loading&quot;&gt;Please wait while flipbook is loading. For more related info, FAQs and issues please refer to  documentation.&lt;\/p&gt;&lt;\/div&gt;&quot;}\" data-sheets-userformat=\"{&quot;2&quot;:573,&quot;3&quot;:{&quot;1&quot;:0},&quot;5&quot;:{&quot;1&quot;:[{&quot;1&quot;:2,&quot;2&quot;:0,&quot;5&quot;:{&quot;1&quot;:2,&quot;2&quot;:0}},{&quot;1&quot;:0,&quot;2&quot;:0,&quot;3&quot;:3},{&quot;1&quot;:1,&quot;2&quot;:0,&quot;4&quot;:1}]},&quot;6&quot;:{&quot;1&quot;:[{&quot;1&quot;:2,&quot;2&quot;:0,&quot;5&quot;:{&quot;1&quot;:2,&quot;2&quot;:0}},{&quot;1&quot;:0,&quot;2&quot;:0,&quot;3&quot;:3},{&quot;1&quot;:1,&quot;2&quot;:0,&quot;4&quot;:1}]},&quot;7&quot;:{&quot;1&quot;:[{&quot;1&quot;:2,&quot;2&quot;:0,&quot;5&quot;:{&quot;1&quot;:2,&quot;2&quot;:0}},{&quot;1&quot;:0,&quot;2&quot;:0,&quot;3&quot;:3},{&quot;1&quot;:1,&quot;2&quot;:0,&quot;4&quot;:1}]},&quot;8&quot;:{&quot;1&quot;:[{&quot;1&quot;:2,&quot;2&quot;:0,&quot;5&quot;:{&quot;1&quot;:2,&quot;2&quot;:0}},{&quot;1&quot;:0,&quot;2&quot;:0,&quot;3&quot;:3},{&quot;1&quot;:1,&quot;2&quot;:0,&quot;4&quot;:1}]},&quot;12&quot;:0}\"><div class=\"_df_thumb \" id=\"df_105328\"  data-title=\"view-salvaprato-erby\" _slug=\"iglu-catalogo-italiano-3-2-2-3-2-2-2-2-2-2-2-3-2-3-2\" wpoptions=\"true\" thumb=\"https:\/\/www.daliform.com\/wp-content\/uploads\/2022\/04\/ERBY-cover.jpg\" thumbtype=\"bg\" >View SALVAPRATO ERBY<\/div><script class=\"df-shortcode-script\" type=\"application\/javascript\">window.option_df_105328 = {\"outline\":[],\"backgroundColor\":\"#f2f2f2\",\"hard\":\"cover\",\"forceFit\":\"true\",\"autoEnableOutline\":\"false\",\"autoEnableThumbnail\":\"false\",\"overwritePDFOutline\":\"false\",\"enableDownload\":\"false\",\"direction\":\"1\",\"pageSize\":\"0\",\"pageMode\":\"0\",\"singlePageMode\":\"0\",\"controlsPosition\":\"bottom\",\"soundEnable\":\"false\",\"source\":\"https:\\\/\\\/www.daliform.com\\\/wp-content\\\/uploads\\\/2022\\\/04\\\/SALVAPRATO_Erby_PT.pdf\",\"wpOptions\":\"true\"}; if(window.DFLIP && window.DFLIP.parseBooks){window.DFLIP.parseBooks();}<\/script><\/span>[\/vc_column_text][\/vc_column_inner][vc_column_inner width=&#8221;1\/4&#8243;][\/vc_column_inner][vc_column_inner width=&#8221;1\/4&#8243;][\/vc_column_inner][vc_column_inner width=&#8221;1\/4&#8243;][\/vc_column_inner][\/vc_row_inner][\/vc_column][\/vc_row][vc_row][vc_column]\n\t<div class=\"custom-heading wpb_content_element  heading-medium\">\n\t\t<h2 class=\"heading-title\" >DOWNLOAD AREA<\/h2>\n\t\t<span class=\"heading-line primary\"><\/span>\n\t<\/div>[vc_column_text]<div class='w3eden'><div class='row'><div class='col-md-3 col-sm-6 col-xs-12'><!-- WPDM Link Template: Default Template w\/Icon -->\n\n\n\n<div class=\"wpdm-link-tpl link-btn [color]\" data-durl=\"https:\/\/www.daliform.com\/pt-pt\/download\/itens-do-orcamento-12\/?wpdmdl=77834\" style=\"margin-bottom:10px; margin-top:15px;\" >\n    <div class=\"media\"> \n        <div class=\"pull-left\" style=\" width:50px;\"><img class=\"wpdm_icon\" alt=\"Icon\" src=\"https:\/\/www.daliform.com\/wp-content\/plugins\/download-manager\/assets\/file-type-icons\/doc.png\" onError='this.src=\"https:\/\/www.daliform.com\/wp-content\/plugins\/download-manager\/assets\/file-type-icons\/_blank.png\";' \/><\/div>\n        <div class=\"media-body\">\n        <div class=\"pull-left\"><p style=\"font-size:11px; text-align:left; font-weight:bold;  color:#000000;  line-height:10px;\">Itens do or\u00e7amento <\/p>\n            <div style=\"font-size:11px; line-height:10px; margin-top:-5px;\"><a class='wpdm-download-link wpdm-download-locked [btnclass]' rel='nofollow' href='#' onclick=\"location.href='https:\/\/www.daliform.com\/pt-pt\/download\/itens-do-orcamento-12\/?wpdmdl=77834';return false;\">Download<\/a><\/div>\n        <\/div>\n        <\/div>\n    <\/div>\n<\/div>\n<div style=\"clear: both\"><\/div><\/div><div class='col-md-3 col-sm-6 col-xs-12'><!-- WPDM Link Template: Default Template w\/Icon -->\n\n\n\n<div class=\"wpdm-link-tpl link-btn [color]\" data-durl=\"https:\/\/www.daliform.com\/pt-pt\/download\/catalogo-36\/?wpdmdl=77835\" style=\"margin-bottom:10px; margin-top:15px;\" >\n    <div class=\"media\"> \n        <div class=\"pull-left\" style=\" width:50px;\"><img class=\"wpdm_icon\" alt=\"Icon\" src=\"https:\/\/www.daliform.com\/wp-content\/plugins\/download-manager\/assets\/file-type-icons\/pdf.png\" onError='this.src=\"https:\/\/www.daliform.com\/wp-content\/plugins\/download-manager\/assets\/file-type-icons\/_blank.png\";' \/><\/div>\n        <div class=\"media-body\">\n        <div class=\"pull-left\"><p style=\"font-size:11px; text-align:left; font-weight:bold;  color:#000000;  line-height:10px;\">Cat\u00e1logo <\/p>\n            <div style=\"font-size:11px; line-height:10px; margin-top:-5px;\"><a class='wpdm-download-link wpdm-download-locked [btnclass]' rel='nofollow' href='#' onclick=\"location.href='https:\/\/www.daliform.com\/pt-pt\/download\/catalogo-36\/?wpdmdl=77835';return false;\">Download<\/a><\/div>\n        <\/div>\n        <\/div>\n    <\/div>\n<\/div>\n<div style=\"clear: both\"><\/div><\/div><\/div><div style='clear:both'><\/div><div class='text-center'><ul  class=\"pagination pagination-centered\"><\/ul><\/div>\n<div style='clear:both'><\/div><div style='clear:both'><\/div><\/div>[\/vc_column_text][vc_text_separator title=&#8221;Dados t\u00e9cnicos&#8221; title_align=&#8221;separator_align_left&#8221;][vc_column_text]<div class='w3eden'><div class='row'><div class='col-md-3 col-sm-6 col-xs-12'><!-- WPDM Link Template: Default Template w\/Icon -->\n\n\n\n<div class=\"wpdm-link-tpl link-btn [color]\" data-durl=\"https:\/\/www.daliform.com\/pt-pt\/download\/dados-tecnicos-5\/?wpdmdl=77850\" style=\"margin-bottom:10px; margin-top:15px;\" >\n    <div class=\"media\"> \n        <div class=\"pull-left\" style=\" width:50px;\"><img class=\"wpdm_icon\" alt=\"Icon\" src=\"https:\/\/www.daliform.com\/wp-content\/plugins\/download-manager\/assets\/file-type-icons\/pdf.png\" onError='this.src=\"https:\/\/www.daliform.com\/wp-content\/plugins\/download-manager\/assets\/file-type-icons\/_blank.png\";' \/><\/div>\n        <div class=\"media-body\">\n        <div class=\"pull-left\"><p style=\"font-size:11px; text-align:left; font-weight:bold;  color:#000000;  line-height:10px;\">Dados t\u00e9cnicos <\/p>\n            <div style=\"font-size:11px; line-height:10px; margin-top:-5px;\"><a class='wpdm-download-link wpdm-download-locked [btnclass]' rel='nofollow' href='#' onclick=\"location.href='https:\/\/www.daliform.com\/pt-pt\/download\/dados-tecnicos-5\/?wpdmdl=77850';return false;\">Download<\/a><\/div>\n        <\/div>\n        <\/div>\n    <\/div>\n<\/div>\n<div style=\"clear: both\"><\/div><\/div><\/div><div style='clear:both'><\/div><div class='text-center'><ul  class=\"pagination pagination-centered\"><\/ul><\/div>\n<div style='clear:both'><\/div><div style='clear:both'><\/div><\/div>[\/vc_column_text][\/vc_column][\/vc_row]<\/p>\n","protected":false},"excerpt":{"rendered":"<p>Salvaprato ERBY Daliform Group download area: cat\u00e1logos, documentos, instru\u00e7\u00f5es de uso, fichas t\u00e9cnicas, detalhes de desenhos e refer\u00eancias.<\/p>\n","protected":false},"author":1,"featured_media":0,"parent":68637,"menu_order":3,"comment_status":"closed","ping_status":"closed","template":"","meta":[],"acf":[],"aioseo_notices":[],"_links":{"self":[{"href":"https:\/\/www.daliform.com\/pt-pt\/wp-json\/wp\/v2\/pages\/73455"}],"collection":[{"href":"https:\/\/www.daliform.com\/pt-pt\/wp-json\/wp\/v2\/pages"}],"about":[{"href":"https:\/\/www.daliform.com\/pt-pt\/wp-json\/wp\/v2\/types\/page"}],"author":[{"embeddable":true,"href":"https:\/\/www.daliform.com\/pt-pt\/wp-json\/wp\/v2\/users\/1"}],"replies":[{"embeddable":true,"href":"https:\/\/www.daliform.com\/pt-pt\/wp-json\/wp\/v2\/comments?post=73455"}],"version-history":[{"count":0,"href":"https:\/\/www.daliform.com\/pt-pt\/wp-json\/wp\/v2\/pages\/73455\/revisions"}],"up":[{"embeddable":true,"href":"https:\/\/www.daliform.com\/pt-pt\/wp-json\/wp\/v2\/pages\/68637"}],"wp:attachment":[{"href":"https:\/\/www.daliform.com\/pt-pt\/wp-json\/wp\/v2\/media?parent=73455"}],"curies":[{"name":"wp","href":"https:\/\/api.w.org\/{rel}","templated":true}]}}