{"id":71021,"date":"2015-02-05T10:21:41","date_gmt":"2015-02-05T09:21:41","guid":{"rendered":"https:\/\/www.daliform.com\/?page_id=71021"},"modified":"2022-02-15T15:13:52","modified_gmt":"2022-02-15T14:13:52","slug":"empresa","status":"publish","type":"page","link":"https:\/\/www.daliform.com\/pt-pt\/empresa\/","title":{"rendered":"Empresa"},"content":{"rendered":"<p>[vc_row padding_top=&#8221;10&#8243; padding_bottom=&#8221;10&#8243;][vc_column width=&#8221;1\/3&#8243;][vc_single_image image=&#8221;71027&#8243; img_size=&#8221;full&#8221; alignment=&#8221;center&#8221;][\/vc_column][vc_column width=&#8221;2\/3&#8243;][vc_column_text]<\/p>\n<h5 style=\"text-align: justify;\"><strong>O Daliform Group \u00e9 a empresa l\u00edder na cria\u00e7\u00e3o e produ\u00e7\u00e3o de artefatos em pl\u00e1stico para o mundo da constru\u00e7\u00e3o.<\/strong><\/h5>\n<p>A empresa, com o seu pessoal t\u00e9cnico de engenheiros altamente qualificados, continua a ser uma \u201cf\u00e1brica de inova\u00e7\u00f5es de grande sucesso\u201d; inova\u00e7\u00f5es que melhoraram sensivelmente o modo de construir ao longo das \u00faltimas duas d\u00e9cadas, com particular refer\u00eancia \u00e0s caixas de ar ventiladas (IGLU\u2019<sub><sup>\u00ae<\/sup><\/sub> e ATLANTIS), \u00e0s lajes aligeiradas bidireccionais (U-BOOT<sub><sup>\u00ae<\/sup><\/sub> BETON) e unidireccionais (U-BAHN BETON<sub><sup>\u00ae<\/sup><\/sub>), \u00e0s grelhas de enrelvamento (PRATOPRATICO<sub><sup>\u00ae<\/sup><\/sub>, E.C.O. de Pratopratico<sub><sup>\u00ae<\/sup><\/sub>, Easy Park<sub><sup>\u00ae<\/sup><\/sub>, Easy Ride).[\/vc_column_text][\/vc_column][vc_column css=&#8221;.vc_custom_1459494796289{margin-top: 10px !important;margin-bottom: -10px !important;}&#8221;][vc_column_text]<\/p>\n<p style=\"text-align: justify;\">O Daliform Group srl foi constitu\u00eddo em 2009 com o objetivo de herdar o prestigioso e exclusivo patrim\u00f3nio de conhecimentos e compet\u00eancias da Daliform srl de Pordenone, que desde 1993 se distinguiu pela capacidade de criar produtos evolu\u00eddos para a constru\u00e7\u00e3o de pl\u00e1stico reciclado, destinados a resolver de forma definitiva o problema da umidade ascendente, bem como da concentra\u00e7\u00e3o de g\u00e1s rad\u00e3o que se liberta do subsolo.<\/p>\n<p><em>A iniciativa empresarial foi inspirada, por volta do in\u00edcio da d\u00e9cada de 90, por uma lei da Regi\u00e3o Friuli Venezia Giulia (a n\u00famero 44 de 23 de Agosto de 1985) que, pela primeira vez na It\u00e1lia, regulamentou detalhadamente a obriga\u00e7\u00e3o de utilizar a caixa de ar ventilada devido a fortes concentra\u00e7\u00f5es de g\u00e1s Rad\u00e3o no territ\u00f3rio regional. <\/em><br \/>\n<em>Tendo em conta as constru\u00e7\u00f5es tradicionais (muros e tijolos ou pisos) a Daliform srl prop\u00f4s o seu inovador e revolucion\u00e1rio sistema de cofragem IGLU\u2019 que, em pouqu\u00edssimo tempo, se afirmou com grande sucesso.<\/em>[\/vc_column_text][\/vc_column][\/vc_row]<\/p>\n","protected":false},"excerpt":{"rendered":"<p>O Daliform Group \u00e9 a empresa l\u00edder na cria\u00e7\u00e3o e produ\u00e7\u00e3o de artefatos em pl\u00e1stico para o mundo da constru\u00e7\u00e3o. <\/p>\n","protected":false},"author":1,"featured_media":70788,"parent":0,"menu_order":38,"comment_status":"closed","ping_status":"closed","template":"template-company.php","meta":[],"acf":[],"aioseo_notices":[],"_links":{"self":[{"href":"https:\/\/www.daliform.com\/pt-pt\/wp-json\/wp\/v2\/pages\/71021"}],"collection":[{"href":"https:\/\/www.daliform.com\/pt-pt\/wp-json\/wp\/v2\/pages"}],"about":[{"href":"https:\/\/www.daliform.com\/pt-pt\/wp-json\/wp\/v2\/types\/page"}],"author":[{"embeddable":true,"href":"https:\/\/www.daliform.com\/pt-pt\/wp-json\/wp\/v2\/users\/1"}],"replies":[{"embeddable":true,"href":"https:\/\/www.daliform.com\/pt-pt\/wp-json\/wp\/v2\/comments?post=71021"}],"version-history":[{"count":0,"href":"https:\/\/www.daliform.com\/pt-pt\/wp-json\/wp\/v2\/pages\/71021\/revisions"}],"wp:featuredmedia":[{"embeddable":true,"href":"https:\/\/www.daliform.com\/pt-pt\/wp-json\/wp\/v2\/media\/70788"}],"wp:attachment":[{"href":"https:\/\/www.daliform.com\/pt-pt\/wp-json\/wp\/v2\/media?parent=71021"}],"curies":[{"name":"wp","href":"https:\/\/api.w.org\/{rel}","templated":true}]}}