{"id":70825,"date":"2016-04-06T15:18:46","date_gmt":"2016-04-06T13:18:46","guid":{"rendered":"https:\/\/www.daliform.com\/?page_id=70825"},"modified":"2022-05-13T15:03:41","modified_gmt":"2022-05-13T13:03:41","slug":"departamento-tecnico","status":"publish","type":"page","link":"https:\/\/www.daliform.com\/pt-pt\/departamento-tecnico\/","title":{"rendered":"Departamento t\u00e9cnico"},"content":{"rendered":"<p>[vc_row row_type=&#8221;row_full_center_content&#8221;][vc_column][vc_row_inner][vc_column_inner width=&#8221;1\/3&#8243;][vc_single_image image=&#8221;107414&#8243; img_size=&#8221;large&#8221; style=&#8221;vc_box_border&#8221;][\/vc_column_inner][vc_column_inner width=&#8221;2\/3&#8243;][vc_column_text]<\/p>\n<p style=\"text-align: justify;\"><span style=\"color: #000000;\"><strong>The Daliform Group engineering service<\/strong> is available to our customers (designers, companies, resellers, commissioning entities) for planning, coplanning, feasibility studies, comparative and cost analyses.<\/span><\/p>\n<p><span style=\"color: #000000;\">Our technical office, thanks to our team of expert engineers, is able to provide all the necessary support from the preliminary and planning phase up to building site assistance.<\/span><br \/>\n<span style=\"color: #000000;\">Daliform Group products are present in the <strong>BIM Files<\/strong> and can be easily inserted into the project thanks to the in-depth properties associated with the objects.<\/span>[\/vc_column_text][vc_column_text]<\/p>\n<p style=\"text-align: justify;\"><span style=\"color: #000000;\"><strong>O servi\u00e7o de engenharia do Daliform Group<\/strong> est\u00e1 \u00e0 disposi\u00e7\u00e3o dos clientes (designers, empresas, revendedores, etc) no que diz respeito ao design, co-design, estudos de viabilidade, an\u00e1lises comparativas e de custos. Dimensionamentos, realiza\u00e7\u00e3o de testes, ensaios e certifica\u00e7\u00f5es. Estimativas, medi\u00e7\u00f5es e planos de coloca\u00e7\u00e3o na obra dos produtos. Assist\u00eancia na obra.<\/span><\/p>\n<p><span style=\"color: #000000;\">Nosso escrit\u00f3rio t\u00e9cnico, gra\u00e7as \u00e0 nossa equipe de engenheiros especializados, \u00e9 capaz de fornecer todo o apoio necess\u00e1rio, desde a fase preliminar e de planejamento at\u00e9 a assist\u00eancia na obra.<\/span><br \/>\n<span style=\"color: #000000;\">Os produtos Daliform Group est\u00e3o presentes nas <strong>BIM files<\/strong> e podem ser facilmente inseridos no projeto, gra\u00e7as \u00e0s propriedades detalhadas associadas aos objetos.<\/span>[\/vc_column_text][vc_button title=&#8221;BIM &#8211; Download&#8221; color=&#8221;primary&#8221; margin_top=&#8221;-20px&#8221; link=&#8221;url:https%3A%2F%2Fwww.daliform.com%2Fpt-pt%2Fbim-bibliotecas-daliform%2F|title:BIM&#8221;][\/vc_column_inner][\/vc_row_inner][\/vc_column][\/vc_row]<\/p>\n","protected":false},"excerpt":{"rendered":"<p>O servi\u00e7o de engenharia est\u00e1 \u00e0 disposi\u00e7\u00e3o dos clientes no que diz respeito ao design, co-design, estudos de viabilidade, an\u00e1lises comparativas e de custos. <\/p>\n","protected":false},"author":1,"featured_media":0,"parent":0,"menu_order":37,"comment_status":"closed","ping_status":"closed","template":"template-product.php","meta":[],"acf":[],"aioseo_notices":[],"_links":{"self":[{"href":"https:\/\/www.daliform.com\/pt-pt\/wp-json\/wp\/v2\/pages\/70825"}],"collection":[{"href":"https:\/\/www.daliform.com\/pt-pt\/wp-json\/wp\/v2\/pages"}],"about":[{"href":"https:\/\/www.daliform.com\/pt-pt\/wp-json\/wp\/v2\/types\/page"}],"author":[{"embeddable":true,"href":"https:\/\/www.daliform.com\/pt-pt\/wp-json\/wp\/v2\/users\/1"}],"replies":[{"embeddable":true,"href":"https:\/\/www.daliform.com\/pt-pt\/wp-json\/wp\/v2\/comments?post=70825"}],"version-history":[{"count":2,"href":"https:\/\/www.daliform.com\/pt-pt\/wp-json\/wp\/v2\/pages\/70825\/revisions"}],"predecessor-version":[{"id":107621,"href":"https:\/\/www.daliform.com\/pt-pt\/wp-json\/wp\/v2\/pages\/70825\/revisions\/107621"}],"wp:attachment":[{"href":"https:\/\/www.daliform.com\/pt-pt\/wp-json\/wp\/v2\/media?parent=70825"}],"curies":[{"name":"wp","href":"https:\/\/api.w.org\/{rel}","templated":true}]}}