{"id":69705,"date":"2016-05-10T15:44:52","date_gmt":"2016-05-10T13:44:52","guid":{"rendered":"https:\/\/www.daliform.com\/?page_id=69705"},"modified":"2022-02-17T17:12:21","modified_gmt":"2022-02-17T16:12:21","slug":"sistemas-para-jardins-suspensos","status":"publish","type":"page","link":"https:\/\/www.daliform.com\/pt-pt\/sistemas-para-jardins-suspensos\/","title":{"rendered":"Iglu&#8217;\u00ae Green Roof"},"content":{"rendered":"<p>[vc_row][vc_column width=&#8221;1\/4&#8243;][vc_single_image image=&#8221;64536&#8243; img_size=&#8221;large&#8221;][\/vc_column][vc_column width=&#8221;3\/4&#8243;][vc_column_text]<\/p>\n<h5><strong>Iglu\u2019\u00ae green roof \u00e9 um sistema de grande val\u00eancia ambiental contra a cont\u00ednua betoniza\u00e7\u00e3o das nossas cidades para a realiza\u00e7\u00e3o de jardins suspensos e telhados verdes com protec\u00e7\u00e3o das impermeabiliza\u00e7\u00f5es e com garantia de dura\u00e7\u00e3o do jardim.<\/strong><\/h5>\n<p>O principal problema dos jardins suspensos consiste na regula\u00e7\u00e3o da drenagem para impedir a morte da vegeta\u00e7\u00e3o devido \u00e0 excessiva estagna\u00e7\u00e3o ou aus\u00eancia de \u00e1gua.<br \/>\nHoje \u00e9 poss\u00edvel regular a drenagem dos jardins suspensos gra\u00e7as a Iglu\u2019\u00ae green roof cuja superf\u00edcie permite uma acumula\u00e7\u00e3o adequada de \u00e1gua e ao mesmo tempo permite a evacua\u00e7\u00e3o da \u00e1gua em excesso atrav\u00e9s dos furos de \u201ctubo ladr\u00e3o\u201d.[\/vc_column_text][\/vc_column][\/vc_row][vc_row padding_top=&#8221;0&#8243; padding_bottom=&#8221;0&#8243;][vc_column][vc_empty_space height=&#8221;20px&#8221;][vc_column_text]Realizar um jardim suspenso com o sistema Iglu\u2019\u00ae green roof permite satisfazer as disposi\u00e7\u00f5es das administra\u00e7\u00f5es p\u00fablicas em termos de par\u00e2metros de constru\u00e7\u00e3o, poupan\u00e7a energ\u00e9tica e redu\u00e7\u00e3o e mitiga\u00e7\u00e3o da liberta\u00e7\u00e3o de \u00e1gua para a rede de esgotos.[\/vc_column_text][\/vc_column][\/vc_row]<\/p>\n","protected":false},"excerpt":{"rendered":"<p>Iglu\u2019\u00ae green roof \u00e9 ideal para a realiza\u00e7\u00e3o de jardins suspensos, permitindo a sua realiza\u00e7\u00e3o em seguran\u00e7a sem danificar as impermeabiliza\u00e7\u00f5es.<\/p>\n","protected":false},"author":1,"featured_media":64522,"parent":0,"menu_order":35,"comment_status":"closed","ping_status":"closed","template":"template-product.php","meta":[],"acf":[],"aioseo_notices":[],"_links":{"self":[{"href":"https:\/\/www.daliform.com\/pt-pt\/wp-json\/wp\/v2\/pages\/69705"}],"collection":[{"href":"https:\/\/www.daliform.com\/pt-pt\/wp-json\/wp\/v2\/pages"}],"about":[{"href":"https:\/\/www.daliform.com\/pt-pt\/wp-json\/wp\/v2\/types\/page"}],"author":[{"embeddable":true,"href":"https:\/\/www.daliform.com\/pt-pt\/wp-json\/wp\/v2\/users\/1"}],"replies":[{"embeddable":true,"href":"https:\/\/www.daliform.com\/pt-pt\/wp-json\/wp\/v2\/comments?post=69705"}],"version-history":[{"count":0,"href":"https:\/\/www.daliform.com\/pt-pt\/wp-json\/wp\/v2\/pages\/69705\/revisions"}],"wp:featuredmedia":[{"embeddable":true,"href":"https:\/\/www.daliform.com\/pt-pt\/wp-json\/wp\/v2\/media\/64522"}],"wp:attachment":[{"href":"https:\/\/www.daliform.com\/pt-pt\/wp-json\/wp\/v2\/media?parent=69705"}],"curies":[{"name":"wp","href":"https:\/\/api.w.org\/{rel}","templated":true}]}}