{"id":69656,"date":"2016-05-10T14:42:52","date_gmt":"2016-05-10T12:42:52","guid":{"rendered":"https:\/\/www.daliform.com\/?page_id=69656"},"modified":"2021-10-14T11:10:02","modified_gmt":"2021-10-14T09:10:02","slug":"grelha-de-estabilizacao-de-solos-equestres","status":"publish","type":"page","link":"https:\/\/www.daliform.com\/pt-pt\/grelha-de-estabilizacao-de-solos-equestres\/","title":{"rendered":"Easy Ride"},"content":{"rendered":"<p>[vc_row][vc_column width=&#8221;1\/4&#8243;][vc_single_image image=&#8221;63804&#8243; img_size=&#8221;large&#8221;][\/vc_column][vc_column width=&#8221;3\/4&#8243;][vc_column_text]<\/p>\n<h5 style=\"text-align: justify;\">O Easy Ride \u00e9 a grelha realizada em material pl\u00e1stico reciclado, amiga do ambiente e estabilizada contra os raios UV, que permite melhorar e estabilizar as superf\u00edcies sujeitas \u00e0 passagem de animais, inclusive de grandes dimens\u00f5es, preservando a sua mobilidade e garantindo a higiene geral do ambiente em que vivem.<\/h5>\n<p>[\/vc_column_text][vc_column_text]O <strong>Easy Ride<\/strong> gra\u00e7as \u00e0s suas caracter\u00edsticas de elasticidade e estabilidade \u00e9 particularmente indicado no campo da equita\u00e7\u00e3o, porque impede que o cavalo sofra traumas nos membros, sobretudo os resultantes de saltos ou de uma velocidade muito elevada, fornecendo, ao mesmo tempo, uma maior \u201cader\u00eancia\u201d e por isso um melhor equil\u00edbrio din\u00e2mico.[\/vc_column_text][\/vc_column][\/vc_row]<\/p>\n","protected":false},"excerpt":{"rendered":"<p>Melhorar e estabilizar as superf\u00edcies sujeitas \u00e0 passagem de animais preservando a sua mobilidade e garantindo a higiene geral do ambiente em que vivem.<\/p>\n","protected":false},"author":1,"featured_media":63792,"parent":0,"menu_order":33,"comment_status":"closed","ping_status":"closed","template":"template-product.php","meta":[],"acf":[],"aioseo_notices":[],"_links":{"self":[{"href":"https:\/\/www.daliform.com\/pt-pt\/wp-json\/wp\/v2\/pages\/69656"}],"collection":[{"href":"https:\/\/www.daliform.com\/pt-pt\/wp-json\/wp\/v2\/pages"}],"about":[{"href":"https:\/\/www.daliform.com\/pt-pt\/wp-json\/wp\/v2\/types\/page"}],"author":[{"embeddable":true,"href":"https:\/\/www.daliform.com\/pt-pt\/wp-json\/wp\/v2\/users\/1"}],"replies":[{"embeddable":true,"href":"https:\/\/www.daliform.com\/pt-pt\/wp-json\/wp\/v2\/comments?post=69656"}],"version-history":[{"count":0,"href":"https:\/\/www.daliform.com\/pt-pt\/wp-json\/wp\/v2\/pages\/69656\/revisions"}],"wp:featuredmedia":[{"embeddable":true,"href":"https:\/\/www.daliform.com\/pt-pt\/wp-json\/wp\/v2\/media\/63792"}],"wp:attachment":[{"href":"https:\/\/www.daliform.com\/pt-pt\/wp-json\/wp\/v2\/media?parent=69656"}],"curies":[{"name":"wp","href":"https:\/\/api.w.org\/{rel}","templated":true}]}}