{"id":69005,"date":"2016-05-10T16:29:52","date_gmt":"2016-05-10T14:29:52","guid":{"rendered":"https:\/\/www.daliform.com\/?page_id=69005"},"modified":"2021-10-13T15:49:11","modified_gmt":"2021-10-13T13:49:11","slug":"grelha-de-protecao-para-relvados-ja-existentes","status":"publish","type":"page","link":"https:\/\/www.daliform.com\/pt-pt\/grelha-de-protecao-para-relvados-ja-existentes\/","title":{"rendered":"Easy Park"},"content":{"rendered":"<p>[vc_row][vc_column width=&#8221;1\/4&#8243;][vc_single_image image=&#8221;63655&#8243; img_size=&#8221;large&#8221;][\/vc_column][vc_column width=&#8221;3\/4&#8243;][vc_column_text]<\/p>\n<h5><strong>O Easy Park\u00ae \u00e9 um estrado t\u00e9cnico altamente vers\u00e1til para pavimentar superf\u00edcies naturais, realizado em resina termopl\u00e1stica estabilizada aos raios UV e eco-compat\u00edvel.<\/strong><\/h5>\n<p><strong>Representa a solu\u00e7\u00e3o ideal para criar percursos transit\u00e1veis, \u00e1reas de estacionamento, ilhas ou caminhos de forma permanente (ou provis\u00f3ria) segundo as v\u00e1rias exig\u00eancias. \u00a0<\/strong><br \/>\nLeve, f\u00e1cil e intuitivo de colocar, o Easy Park\u00ae \u00e9 particularmente indicado para superf\u00edcies de relvados e nos quais o estrado \u00e9 simplesmente colocado.[\/vc_column_text][\/vc_column][vc_column][vc_empty_space height=&#8221;15px&#8221;][vc_column_text]<\/p>\n<p style=\"text-align: justify;\">O <strong>Easy Park\u00ae<\/strong>, com a sua particular estrutura, protege em quaisquer condi\u00e7\u00f5es atmosf\u00e9ricas, o manto ervoso contra o esmagamento devido \u00e0 passagem e estacionamento dos ve\u00edculos, favorecendo, ao mesmo tempo, o crescimento e a cria\u00e7\u00e3o de ra\u00edzes natural.<br \/>\nPode ser utilizado igualmente em superf\u00edcies de areia, terra batida, terrenos com fraca capacidade, etc.<br \/>\nGra\u00e7as ao desenvolvimento modular e ao simples sistema de engate macho\/f\u00eamea, permite preparar grandes superf\u00edcies em pouco tempo. Quando for necess\u00e1rio, \u00e9 facilmente e rapidamente remov\u00edvel, pronto a ser reutilizado.<br \/>\nO Easy Park\u00ae est\u00e1 dispon\u00edvel nas cores verde e cinzento escuro.<\/p>\n<p>[\/vc_column_text][\/vc_column][\/vc_row]<\/p>\n","protected":false},"excerpt":{"rendered":"<p>Easy Park representa a solu\u00e7\u00e3o ideal para criar percursos transit\u00e1veis, \u00e1reas de estacionamento, ilhas ou caminhos de forma permanente ou provis\u00f3ria.<\/p>\n","protected":false},"author":1,"featured_media":63644,"parent":0,"menu_order":32,"comment_status":"closed","ping_status":"closed","template":"template-product.php","meta":[],"acf":[],"aioseo_notices":[],"_links":{"self":[{"href":"https:\/\/www.daliform.com\/pt-pt\/wp-json\/wp\/v2\/pages\/69005"}],"collection":[{"href":"https:\/\/www.daliform.com\/pt-pt\/wp-json\/wp\/v2\/pages"}],"about":[{"href":"https:\/\/www.daliform.com\/pt-pt\/wp-json\/wp\/v2\/types\/page"}],"author":[{"embeddable":true,"href":"https:\/\/www.daliform.com\/pt-pt\/wp-json\/wp\/v2\/users\/1"}],"replies":[{"embeddable":true,"href":"https:\/\/www.daliform.com\/pt-pt\/wp-json\/wp\/v2\/comments?post=69005"}],"version-history":[{"count":0,"href":"https:\/\/www.daliform.com\/pt-pt\/wp-json\/wp\/v2\/pages\/69005\/revisions"}],"wp:featuredmedia":[{"embeddable":true,"href":"https:\/\/www.daliform.com\/pt-pt\/wp-json\/wp\/v2\/media\/63644"}],"wp:attachment":[{"href":"https:\/\/www.daliform.com\/pt-pt\/wp-json\/wp\/v2\/media?parent=69005"}],"curies":[{"name":"wp","href":"https:\/\/api.w.org\/{rel}","templated":true}]}}