{"id":68637,"date":"2016-05-10T17:14:52","date_gmt":"2016-05-10T15:14:52","guid":{"rendered":"https:\/\/www.daliform.com\/?page_id=68637"},"modified":"2021-10-12T11:48:10","modified_gmt":"2021-10-12T09:48:10","slug":"salvaprato-erby-grelha-para-circulacao-automovel","status":"publish","type":"page","link":"https:\/\/www.daliform.com\/pt-pt\/salvaprato-erby-grelha-para-circulacao-automovel\/","title":{"rendered":"Salvaprato Erby"},"content":{"rendered":"<p>[vc_row][vc_column width=&#8221;1\/4&#8243;][vc_single_image image=&#8221;62785&#8243; img_size=&#8221;large&#8221;][\/vc_column][vc_column width=&#8221;3\/4&#8243;][vc_column_text]<\/p>\n<h5 style=\"text-align: justify;\"><strong>A protec\u00e7\u00e3o do gramado ERBY \u00e9 uma grelha modular de pl\u00e1stico para espa\u00e7os exteriores, que permite realizar pavimenta\u00e7\u00f5es para circula\u00e7\u00e3o autom\u00f3vel com acabamento em relva, com grande vantagem sob o ponto de vista est\u00e9tico, funcional, ecol\u00f3gico e econ\u00f3mico.<\/strong><\/h5>\n<p>A protec\u00e7\u00e3o do gramado ERBY com a sua particular estrutura protege, com qualquer condi\u00e7\u00e3o atmosf\u00e9rica, o relvado das press\u00f5es produzidas pela passagem e pelo estacionamento dos ve\u00edculos e ao mesmo tempo favorece o crescimento e o enraizamento natural da relva.[\/vc_column_text][\/vc_column][vc_column][vc_empty_space height=&#8221;15px&#8221;][vc_column_text]O princ\u00edpio \u00e9 armar a superf\u00edcie natural do terreno com grelhas de estrutura celular muito robustas nas quais o relvado, permanecendo a alguns mm para l\u00e1 das paredes verticais da pavimenta\u00e7\u00e3o, \u00e9 protegido do esmagamento.<br \/>\nF\u00e1cil e intuitivo de aplicar gra\u00e7as ao simples sistema de encaixe macho\/f\u00eamea, permite preparar grandes superf\u00edcies em pouco tempo.<br \/>\nA protec\u00e7\u00e3o do gramado ERBY est\u00e1 dispon\u00edvel na cor verde.[\/vc_column_text][\/vc_column][\/vc_row]<\/p>\n","protected":false},"excerpt":{"rendered":"<p>A protec\u00e7\u00e3o do gramado ERBY \u00e9 uma grelha modular de pl\u00e1stico para espa\u00e7os exteriores, que permite realizar pavimenta\u00e7\u00f5es para circula\u00e7\u00e3o autom\u00f3vel.<\/p>\n","protected":false},"author":1,"featured_media":62763,"parent":0,"menu_order":31,"comment_status":"closed","ping_status":"closed","template":"template-product.php","meta":[],"acf":[],"aioseo_notices":[],"_links":{"self":[{"href":"https:\/\/www.daliform.com\/pt-pt\/wp-json\/wp\/v2\/pages\/68637"}],"collection":[{"href":"https:\/\/www.daliform.com\/pt-pt\/wp-json\/wp\/v2\/pages"}],"about":[{"href":"https:\/\/www.daliform.com\/pt-pt\/wp-json\/wp\/v2\/types\/page"}],"author":[{"embeddable":true,"href":"https:\/\/www.daliform.com\/pt-pt\/wp-json\/wp\/v2\/users\/1"}],"replies":[{"embeddable":true,"href":"https:\/\/www.daliform.com\/pt-pt\/wp-json\/wp\/v2\/comments?post=68637"}],"version-history":[{"count":0,"href":"https:\/\/www.daliform.com\/pt-pt\/wp-json\/wp\/v2\/pages\/68637\/revisions"}],"wp:featuredmedia":[{"embeddable":true,"href":"https:\/\/www.daliform.com\/pt-pt\/wp-json\/wp\/v2\/media\/62763"}],"wp:attachment":[{"href":"https:\/\/www.daliform.com\/pt-pt\/wp-json\/wp\/v2\/media?parent=68637"}],"curies":[{"name":"wp","href":"https:\/\/api.w.org\/{rel}","templated":true}]}}