{"id":68251,"date":"2016-05-10T08:58:52","date_gmt":"2016-05-10T06:58:52","guid":{"rendered":"https:\/\/www.daliform.com\/?page_id=68251"},"modified":"2022-02-17T17:02:57","modified_gmt":"2022-02-17T16:02:57","slug":"grelha-para-a-vegetacao-vertical-a-escalada","status":"publish","type":"page","link":"https:\/\/www.daliform.com\/pt-pt\/grelha-para-a-vegetacao-vertical-a-escalada\/","title":{"rendered":"V-Green\u00ae"},"content":{"rendered":"<p>[vc_row][vc_column width=&#8221;1\/4&#8243;][vc_single_image image=&#8221;64168&#8243; img_size=&#8221;large&#8221; alignment=&#8221;center&#8221;][\/vc_column][vc_column width=&#8221;3\/4&#8243;][vc_column_text]<\/p>\n<h5><strong>O sistema V-Green\u00ae (Vertical Green) representa uma oportunidade para trazer vida e a cor verde \u00e0 habitual cor cinzenta citadina e metropolitana.<\/strong><\/h5>\n<p>V-Green\u00ae permite com facilidade e poucos recursos a realiza\u00e7\u00e3o de verdadeiros e reais jardins verticais, que geram efeitos de compensa\u00e7\u00e3o, atenua\u00e7\u00e3o e melhoria n\u00e3o apenas do edif\u00edcio, como tamb\u00e9m do ambiente circundante gra\u00e7as \u00e0 ac\u00e7\u00e3o depurativa de absor\u00e7\u00e3o de CO<sub>2<\/sub> e p\u00f3s finos e a vantagem em termos est\u00e9ticos e psicol\u00f3gicos.[\/vc_column_text][\/vc_column][\/vc_row]<\/p>\n","protected":false},"excerpt":{"rendered":"<p>V-Green\u00ae permite com facilidade e poucos recursos a realiza\u00e7\u00e3o de verdadeiros e reais jardins verticais.<\/p>\n","protected":false},"author":1,"featured_media":64157,"parent":0,"menu_order":34,"comment_status":"closed","ping_status":"closed","template":"template-product.php","meta":[],"acf":[],"aioseo_notices":[],"_links":{"self":[{"href":"https:\/\/www.daliform.com\/pt-pt\/wp-json\/wp\/v2\/pages\/68251"}],"collection":[{"href":"https:\/\/www.daliform.com\/pt-pt\/wp-json\/wp\/v2\/pages"}],"about":[{"href":"https:\/\/www.daliform.com\/pt-pt\/wp-json\/wp\/v2\/types\/page"}],"author":[{"embeddable":true,"href":"https:\/\/www.daliform.com\/pt-pt\/wp-json\/wp\/v2\/users\/1"}],"replies":[{"embeddable":true,"href":"https:\/\/www.daliform.com\/pt-pt\/wp-json\/wp\/v2\/comments?post=68251"}],"version-history":[{"count":0,"href":"https:\/\/www.daliform.com\/pt-pt\/wp-json\/wp\/v2\/pages\/68251\/revisions"}],"wp:featuredmedia":[{"embeddable":true,"href":"https:\/\/www.daliform.com\/pt-pt\/wp-json\/wp\/v2\/media\/64157"}],"wp:attachment":[{"href":"https:\/\/www.daliform.com\/pt-pt\/wp-json\/wp\/v2\/media?parent=68251"}],"curies":[{"name":"wp","href":"https:\/\/api.w.org\/{rel}","templated":true}]}}