{"id":68124,"date":"2020-11-06T10:53:52","date_gmt":"2020-11-06T09:53:52","guid":{"rendered":"https:\/\/www.daliform.com\/?page_id=68124"},"modified":"2021-10-14T10:50:49","modified_gmt":"2021-10-14T08:50:49","slug":"green-park-grelha-para-circulacao-automovel","status":"publish","type":"page","link":"https:\/\/www.daliform.com\/pt-pt\/green-park-grelha-para-circulacao-automovel\/","title":{"rendered":"Green Park"},"content":{"rendered":"<p>[vc_row][vc_column width=&#8221;1\/4&#8243;][vc_single_image image=&#8221;62796&#8243; img_size=&#8221;large&#8221;][\/vc_column][vc_column width=&#8221;3\/4&#8243;][vc_column_text]<\/p>\n<h5><strong>Green Park \u00e9 um produto modular, realizado em resina termopl\u00e1stica, ecol\u00f3gico e recicl\u00e1vel. Torna o relvado transit\u00e1vel, protegendo a superf\u00edcie dos danos provocados pelo tr\u00e2nsito e pelo estacionamento dos ve\u00edculos motorizados, incluindo os meios pesados.<\/strong><\/h5>\n<p>Reconhec\u00edvel pelo seu efeito ornamental, \u00e9 f\u00e1cil de instalar, n\u00e3o requer manuten\u00e7\u00e3o, resistente ao longo do tempo aos esfor\u00e7os de utiliza\u00e7\u00e3o em condi\u00e7\u00f5es ambientais extremas.[\/vc_column_text][\/vc_column][vc_column][vc_empty_space height=&#8221;15px&#8221;][vc_column_text]As duas faces contrapostas com forma diferente, extremamente vers\u00e1teis, permitem colocar Green Park de ambos os lados; lado com as nervuras mais finas viradas para cima para realizar \u00e1reas transit\u00e1veis e pavimentos com acabamento de relvado ou gravilha; lado com as nervuras mais finas viradas para baixo para realizar \u00e1reas verdes provis\u00f3rias para pe\u00f5es.<\/p>\n<p>Dispon\u00edvel nas cores Verde e Branco para combinar com qualquer acabamento, inclusive de cascalho, impedindo tamb\u00e9m a sua dispers\u00e3o.[\/vc_column_text][\/vc_column][\/vc_row]<\/p>\n","protected":false},"excerpt":{"rendered":"<p>Green Park \u00e9 um produto modular, realizado em resina termopl\u00e1stica, ecol\u00f3gico e recicl\u00e1vel. Dispon\u00edvel nas cores Verde e Branco.<\/p>\n","protected":false},"author":1,"featured_media":62675,"parent":0,"menu_order":30,"comment_status":"closed","ping_status":"closed","template":"template-product.php","meta":[],"acf":[],"aioseo_notices":[],"_links":{"self":[{"href":"https:\/\/www.daliform.com\/pt-pt\/wp-json\/wp\/v2\/pages\/68124"}],"collection":[{"href":"https:\/\/www.daliform.com\/pt-pt\/wp-json\/wp\/v2\/pages"}],"about":[{"href":"https:\/\/www.daliform.com\/pt-pt\/wp-json\/wp\/v2\/types\/page"}],"author":[{"embeddable":true,"href":"https:\/\/www.daliform.com\/pt-pt\/wp-json\/wp\/v2\/users\/1"}],"replies":[{"embeddable":true,"href":"https:\/\/www.daliform.com\/pt-pt\/wp-json\/wp\/v2\/comments?post=68124"}],"version-history":[{"count":0,"href":"https:\/\/www.daliform.com\/pt-pt\/wp-json\/wp\/v2\/pages\/68124\/revisions"}],"wp:featuredmedia":[{"embeddable":true,"href":"https:\/\/www.daliform.com\/pt-pt\/wp-json\/wp\/v2\/media\/62675"}],"wp:attachment":[{"href":"https:\/\/www.daliform.com\/pt-pt\/wp-json\/wp\/v2\/media?parent=68124"}],"curies":[{"name":"wp","href":"https:\/\/api.w.org\/{rel}","templated":true}]}}