{"id":67846,"date":"2016-05-13T09:04:52","date_gmt":"2016-05-13T07:04:52","guid":{"rendered":"https:\/\/www.daliform.com\/?page_id=67846"},"modified":"2021-10-11T08:51:36","modified_gmt":"2021-10-11T06:51:36","slug":"eco-grelha-para-circulacao-automovel","status":"publish","type":"page","link":"https:\/\/www.daliform.com\/pt-pt\/eco-grelha-para-circulacao-automovel\/","title":{"rendered":"E.C.O. di Pratopratico\u00ae"},"content":{"rendered":"<p>[vc_row][vc_column width=&#8221;1\/4&#8243;][vc_single_image image=&#8221;67809&#8243; img_size=&#8221;large&#8221;][\/vc_column][vc_column width=&#8221;3\/4&#8243;][vc_column_text]<\/p>\n<h5 style=\"text-align: justify;\"><strong>E.C.O. (Elemento Transit\u00e1vel Ornamental) \u00e9 uma grelha modular de pl\u00e1stico para ambientes externos que consente realizar pavimenta\u00e7\u00f5es transit\u00e1veis com acabamento grama com grande vantagem sob o perfil est\u00e9tico, funcional e ecol\u00f3gico. <\/strong><\/h5>\n<p><span lang=\"pt\">E.C.O. di PRATOPRATICO\u00ae \u00e9 feito com misturas de resina termopl\u00e1stica (meia virgem com alto desempenho tecno-mec\u00e2nico e meio reciclado), capaz de oferecer uma excelente rela\u00e7\u00e3o custo \/ benef\u00edcio.<\/span>[\/vc_column_text][\/vc_column][vc_column][vc_empty_space height=&#8221;15px&#8221;][vc_column_text]<span lang=\"pt\">O uso de material reciclado, embora represente uma iniciativa louv\u00e1vel do ponto de vista ecol\u00f3gico, nem sempre est\u00e1 livre de contra-indica\u00e7\u00f5es. Um composto reciclado certamente afeta o pre\u00e7o favoravelmente, no entanto, \u00e0s custas da qualidade e durabilidade do produto. Precisamente por esse motivo, E.C.O. O di PRATOPRATICO\u00ae \u00e9 feito de 50% de material virgem, de modo a combinar favoravelmente a rela\u00e7\u00e3o custo-benef\u00edcio e a qualidade do produto.<\/span>[\/vc_column_text][\/vc_column][\/vc_row]<\/p>\n","protected":false},"excerpt":{"rendered":"<p>A protec\u00e7\u00e3o do gramado E.C.O. by Pratopratico \u00e9 uma grelha modular de pl\u00e1stico para espa\u00e7os exteriores, que permite realizar pavimenta\u00e7\u00f5es para circula\u00e7\u00e3o autom\u00f3vel.<\/p>\n","protected":false},"author":1,"featured_media":62417,"parent":0,"menu_order":29,"comment_status":"closed","ping_status":"closed","template":"template-product.php","meta":[],"acf":[],"aioseo_notices":[],"_links":{"self":[{"href":"https:\/\/www.daliform.com\/pt-pt\/wp-json\/wp\/v2\/pages\/67846"}],"collection":[{"href":"https:\/\/www.daliform.com\/pt-pt\/wp-json\/wp\/v2\/pages"}],"about":[{"href":"https:\/\/www.daliform.com\/pt-pt\/wp-json\/wp\/v2\/types\/page"}],"author":[{"embeddable":true,"href":"https:\/\/www.daliform.com\/pt-pt\/wp-json\/wp\/v2\/users\/1"}],"replies":[{"embeddable":true,"href":"https:\/\/www.daliform.com\/pt-pt\/wp-json\/wp\/v2\/comments?post=67846"}],"version-history":[{"count":0,"href":"https:\/\/www.daliform.com\/pt-pt\/wp-json\/wp\/v2\/pages\/67846\/revisions"}],"wp:featuredmedia":[{"embeddable":true,"href":"https:\/\/www.daliform.com\/pt-pt\/wp-json\/wp\/v2\/media\/62417"}],"wp:attachment":[{"href":"https:\/\/www.daliform.com\/pt-pt\/wp-json\/wp\/v2\/media?parent=67846"}],"curies":[{"name":"wp","href":"https:\/\/api.w.org\/{rel}","templated":true}]}}