{"id":67763,"date":"2016-05-25T10:21:49","date_gmt":"2016-05-25T08:21:49","guid":{"rendered":"https:\/\/www.daliform.com\/?page_id=67763"},"modified":"2022-03-02T10:29:48","modified_gmt":"2022-03-02T09:29:48","slug":"tanques-de-dispersao-de-agua","status":"publish","type":"page","link":"https:\/\/www.daliform.com\/pt-pt\/tanque-de-acumulo-em-concreto-reforcado\/aplicacoes-atlantis-tank\/tanques-de-dispersao-de-agua\/","title":{"rendered":"Tanques de dispers\u00e3o de \u00e1gua"},"content":{"rendered":"<p>[vc_row padding_top=&#8221;0&#8243; padding_bottom=&#8221;0&#8243;][vc_column]\n\t<div class=\"custom-heading wpb_content_element  heading-medium\">\n\t\t<h2 class=\"heading-title\" >O tanque realizado pode ser apoiado diretamente sobre a laje ou pode ser enterrado para construir sobre a sua superf\u00edcie um parque de estacionamento asfaltado ou uma zona verde.<\/h2>\n\t\t<span class=\"heading-line primary\"><\/span>\n\t<\/div>[\/vc_column][\/vc_row][vc_row][vc_column width=&#8221;1\/2&#8243;][vc_single_image image=&#8221;61269&#8243; img_size=&#8221;full&#8221;][\/vc_column][vc_column width=&#8221;1\/2&#8243;][vc_column_text]<\/p>\n<h5 style=\"text-align: justify;\"><strong>Em rela\u00e7\u00e3o aos tanques de coleta, os tanques de dispers\u00e3o n\u00e3o s\u00e3o perfeitamente imperme\u00e1veis, mas permitem a infiltra\u00e7\u00e3o gradual da \u00e1gua da chuva para os aqu\u00edferos, atrav\u00e9s de fendas nas paredes ou fundo drenante.<\/strong><\/h5>\n<p style=\"text-align: justify;\">Os tanques de dispers\u00e3o s\u00e3o um meio para reequilibrar os aqu\u00edferos esgotados pela betoniza\u00e7\u00e3o o que reduziu gravemente a natural capacidade de drenagem do terreno. Como visto anteriormente a n\u00edvel de bacia fluvial os tanques de dispers\u00e3o podem ser um instrumento de planifica\u00e7\u00e3o, diminuindo o risco hidrogeol\u00f3gico.<\/p>\n<p><strong>Significativos benef\u00edcios:<\/strong><br \/>\n\u2022 al\u00edvio da rede de esgotos concomitantemente com chuvas abundantes e consequente redu\u00e7\u00e3o dos caudais enviados para as esta\u00e7\u00f5es de tratamento e para o receptor final (rios, lagos, mar, etc.);<br \/>\n\u2022 o balan\u00e7o h\u00eddrico local \u00e9 preservado.[\/vc_column_text][\/vc_column][vc_column][vc_column_text]<\/p>\n<div>\n<div>\n<p style=\"text-align: justify;\"><strong>O tanque realizado pode ser apoiado diretamente sobre a laje ou pode ser enterrado para construir sobre a sua superf\u00edcie um parque de estacionamento asfaltado ou uma zona verde.<\/strong><\/p>\n<p style=\"text-align: justify;\">Considerando uma escala local, pode-se definir outros \u00e2mbitos de interven\u00e7\u00e3o tais como as redes de esgotos (\u00e1guas brancas e mistas). Tamb\u00e9m estas s\u00e3o influenciadas pela presen\u00e7a de fen\u00f3menos chuvosos e normalmente devem ser sobredimensionadas com o aumento da \u00e1rea urbana. Utilizar tanques de dispers\u00e3o, tamb\u00e9m concentrados em v\u00e1rios pontos do territ\u00f3rio, para os quais convergem as \u00e1guas recolhidas por galerias diversas, permitiria baixar os custos da realiza\u00e7\u00e3o de muitas canaliza\u00e7\u00f5es de pequeno volume e diminuir os custos coletivos para aumentar a capacidade da rede de esgotos. Uma atenta an\u00e1lise de custos-benef\u00edcios levaria as autoridades locais a introduzir altera\u00e7oes urban\u00edsticas para dispersar localmente as \u00e1guas da chuva, mantendo o equil\u00edbrio h\u00eddrico, diminuindo os custos coletivos de gest\u00e3o da rede, alimentando os aqu\u00edferos locais, promovendo um desenvolvimento mais sustent\u00e1vel portanto.<\/p>\n<p><strong>Significativos benef\u00edcios p\u00fablico:<\/strong><br \/>\n\u2022 n\u00e3o s\u00e3o necess\u00e1rios potenciamentos das redes p\u00fablicas de coleta, porque o excesso de \u00e1gua da chuva que n\u00e3o \u00e9 absorvido pelo terreno a n\u00edvel urbano, devido \u00e0 progressiva betoniza\u00e7\u00e3o, \u00e9 retida ou dispersada no local;<br \/>\n\u2022 diminui\u00e7\u00e3o do risco de satura\u00e7\u00e3o da rede de esgotos;<br \/>\n\u2022 alimenta\u00e7\u00e3o dos aq\u00fc\u00edferos locais.<\/p>\n<\/div>\n<\/div>\n<p>[\/vc_column_text][\/vc_column][\/vc_row][vc_row][vc_column][vc_separator][vc_column_text css=&#8221;.vc_custom_1633695957268{margin-bottom: 15px !important;}&#8221;]<strong><span lang=\"pt\">PRODUTOS RECOMENDADOS<\/span>:<\/strong>[\/vc_column_text][vc_empty_space height=&#8221;10px&#8221;][\/vc_column][vc_column][vc_masonry_grid post_type=&#8221;ids&#8221; element_width=&#8221;3&#8243; grid_id=&#8221;vc_gid:1633695821737-a90d2e73-ad4f-7&#8243; include=&#8221;4620&#8243; el_class=&#8221;text-size-p&#8221;][\/vc_column][\/vc_row]<\/p>\n","protected":false},"excerpt":{"rendered":"<p>Os tanques de dispers\u00e3o com Atlantis t\u00eam o objectivo de mitigar o efeito de zonas cheiras causado por eventuais eventos mete\u00f3ricos excepcionais. <\/p>\n","protected":false},"author":1,"featured_media":61259,"parent":66992,"menu_order":2,"comment_status":"closed","ping_status":"closed","template":"","meta":[],"acf":[],"aioseo_notices":[],"_links":{"self":[{"href":"https:\/\/www.daliform.com\/pt-pt\/wp-json\/wp\/v2\/pages\/67763"}],"collection":[{"href":"https:\/\/www.daliform.com\/pt-pt\/wp-json\/wp\/v2\/pages"}],"about":[{"href":"https:\/\/www.daliform.com\/pt-pt\/wp-json\/wp\/v2\/types\/page"}],"author":[{"embeddable":true,"href":"https:\/\/www.daliform.com\/pt-pt\/wp-json\/wp\/v2\/users\/1"}],"replies":[{"embeddable":true,"href":"https:\/\/www.daliform.com\/pt-pt\/wp-json\/wp\/v2\/comments?post=67763"}],"version-history":[{"count":0,"href":"https:\/\/www.daliform.com\/pt-pt\/wp-json\/wp\/v2\/pages\/67763\/revisions"}],"up":[{"embeddable":true,"href":"https:\/\/www.daliform.com\/pt-pt\/wp-json\/wp\/v2\/pages\/66992"}],"wp:featuredmedia":[{"embeddable":true,"href":"https:\/\/www.daliform.com\/pt-pt\/wp-json\/wp\/v2\/media\/61259"}],"wp:attachment":[{"href":"https:\/\/www.daliform.com\/pt-pt\/wp-json\/wp\/v2\/media?parent=67763"}],"curies":[{"name":"wp","href":"https:\/\/api.w.org\/{rel}","templated":true}]}}