{"id":67714,"date":"2016-05-25T10:18:32","date_gmt":"2016-05-25T08:18:32","guid":{"rendered":"https:\/\/www.daliform.com\/?page_id=67714"},"modified":"2022-03-02T10:34:47","modified_gmt":"2022-03-02T09:34:47","slug":"tanques-de-acumulacao-de-agua","status":"publish","type":"page","link":"https:\/\/www.daliform.com\/pt-pt\/tanque-de-acumulo-em-concreto-reforcado\/aplicacoes-atlantis-tank\/tanques-de-acumulacao-de-agua\/","title":{"rendered":"Tanques de acumula\u00e7\u00e3o de \u00e1gua"},"content":{"rendered":"<p>[vc_row padding_top=&#8221;0&#8243; padding_bottom=&#8221;0&#8243;][vc_column]\n\t<div class=\"custom-heading wpb_content_element  heading-medium\">\n\t\t<h2 class=\"heading-title\" >Gra\u00e7as \u00e0 modularidade, f\u00e1cil manuseio, rapidez de coloca\u00e7\u00e3o e grande capacidade de acumula\u00e7\u00e3o na vertical, Atlantis \u00e9 o instrumento ideal para realizar tanques de grande volume a custos extremamente baixos.<\/h2>\n\t\t<span class=\"heading-line primary\"><\/span>\n\t<\/div>[\/vc_column][\/vc_row][vc_row][vc_column width=&#8221;1\/2&#8243;][vc_single_image image=&#8221;61233&#8243; img_size=&#8221;full&#8221;][\/vc_column][vc_column width=&#8221;1\/2&#8243;][vc_column_text]<\/p>\n<div>\n<p style=\"text-align: justify;\">A sua estrutura com ab\u00f3bada esf\u00e9rica, permite \u00e0 camada de bet\u00e3o ter uma consider\u00e1vel resist\u00eancia com espessuras ex\u00edguas, tanto que \u00e9 poss\u00edvel usar o extradorso do tanque como superf\u00edcie \u00fatil para parques de estacionamento (ex.: o parque de estacionamento do IKEA de Amsterd\u00e3o) ou para instala\u00e7\u00f5es desportivas (ex.: campos de t\u00e9nis, futebol etc.). O mesmo princ\u00edpio tamb\u00e9m pode ser utilizado na constru\u00e7\u00e3o residencial, quer para moradias individuais, quer no caso de urbaniza\u00e7\u00f5es. De fato, \u00e9 poss\u00edvel construir espa\u00e7os adequados para cobrir com os <strong>cofragens Atlantis<\/strong> que sucessivamente se enchem com a \u00e1gua da chuva recolhida pelo sistema de descarga das \u00e1guas pluviais dos edif\u00edcios. O volume de \u00e1gua recolhida pode ser utilizado por todas as aplica\u00e7\u00f5es que n\u00e3o exigem \u00e1gua pot\u00e1vel, tais como o autoclismo da casa de banho, a m\u00e1quina de lavar roupa, a irriga\u00e7\u00e3o de jardins, as bombas de inc\u00eandio, etc. O tanque se torna adequadamente imperme\u00e1vel e possui um tubo ladr\u00e3o.<\/p>\n<p style=\"text-align: justify;\">A manuten\u00e7\u00e3o dos tanques \u00e9 garantida por amplos espa\u00e7os de passagem dentro do tanque, assegurados pela utiliza\u00e7\u00e3o combinada do Sistema Atlantis e do acess\u00f3rio Beton Up.<br \/>\n\u00c9 particularmente generosa a dist\u00e2ncia que se obt\u00e9m entre as colunas com o Atlantis 100%.<\/p>\n<\/div>\n<p>[\/vc_column_text][\/vc_column][\/vc_row][vc_row][vc_column][vc_column_text]<\/p>\n<div>\n<div>\n<div>\n<p style=\"text-align: justify;\">No <strong>setor privado<\/strong> 50% das necessidades di\u00e1rias de \u00e1gua pode ser substitu\u00eddo por \u00e1guas pluviais:<br \/>\n\u2022 para a irriga\u00e7\u00e3o (favorece a absor\u00e7\u00e3o ideal dos minerais);<br \/>\n\u2022 para a m\u00e1quina de lavar roupa e as limpezas da casa (a \u00e1gua da chuva n\u00e3o provoca a forma\u00e7\u00e3o de calc\u00e1rio);<br \/>\n\u2022 para o autoclismo da casa de banho;<br \/>\n\u2022 para a lavagem do autom\u00f3vel.<\/p>\n<p style=\"text-align: justify;\">Tamb\u00e9m no setor industrial (f\u00e1bricas, escrit\u00f3rios) pode ser utilizada a \u00e1gua da chuva nos processos produtivos de arrefecimento, lavagem, enxaguamento e em todos os outros processos n\u00e3o alimentares, bem como para instala\u00e7\u00f5es de combate a inc\u00eandios utilizando tanques de acumula\u00e7\u00e3o.<\/p>\n<\/div>\n<\/div>\n<\/div>\n<p>[\/vc_column_text][\/vc_column][\/vc_row][vc_row][vc_column][vc_separator][vc_column_text css=&#8221;.vc_custom_1633694317219{margin-bottom: 15px !important;}&#8221;]<strong><span lang=\"pt\">PRODUTOS RECOMENDADOS<\/span>:<br \/>\n<\/strong>[\/vc_column_text][vc_empty_space height=&#8221;10px&#8221;][\/vc_column][vc_column][vc_masonry_grid post_type=&#8221;ids&#8221; element_width=&#8221;3&#8243; grid_id=&#8221;vc_gid:1633694089264-ac5f64d5-50d8-2&#8243; include=&#8221;4620&#8243; el_class=&#8221;text-size-p&#8221;][\/vc_column][\/vc_row]<\/p>\n","protected":false},"excerpt":{"rendered":"<p>Atlantis Tank \u00e9 o instrumento ideal para realizar tanques de grande volume a custos extremamente baixos.<\/p>\n","protected":false},"author":1,"featured_media":61107,"parent":66992,"menu_order":1,"comment_status":"closed","ping_status":"closed","template":"","meta":[],"acf":[],"aioseo_notices":[],"_links":{"self":[{"href":"https:\/\/www.daliform.com\/pt-pt\/wp-json\/wp\/v2\/pages\/67714"}],"collection":[{"href":"https:\/\/www.daliform.com\/pt-pt\/wp-json\/wp\/v2\/pages"}],"about":[{"href":"https:\/\/www.daliform.com\/pt-pt\/wp-json\/wp\/v2\/types\/page"}],"author":[{"embeddable":true,"href":"https:\/\/www.daliform.com\/pt-pt\/wp-json\/wp\/v2\/users\/1"}],"replies":[{"embeddable":true,"href":"https:\/\/www.daliform.com\/pt-pt\/wp-json\/wp\/v2\/comments?post=67714"}],"version-history":[{"count":0,"href":"https:\/\/www.daliform.com\/pt-pt\/wp-json\/wp\/v2\/pages\/67714\/revisions"}],"up":[{"embeddable":true,"href":"https:\/\/www.daliform.com\/pt-pt\/wp-json\/wp\/v2\/pages\/66992"}],"wp:featuredmedia":[{"embeddable":true,"href":"https:\/\/www.daliform.com\/pt-pt\/wp-json\/wp\/v2\/media\/61107"}],"wp:attachment":[{"href":"https:\/\/www.daliform.com\/pt-pt\/wp-json\/wp\/v2\/media?parent=67714"}],"curies":[{"name":"wp","href":"https:\/\/api.w.org\/{rel}","templated":true}]}}