{"id":67670,"date":"2016-05-25T10:13:36","date_gmt":"2016-05-25T08:13:36","guid":{"rendered":"https:\/\/www.daliform.com\/?page_id=67670"},"modified":"2022-03-02T10:32:37","modified_gmt":"2022-03-02T09:32:37","slug":"restruturacao-de-piscinas","status":"publish","type":"page","link":"https:\/\/www.daliform.com\/pt-pt\/tanque-de-acumulo-em-concreto-reforcado\/aplicacoes-atlantis-tank\/restruturacao-de-piscinas\/","title":{"rendered":"Restrutura\u00e7\u00e3o de piscinas"},"content":{"rendered":"<p>[vc_row padding_top=&#8221;0&#8243; padding_bottom=&#8221;0&#8243;][vc_column]\n\t<div class=\"custom-heading wpb_content_element  heading-medium\">\n\t\t<h2 class=\"heading-title\" >O Atlantis \u00e9 a solu\u00e7\u00e3o ideal para a cria\u00e7\u00e3o e restrutura\u00e7\u00e3o de piscinas p\u00fablicas, privadas, parques aqu\u00e1ticos e centros de bem-estar.<\/h2>\n\t\t<span class=\"heading-line primary\"><\/span>\n\t<\/div>[\/vc_column][\/vc_row][vc_row][vc_column width=&#8221;1\/2&#8243;][vc_masonry_media_grid element_width=&#8221;6&#8243; grid_id=&#8221;vc_gid:1633688535164-5da2a140-a81d-5&#8243; include=&#8221;38270,61196,61206,61216&#8243;][\/vc_column][vc_column width=&#8221;1\/2&#8243;][vc_column_text]<\/p>\n<p style=\"text-align: justify;\">Tem em considera\u00e7\u00e3o a necessidade de uma renova\u00e7\u00e3o da piscina (mesmo totalmente nova no interior da existente), por motivos est\u00e9ticos, funcionais e de seguran\u00e7a,<\/p>\n<h5 style=\"text-align: justify;\"><strong>o Atlantis constitui o sistema ideal para diminuir a profundidade dos fundos, nivelar ou criar superf\u00edcies inclinadas, nivelar ou criar superf\u00edcies de v\u00e1rios n\u00edveis (terra\u00e7os).<\/strong><\/h5>\n<p>Gra\u00e7as aos tubos elevados, fornecidos \u00e0 medida, \u00e9 poss\u00edvel realizar superf\u00edcies inclinadas e com inclina\u00e7\u00e3o vari\u00e1vel at\u00e9 uma altura m\u00e1xima de 300 cm.<br \/>\nA possibilidade de regular rigorosamente a altura do tubo elevador permite ainda realizar facilmente inclina\u00e7\u00f5es desde superf\u00edcies de apoio de v\u00e1rias inclina\u00e7\u00f5es com uma poupan\u00e7a not\u00e1vel em termos de tempo e custos de interven\u00e7\u00e3o.[\/vc_column_text][\/vc_column][\/vc_row][vc_row][vc_column][vc_separator][vc_column_text css=&#8221;.vc_custom_1633688570934{margin-bottom: 15px !important;}&#8221;]<strong><span lang=\"pt\">PRODUTOS RECOMENDADOS<\/span>:<br \/>\n<\/strong>[\/vc_column_text][vc_empty_space height=&#8221;10px&#8221;][\/vc_column][vc_column][vc_masonry_grid post_type=&#8221;ids&#8221; element_width=&#8221;3&#8243; grid_id=&#8221;vc_gid:1633688535165-4ce168a3-3025-3&#8243; include=&#8221;4620&#8243; el_class=&#8221;text-size-p&#8221;][\/vc_column][\/vc_row]<\/p>\n","protected":false},"excerpt":{"rendered":"<p>O Atlantis \u00e9 a solu\u00e7\u00e3o ideal para a cria\u00e7\u00e3o e restrutura\u00e7\u00e3o de piscinas p\u00fablicas, privadas, parques aqu\u00e1ticos e centros de bem-estar.<\/p>\n","protected":false},"author":1,"featured_media":61186,"parent":66992,"menu_order":0,"comment_status":"closed","ping_status":"closed","template":"","meta":[],"acf":[],"aioseo_notices":[],"_links":{"self":[{"href":"https:\/\/www.daliform.com\/pt-pt\/wp-json\/wp\/v2\/pages\/67670"}],"collection":[{"href":"https:\/\/www.daliform.com\/pt-pt\/wp-json\/wp\/v2\/pages"}],"about":[{"href":"https:\/\/www.daliform.com\/pt-pt\/wp-json\/wp\/v2\/types\/page"}],"author":[{"embeddable":true,"href":"https:\/\/www.daliform.com\/pt-pt\/wp-json\/wp\/v2\/users\/1"}],"replies":[{"embeddable":true,"href":"https:\/\/www.daliform.com\/pt-pt\/wp-json\/wp\/v2\/comments?post=67670"}],"version-history":[{"count":0,"href":"https:\/\/www.daliform.com\/pt-pt\/wp-json\/wp\/v2\/pages\/67670\/revisions"}],"up":[{"embeddable":true,"href":"https:\/\/www.daliform.com\/pt-pt\/wp-json\/wp\/v2\/pages\/66992"}],"wp:featuredmedia":[{"embeddable":true,"href":"https:\/\/www.daliform.com\/pt-pt\/wp-json\/wp\/v2\/media\/61186"}],"wp:attachment":[{"href":"https:\/\/www.daliform.com\/pt-pt\/wp-json\/wp\/v2\/media?parent=67670"}],"curies":[{"name":"wp","href":"https:\/\/api.w.org\/{rel}","templated":true}]}}