{"id":66667,"date":"2016-05-19T16:01:52","date_gmt":"2016-05-19T14:01:52","guid":{"rendered":"https:\/\/www.daliform.com\/?page_id=66667"},"modified":"2021-12-13T17:33:59","modified_gmt":"2021-12-13T16:33:59","slug":"tanque-de-acumulo-em-concreto-reforcado","status":"publish","type":"page","link":"https:\/\/www.daliform.com\/pt-pt\/tanque-de-acumulo-em-concreto-reforcado\/","title":{"rendered":"Atlantis Tank"},"content":{"rendered":"<p>[vc_row][vc_column width=&#8221;1\/4&#8243;][vc_single_image image=&#8221;66673&#8243; img_size=&#8221;large&#8221;][\/vc_column][vc_column width=&#8221;3\/4&#8243;][vc_column_text]<\/p>\n<h5 style=\"text-align: justify;\"><strong>Atlantis Tank \u00e9 o sistema projectado para realizar tanques montados na obra para a recolha ou dispers\u00e3o de grandes volumes de \u00e1gua em pouco espa\u00e7o.<\/strong><\/h5>\n<p style=\"text-align: justify;\">A estrutura em bet\u00e3o armado que se obt\u00e9m com o sistema Atlantis Tank \u00e9 formada por uma laje, por muros externos e por uma laje sustentada por pilares; a estrutura formada dessa forma, garante uma elevada resist\u00eancia a sobrecargas quer permanentes como acidentais.<\/p>\n<p>[\/vc_column_text][vc_column_text]O tanque formado com Atlantis Tank pode ser enterrado caso se pretenda obter por cima uma \u00e1rea verde, ou pode ser carregado directamente para o tr\u00e2nsito de ve\u00edculos, mesmo pesados.<br \/>\nA velocidade, a simplicidade e a economia s\u00e3o as caracter\u00edsticas principais do sistema Atlantis Tank.[\/vc_column_text][\/vc_column][\/vc_row]<\/p>\n","protected":false},"excerpt":{"rendered":"<p>Atlantis \u00e9 a solu\u00e7\u00e3o ideal para realizar tanques montados na obra para a recolha e\/ou dispers\u00e3o da \u00e1gua e para a reestrutura\u00e7\u00e3o de piscinas. <\/p>\n","protected":false},"author":1,"featured_media":61107,"parent":0,"menu_order":27,"comment_status":"closed","ping_status":"closed","template":"template-product.php","meta":[],"acf":[],"aioseo_notices":[],"_links":{"self":[{"href":"https:\/\/www.daliform.com\/pt-pt\/wp-json\/wp\/v2\/pages\/66667"}],"collection":[{"href":"https:\/\/www.daliform.com\/pt-pt\/wp-json\/wp\/v2\/pages"}],"about":[{"href":"https:\/\/www.daliform.com\/pt-pt\/wp-json\/wp\/v2\/types\/page"}],"author":[{"embeddable":true,"href":"https:\/\/www.daliform.com\/pt-pt\/wp-json\/wp\/v2\/users\/1"}],"replies":[{"embeddable":true,"href":"https:\/\/www.daliform.com\/pt-pt\/wp-json\/wp\/v2\/comments?post=66667"}],"version-history":[{"count":0,"href":"https:\/\/www.daliform.com\/pt-pt\/wp-json\/wp\/v2\/pages\/66667\/revisions"}],"wp:featuredmedia":[{"embeddable":true,"href":"https:\/\/www.daliform.com\/pt-pt\/wp-json\/wp\/v2\/media\/61107"}],"wp:attachment":[{"href":"https:\/\/www.daliform.com\/pt-pt\/wp-json\/wp\/v2\/media?parent=66667"}],"curies":[{"name":"wp","href":"https:\/\/api.w.org\/{rel}","templated":true}]}}