{"id":66479,"date":"2016-05-14T09:38:52","date_gmt":"2016-05-14T07:38:52","guid":{"rendered":"https:\/\/www.daliform.com\/?page_id=66479"},"modified":"2021-10-07T08:40:29","modified_gmt":"2021-10-07T06:40:29","slug":"pratopratico-grelha-para-circulacao-automovel","status":"publish","type":"page","link":"https:\/\/www.daliform.com\/pt-pt\/pratopratico-grelha-para-circulacao-automovel\/","title":{"rendered":"Pratopratico\u00ae"},"content":{"rendered":"<p>[vc_row][vc_column width=&#8221;1\/4&#8243;][vc_single_image image=&#8221;66523&#8243; img_size=&#8221;large&#8221;][\/vc_column][vc_column width=&#8221;3\/4&#8243;][vc_column_text]<\/p>\n<h5 style=\"text-align: justify;\"><strong>PRATOPRATICO\u00ae representa um genial sistema para tornar o gramado transit\u00e1vel preservando-o contra os danos provocados pelo tr\u00e2nsito e pelo estacionamento dos ve\u00edculos, inclusive os meios pesados, em qualquer condi\u00e7\u00e3o atmosf\u00e9rica.<\/strong><\/h5>\n<p style=\"text-align: justify;\">A ess\u00eancia de PRATOPRATICO\u00ae \u00e9 muito simples, se trata de \u201carmar\u201d a superf\u00edcie natural do terreno com uma pavimenta\u00e7\u00e3o modular constitu\u00edda por grelhas com estrutura celular muito robusta na qual a manta de relva, ficando alguns mil\u00edmetros abaixo do limite superior das paredes da pavimenta\u00e7\u00e3o, \u00e9 protegida contra qualquer tipo de esmagamento ou solicita\u00e7\u00e3o.<\/p>\n<p>[\/vc_column_text][\/vc_column][vc_column][vc_empty_space height=&#8221;15px&#8221;][vc_column_text]As grelhas s\u00e3o realizadas com uma mat\u00e9ria pl\u00e1stica especial, com elevadas caracter\u00edsticas tecno\/mec\u00e2nicas, n\u00e3o t\u00f3xica e inatac\u00e1vel por parte dos agentes atmosf\u00e9ricos e qu\u00edmicos. A pavimenta\u00e7\u00e3o PRATOPRATICO\u00ae se desenvolve de maneira r\u00e1pida e econ\u00f3mica por meio da uni\u00e3o das v\u00e1rias grelhas com um sistema de engate macho\/f\u00eamea.[\/vc_column_text][\/vc_column][\/vc_row]<\/p>\n","protected":false},"excerpt":{"rendered":"<p>Pratopratico\u00ae tornar o gramado transit\u00e1vel preservando-o contra os danos provocados pelo tr\u00e2nsito e pelo estacionamento dos ve\u00edculos.<\/p>\n","protected":false},"author":1,"featured_media":61400,"parent":0,"menu_order":28,"comment_status":"closed","ping_status":"closed","template":"template-product.php","meta":[],"acf":[],"aioseo_notices":[],"_links":{"self":[{"href":"https:\/\/www.daliform.com\/pt-pt\/wp-json\/wp\/v2\/pages\/66479"}],"collection":[{"href":"https:\/\/www.daliform.com\/pt-pt\/wp-json\/wp\/v2\/pages"}],"about":[{"href":"https:\/\/www.daliform.com\/pt-pt\/wp-json\/wp\/v2\/types\/page"}],"author":[{"embeddable":true,"href":"https:\/\/www.daliform.com\/pt-pt\/wp-json\/wp\/v2\/users\/1"}],"replies":[{"embeddable":true,"href":"https:\/\/www.daliform.com\/pt-pt\/wp-json\/wp\/v2\/comments?post=66479"}],"version-history":[{"count":0,"href":"https:\/\/www.daliform.com\/pt-pt\/wp-json\/wp\/v2\/pages\/66479\/revisions"}],"wp:featuredmedia":[{"embeddable":true,"href":"https:\/\/www.daliform.com\/pt-pt\/wp-json\/wp\/v2\/media\/61400"}],"wp:attachment":[{"href":"https:\/\/www.daliform.com\/pt-pt\/wp-json\/wp\/v2\/media?parent=66479"}],"curies":[{"name":"wp","href":"https:\/\/api.w.org\/{rel}","templated":true}]}}