{"id":66089,"date":"2016-05-04T15:58:43","date_gmt":"2016-05-04T13:58:43","guid":{"rendered":"https:\/\/www.daliform.com\/?page_id=66089"},"modified":"2022-03-02T10:50:24","modified_gmt":"2022-03-02T09:50:24","slug":"armazem-alimentar","status":"publish","type":"page","link":"https:\/\/www.daliform.com\/pt-pt\/sistemi-por-a-compostagem-e-por-a-biofiltracao\/eolo-aplicacoes\/armazem-alimentar\/","title":{"rendered":"Armaz\u00e9m alimentar"},"content":{"rendered":"<p>[vc_row padding_top=&#8221;0&#8243; padding_bottom=&#8221;0&#8243;][vc_column]\n\t<div class=\"custom-heading wpb_content_element  heading-medium\">\n\t\t<h2 class=\"heading-title\" >A ventila\u00e7\u00e3o dos armaz\u00e9ns \u00e9 necess\u00e1ria para n\u00e3o formar bolsas de umidade cuja concentra\u00e7\u00e3o leve ao desenvolvimento de esporos de fungos e bact\u00e9rias.<\/h2>\n\t\t<span class=\"heading-line primary\"><\/span>\n\t<\/div>[\/vc_column][\/vc_row][vc_row][vc_column width=&#8221;1\/2&#8243;][vc_single_image image=&#8221;61013&#8243; img_size=&#8221;full&#8221; alignment=&#8221;center&#8221;][\/vc_column][vc_column width=&#8221;1\/2&#8243;][vc_single_image image=&#8221;61023&#8243; img_size=&#8221;full&#8221; alignment=&#8221;center&#8221;][\/vc_column][vc_column][vc_empty_space height=&#8221;20px&#8221;][vc_column_text]<\/p>\n<p style=\"text-align: justify;\">\u00c9 sabido, desde a antiguidade, que a ventila\u00e7\u00e3o dos armaz\u00e9ns \u00e9 necess\u00e1ria para n\u00e3o formar bolsas de humidade, cuja concentra\u00e7\u00e3o levava \u00e0 prolifera\u00e7\u00e3o de esporos de bolor e bact\u00e9rias, deteriorando os pr\u00f3prios produtos alimentares (David Macaulay \u201cA cidade Romana\u201d).<br \/>\nTamb\u00e9m \u00e9 sabido que dificilmente o ar se move em sentido horizontal, a n\u00e3o ser quando se criam adequadas condi\u00e7\u00f5es de temperatura e press\u00e3o, e por este motivo eram criadas caixas de ar dentro dos edif\u00edcios.<\/p>\n<p>O Daliform Group, <strong>a fim de facilitar o movimento do ar dentro das caixas de ar, concebeu o Eolo, o sistema de ventila\u00e7\u00e3o assim\u00e9trico.<\/strong><br \/>\nOs v\u00e1rios pontos de entrada de ar da caixa de ar, que tamb\u00e9m se encontra em condi\u00e7\u00f5es de temperatura e densidade estratificadas em altura, fazem com que sejam poss\u00edveis micro entradas para circula\u00e7\u00e3o natural do ar, favorecendo assim a sua circula\u00e7\u00e3o em sentido vertical.<br \/>\nA entrada ainda mais assim\u00e9trica causada pela temperatura e densidade do ar, para dentro dos produtos alimentares empilhados, permite o desencadeamento de modo natural dos movimentos acima referidos, aumentando as possibilidades de conserva\u00e7\u00e3o das ensilagens.<br \/>\nAl\u00e9m desta possibilidade est\u00e3o previstos sulcos vari\u00e1veis, identificados nos cones assim\u00e9tricos, destinados a hospedar ou pendurar as redes electrosoldadas, a colocar na fase de armadura na parte superior, e facilitar assim a prepara\u00e7\u00e3o da betonagem do pavimento sobre o qual podem ser colocados, ap\u00f3s terem sidos terminados os trabalhos, as ensilagens alimentares.[\/vc_column_text][\/vc_column][\/vc_row][vc_row][vc_column][vc_separator][vc_column_text css=&#8221;.vc_custom_1633423904715{margin-bottom: 15px !important;}&#8221;]<strong>PRODUTOS RECOMENDADOS:<\/strong>[\/vc_column_text][vc_empty_space height=&#8221;10px&#8221;][\/vc_column][vc_column][vc_masonry_grid post_type=&#8221;ids&#8221; element_width=&#8221;3&#8243; grid_id=&#8221;vc_gid:1633423859064-40b7adc0-9405-8&#8243; include=&#8221;3291&#8243; el_class=&#8221;text-size-p&#8221;][\/vc_column][\/vc_row]<\/p>\n","protected":false},"excerpt":{"rendered":"<p>\u00c9 sabido, desde a antiguidade, que a ventila\u00e7\u00e3o dos armaz\u00e9ns \u00e9 necess\u00e1ria para n\u00e3o formar bolsas de humidade.<\/p>\n","protected":false},"author":1,"featured_media":61003,"parent":65439,"menu_order":2,"comment_status":"closed","ping_status":"closed","template":"","meta":[],"acf":[],"aioseo_notices":[],"_links":{"self":[{"href":"https:\/\/www.daliform.com\/pt-pt\/wp-json\/wp\/v2\/pages\/66089"}],"collection":[{"href":"https:\/\/www.daliform.com\/pt-pt\/wp-json\/wp\/v2\/pages"}],"about":[{"href":"https:\/\/www.daliform.com\/pt-pt\/wp-json\/wp\/v2\/types\/page"}],"author":[{"embeddable":true,"href":"https:\/\/www.daliform.com\/pt-pt\/wp-json\/wp\/v2\/users\/1"}],"replies":[{"embeddable":true,"href":"https:\/\/www.daliform.com\/pt-pt\/wp-json\/wp\/v2\/comments?post=66089"}],"version-history":[{"count":0,"href":"https:\/\/www.daliform.com\/pt-pt\/wp-json\/wp\/v2\/pages\/66089\/revisions"}],"up":[{"embeddable":true,"href":"https:\/\/www.daliform.com\/pt-pt\/wp-json\/wp\/v2\/pages\/65439"}],"wp:featuredmedia":[{"embeddable":true,"href":"https:\/\/www.daliform.com\/pt-pt\/wp-json\/wp\/v2\/media\/61003"}],"wp:attachment":[{"href":"https:\/\/www.daliform.com\/pt-pt\/wp-json\/wp\/v2\/media?parent=66089"}],"curies":[{"name":"wp","href":"https:\/\/api.w.org\/{rel}","templated":true}]}}