{"id":65021,"date":"2016-05-04T08:57:52","date_gmt":"2016-05-04T06:57:52","guid":{"rendered":"https:\/\/www.daliform.com\/?page_id=65021"},"modified":"2021-10-04T14:32:44","modified_gmt":"2021-10-04T12:32:44","slug":"sistemi-por-a-compostagem-e-por-a-biofiltracao","status":"publish","type":"page","link":"https:\/\/www.daliform.com\/pt-pt\/sistemi-por-a-compostagem-e-por-a-biofiltracao\/","title":{"rendered":"Eolo"},"content":{"rendered":"<p>[vc_row][vc_column width=&#8221;1\/4&#8243;][vc_single_image image=&#8221;60805&#8243; img_size=&#8221;large&#8221;][\/vc_column][vc_column width=&#8221;3\/4&#8243;][vc_column_text]<\/p>\n<h5 class=\"p1\" style=\"text-align: justify;\"><strong>O Eolo<\/strong> \u00e9 a solu\u00e7\u00e3o eficaz, r\u00e1pida e econ\u00f3mica que permite realizar um pavimento furado de bet\u00e3o com elevada capacidade portante, destinado \u00e0 circula\u00e7\u00e3o mesmo dos meios pesados.<\/h5>\n<p class=\"p1\" style=\"text-align: justify;\">Gra\u00e7as aos bicos assim\u00e9tricos verticais, axialmente furados, pode ser convenientemente usado para a distribui\u00e7\u00e3o e difus\u00e3o de ar em esta\u00e7\u00f5es de compostagem, estabiliza\u00e7\u00e3o de res\u00edduos, sistemas de desodoriza\u00e7\u00e3o e para ventilar os pavimentos de armaz\u00e9ns destinados \u00e0 conserva\u00e7\u00e3o\/cura de produtos alimentares.<\/p>\n<p>[\/vc_column_text][\/vc_column][vc_column][vc_empty_space height=&#8221;15px&#8221;][vc_column_text]<\/p>\n<p class=\"p1\" style=\"text-align: justify;\">\u00c9 sabido, desde a Roma antiga, que a ventila\u00e7\u00e3o dos armaz\u00e9ns \u00e9 necess\u00e1ria para n\u00e3o formar bolsas de humidade, cuja concentra\u00e7\u00e3o levava \u00e0 prolifera\u00e7\u00e3o de esporos de bolor e bact\u00e9rias, deteriorando os pr\u00f3prios produtos alimentares <em>(David Macaulay \u201cA cidade Romana\u201d)<\/em>.<\/p>\n<p class=\"p1\" style=\"text-align: justify;\">Realizado em pl\u00e1stico reciclado e ecocompat\u00edvel, o Eolo \u00e9 composto por especiais bicos difusores altos, que permitem a realiza\u00e7\u00e3o de uma laje furada com 6 cm de altura.<\/p>\n<p class=\"p1\" style=\"text-align: justify;\">Atrav\u00e9s dos elementos Eolo, o ar \u00e9 distribu\u00eddo uniformemente em toda a caixa de ar e depois \u00e9 insuflado para o ambiente por cima.<\/p>\n<p>[\/vc_column_text][\/vc_column][\/vc_row]<\/p>\n","protected":false},"excerpt":{"rendered":"<p>Para a distribui\u00e7\u00e3o e difus\u00e3o de ar em instala\u00e7\u00e3os de compostagem, estabiliza\u00e7\u00e3os de res\u00edduos, instala\u00e7\u00e3os de desodoriza\u00e7\u00e3o e em armaz\u00e9ns de alimentos.<\/p>\n","protected":false},"author":1,"featured_media":60795,"parent":0,"menu_order":26,"comment_status":"closed","ping_status":"closed","template":"template-product.php","meta":[],"acf":[],"aioseo_notices":[],"_links":{"self":[{"href":"https:\/\/www.daliform.com\/pt-pt\/wp-json\/wp\/v2\/pages\/65021"}],"collection":[{"href":"https:\/\/www.daliform.com\/pt-pt\/wp-json\/wp\/v2\/pages"}],"about":[{"href":"https:\/\/www.daliform.com\/pt-pt\/wp-json\/wp\/v2\/types\/page"}],"author":[{"embeddable":true,"href":"https:\/\/www.daliform.com\/pt-pt\/wp-json\/wp\/v2\/users\/1"}],"replies":[{"embeddable":true,"href":"https:\/\/www.daliform.com\/pt-pt\/wp-json\/wp\/v2\/comments?post=65021"}],"version-history":[{"count":0,"href":"https:\/\/www.daliform.com\/pt-pt\/wp-json\/wp\/v2\/pages\/65021\/revisions"}],"wp:featuredmedia":[{"embeddable":true,"href":"https:\/\/www.daliform.com\/pt-pt\/wp-json\/wp\/v2\/media\/60795"}],"wp:attachment":[{"href":"https:\/\/www.daliform.com\/pt-pt\/wp-json\/wp\/v2\/media?parent=65021"}],"curies":[{"name":"wp","href":"https:\/\/api.w.org\/{rel}","templated":true}]}}