{"id":64939,"date":"2016-05-17T17:12:52","date_gmt":"2016-05-17T15:12:52","guid":{"rendered":"https:\/\/www.daliform.com\/?page_id=64939"},"modified":"2022-02-15T14:06:10","modified_gmt":"2022-02-15T13:06:10","slug":"relvado-para-isolamento-acustico","status":"publish","type":"page","link":"https:\/\/www.daliform.com\/pt-pt\/relvado-para-isolamento-acustico\/","title":{"rendered":"U-Boot\u00ae Silence"},"content":{"rendered":"<p>[vc_row][vc_column width=&#8221;1\/3&#8243;][vc_single_image image=&#8221;60648&#8243; img_size=&#8221;large&#8221; alignment=&#8221;center&#8221;][\/vc_column][vc_column width=&#8221;2\/3&#8243;][vc_column_text]<\/p>\n<h5 style=\"text-align: justify;\"><strong>U-Boot\u00ae Silence \u00e9 o relvado insonorizante especificamente realizado para ser aplicado em solos aligeirados com sistema U-Boot\u00ae Beton, que &#8220;cala para sempre&#8221; os incomodativos ru\u00eddos a\u00e9reos e de impacto. <\/strong><\/h5>\n<p style=\"text-align: justify;\">A aplica\u00e7\u00e3o de U-Boot\u00ae Silence em tais solos aligeirados permite obter presta\u00e7\u00f5es de isolamento de excel\u00eancia, <strong>posicionando o edif\u00edcio na Classe I (UNI 11367:2010)<\/strong> para o ru\u00eddo a\u00e9rero e de impacto.<\/p>\n<p>[\/vc_column_text][\/vc_column][vc_column][vc_column_text]No decorrer dos \u00faltimos anos a consci\u00eancia do conforto habitacional tornou-se cada vez mais difundida. Os comitentes e os utilizadores finais exigem presta\u00e7\u00f5es e caracter\u00edsticas qualitativas adequadas e \u00e0 altura das expectativas esperando do construtor e do projectista garantias precisas.<\/p>\n<p>Enquanto no tema da poupan\u00e7a energ\u00e9tica se tenham dado nestes \u00faltimos dias passos de gigante, o problema do conforto ac\u00fastico \u00e9 ainda subestimado. Estudos recentes demonstraram tamb\u00e9m que as pessoas que vivem em ambientes n\u00e3o adequadamente isolados acusticamente apresentam perturba\u00e7\u00f5es de sono, irritabilidade, menor produtividade laboral.<br \/>\nPor estes motivos, o incumprimento das presta\u00e7\u00f5es m\u00ednimas de isolamento ac\u00fastico pode comprometer a pr\u00f3pria validade do certificado de habitabilidade e produzir uma not\u00e1vel perda de valor do im\u00f3vel.[\/vc_column_text][\/vc_column][\/vc_row]<\/p>\n","protected":false},"excerpt":{"rendered":"<p>U-Boot\u00ae Silence \u00e9 o relvado insonorizante especificamente realizado para ser aplicado em solos aligeirados com sistema U-Boot\u00ae Beton.<\/p>\n","protected":false},"author":1,"featured_media":60632,"parent":0,"menu_order":25,"comment_status":"closed","ping_status":"closed","template":"template-product.php","meta":[],"acf":[],"aioseo_notices":[],"_links":{"self":[{"href":"https:\/\/www.daliform.com\/pt-pt\/wp-json\/wp\/v2\/pages\/64939"}],"collection":[{"href":"https:\/\/www.daliform.com\/pt-pt\/wp-json\/wp\/v2\/pages"}],"about":[{"href":"https:\/\/www.daliform.com\/pt-pt\/wp-json\/wp\/v2\/types\/page"}],"author":[{"embeddable":true,"href":"https:\/\/www.daliform.com\/pt-pt\/wp-json\/wp\/v2\/users\/1"}],"replies":[{"embeddable":true,"href":"https:\/\/www.daliform.com\/pt-pt\/wp-json\/wp\/v2\/comments?post=64939"}],"version-history":[{"count":0,"href":"https:\/\/www.daliform.com\/pt-pt\/wp-json\/wp\/v2\/pages\/64939\/revisions"}],"wp:featuredmedia":[{"embeddable":true,"href":"https:\/\/www.daliform.com\/pt-pt\/wp-json\/wp\/v2\/media\/60632"}],"wp:attachment":[{"href":"https:\/\/www.daliform.com\/pt-pt\/wp-json\/wp\/v2\/media?parent=64939"}],"curies":[{"name":"wp","href":"https:\/\/api.w.org\/{rel}","templated":true}]}}