{"id":63442,"date":"2016-05-17T17:50:52","date_gmt":"2016-05-17T15:50:52","guid":{"rendered":"https:\/\/www.daliform.com\/?page_id=63442"},"modified":"2022-04-13T15:38:16","modified_gmt":"2022-04-13T13:38:16","slug":"forjados-aligeiradas-unidireccionais","status":"publish","type":"page","link":"https:\/\/www.daliform.com\/pt-pt\/forjados-aligeiradas-unidireccionais\/","title":{"rendered":"U-Bahn\u00ae Beton"},"content":{"rendered":"<p>[vc_row][vc_column width=&#8221;1\/4&#8243;][vc_single_image image=&#8221;63411&#8243; img_size=&#8221;large&#8221;][\/vc_column][vc_column width=&#8221;3\/4&#8243;][vc_column_text]<\/p>\n<p style=\"text-align: left;\"><strong>U-Bahn\u00ae Beton \u00e9 uma cofragem modular em polipropileno reciclado, concebido especificamente para a realiza\u00e7\u00e3o de lajes unidireccionais montadas na obra ou semi pr\u00e9-fabricadas.<br \/>\n<\/strong>Os v\u00e1rios elementos, sobrepostos na porte terminal, permitem a cria\u00e7\u00e3o de vigotas de todos os comprimento.<br \/>\nGra\u00e7as aos p\u00e9s c\u00f3nicos elevadores, cobrindo os m\u00f3dulos U-Bahn\u00ae Beton com a descarga de bet\u00e3o obt\u00eam-se vigas em largura, paralelas entre si, fechadas por baixo e por cima por uma laje plana realizada em sequ\u00eancia e com uma \u00fanica descarga de bet\u00e3o; tudo com uma not\u00e1vel poupan\u00e7a de bet\u00e3o e a\u00e7o, bem como consider\u00e1veis vantagens em termos de risco de inc\u00eandio em rela\u00e7\u00e3o a aligeiramentos de poliestireno expandido.<\/p>\n<p>[\/vc_column_text][\/vc_column][vc_column][vc_empty_space height=&#8221;15px&#8221;][vc_column_text]<\/p>\n<p style=\"text-align: left;\">Leve e empilh\u00e1vel, \u00e9 simples de manusear na coloca\u00e7\u00e3o na obra, racional na utiliza\u00e7\u00e3o, n\u00e3o teme as intemp\u00e9ries e \u00e9 f\u00e1cil de armazenar no estaleiro, ocupando espa\u00e7os reduzidos.<\/p>\n<p style=\"text-align: left;\">Concebido de acordo com r\u00edgidos crit\u00e9rios de qualidade, o m\u00f3dulo U-Bahn\u00ae Beton \u00e9 garantido para uma resist\u00eancia a seco de 150 kg, concentrados numa zona de carga com 8 x 8 cm, tal como previsto pela norma em vigor.<br \/>\nAo contr\u00e1rio do que acontece com os tradicionais blocos de argila, a cavidade deixada pelo U-Bahn\u00ae Beton pode ser utilizada para a passagem de cabos e instala\u00e7\u00f5es.<\/p>\n<p>[\/vc_column_text][\/vc_column][\/vc_row]<\/p>\n","protected":false},"excerpt":{"rendered":"<p>U-Bahn\u00ae Beton \u00e9 uma cofragem modular em polipropileno reciclado, concebido especificamente para a realiza\u00e7\u00e3o de lajes unidireccionais montadas na obra ou semi pr\u00e9-fabricadas. <\/p>\n","protected":false},"author":1,"featured_media":58780,"parent":0,"menu_order":22,"comment_status":"closed","ping_status":"closed","template":"template-product.php","meta":[],"acf":[],"aioseo_notices":[],"_links":{"self":[{"href":"https:\/\/www.daliform.com\/pt-pt\/wp-json\/wp\/v2\/pages\/63442"}],"collection":[{"href":"https:\/\/www.daliform.com\/pt-pt\/wp-json\/wp\/v2\/pages"}],"about":[{"href":"https:\/\/www.daliform.com\/pt-pt\/wp-json\/wp\/v2\/types\/page"}],"author":[{"embeddable":true,"href":"https:\/\/www.daliform.com\/pt-pt\/wp-json\/wp\/v2\/users\/1"}],"replies":[{"embeddable":true,"href":"https:\/\/www.daliform.com\/pt-pt\/wp-json\/wp\/v2\/comments?post=63442"}],"version-history":[{"count":0,"href":"https:\/\/www.daliform.com\/pt-pt\/wp-json\/wp\/v2\/pages\/63442\/revisions"}],"wp:featuredmedia":[{"embeddable":true,"href":"https:\/\/www.daliform.com\/pt-pt\/wp-json\/wp\/v2\/media\/58780"}],"wp:attachment":[{"href":"https:\/\/www.daliform.com\/pt-pt\/wp-json\/wp\/v2\/media?parent=63442"}],"curies":[{"name":"wp","href":"https:\/\/api.w.org\/{rel}","templated":true}]}}