{"id":61768,"date":"2016-05-18T17:06:54","date_gmt":"2016-05-18T15:06:54","guid":{"rendered":"https:\/\/www.daliform.com\/?page_id=61768"},"modified":"2022-11-08T10:57:46","modified_gmt":"2022-11-08T09:57:46","slug":"cofragem-perdida-para-pisos-aligeiradas-de-betao","status":"publish","type":"page","link":"https:\/\/www.daliform.com\/pt-pt\/cofragem-perdida-para-pisos-aligeiradas-de-betao\/","title":{"rendered":"U-Boot\u00ae Beton"},"content":{"rendered":"<p>[vc_row][vc_column width=&#8221;1\/4&#8243;][vc_single_image image=&#8221;55852&#8243; img_size=&#8221;large&#8221;][\/vc_column][vc_column width=&#8221;3\/4&#8243;][vc_column_text]<\/p>\n<h6 style=\"text-align: justify;\"><strong>O U-Boot\u00ae Beton \u00e9 uma cofragem em polipropileno reciclado, para pisos e lajes de bet\u00e3o armado aligeirados.<\/strong><\/h6>\n<p style=\"text-align: justify;\">A utiliza\u00e7\u00e3o das cofragens U-Boot\u00ae Beton permite realizar lajes fungiformes, com a possibilidade da cofragem ter a mesma espessura do piso.<\/p>\n<p style=\"text-align: justify;\">Gra\u00e7as aos p\u00e9s c\u00f3nicos elevadores, cobrindo os m\u00f3dulos U-Boot\u00ae Beton com a descarga de bet\u00e3o, obt\u00e9m-se uma grelha de vigas mutuamente ortogonais fechadas por baixo e por cima por uma camada de bet\u00e3o plana realizada em sequ\u00eancia e com uma \u00fanica betonagem; tudo com uma not\u00e1vel poupan\u00e7a de bet\u00e3o e a\u00e7o.<\/p>\n<p>[\/vc_column_text][\/vc_column][vc_column][vc_empty_space height=&#8221;20px&#8221;][vc_column_text]O U-Boot\u00ae Beton permite realizar pisos de grandes espa\u00e7os ou capazes de suportar grandes cargas, sem vigas.<br \/>\nLeve, f\u00e1cil e r\u00e1pido de montar, gra\u00e7as \u00e0 sua modularidade permite ao projetista alterar os par\u00e2metros geom\u00e9tricos ao seu gosto para se adaptar a todas as situa\u00e7\u00f5es com grande liberdade arquitet\u00f3nica.[\/vc_column_text][\/vc_column][\/vc_row]<\/p>\n","protected":false},"excerpt":{"rendered":"<p>U-Boot\u00ae Beton cofragem perdida,em polipropileno reciclado, para pisos e lajes de bet\u00e3o armado aligeirados.<\/p>\n","protected":false},"author":1,"featured_media":55862,"parent":0,"menu_order":21,"comment_status":"closed","ping_status":"closed","template":"template-product.php","meta":[],"acf":[],"aioseo_notices":[],"_links":{"self":[{"href":"https:\/\/www.daliform.com\/pt-pt\/wp-json\/wp\/v2\/pages\/61768"}],"collection":[{"href":"https:\/\/www.daliform.com\/pt-pt\/wp-json\/wp\/v2\/pages"}],"about":[{"href":"https:\/\/www.daliform.com\/pt-pt\/wp-json\/wp\/v2\/types\/page"}],"author":[{"embeddable":true,"href":"https:\/\/www.daliform.com\/pt-pt\/wp-json\/wp\/v2\/users\/1"}],"replies":[{"embeddable":true,"href":"https:\/\/www.daliform.com\/pt-pt\/wp-json\/wp\/v2\/comments?post=61768"}],"version-history":[{"count":1,"href":"https:\/\/www.daliform.com\/pt-pt\/wp-json\/wp\/v2\/pages\/61768\/revisions"}],"predecessor-version":[{"id":109166,"href":"https:\/\/www.daliform.com\/pt-pt\/wp-json\/wp\/v2\/pages\/61768\/revisions\/109166"}],"wp:featuredmedia":[{"embeddable":true,"href":"https:\/\/www.daliform.com\/pt-pt\/wp-json\/wp\/v2\/media\/55862"}],"wp:attachment":[{"href":"https:\/\/www.daliform.com\/pt-pt\/wp-json\/wp\/v2\/media?parent=61768"}],"curies":[{"name":"wp","href":"https:\/\/api.w.org\/{rel}","templated":true}]}}