{"id":60617,"date":"2016-05-17T07:59:55","date_gmt":"2016-05-17T05:59:55","guid":{"rendered":"https:\/\/www.daliform.com\/?page_id=60617"},"modified":"2022-04-13T14:48:12","modified_gmt":"2022-04-13T12:48:12","slug":"cofragem-muro","status":"publish","type":"page","link":"https:\/\/www.daliform.com\/pt-pt\/cofragem-muro\/","title":{"rendered":"Cofragem Muro"},"content":{"rendered":"<p>[vc_row][vc_column width=&#8221;1\/4&#8243;][vc_single_image image=&#8221;60598&#8243; img_size=&#8221;full&#8221; alignment=&#8221;center&#8221;][\/vc_column][vc_column width=&#8221;3\/4&#8243;][vc_column_text]<\/p>\n<h5 style=\"text-align: justify;\"><strong>A Cofragem Muro foi concebida como alternativa \u00e0s cofragens de madeira tradicionais, para permitir a betonagem de muros de eleva\u00e7\u00e3o, vigas invertidas e sapatas de funda\u00e7\u00e3o, reduzindo drasticamente os tempos de realiza\u00e7\u00e3o das funda\u00e7\u00f5es.<\/strong><\/h5>\n<p style=\"text-align: justify;\">Esta cofragem perdida \u00e9 constitu\u00edda pela combina\u00e7\u00e3o de tubos, pain\u00e9is, colares e suportes, tudo fabricado em polipropileno.<\/p>\n<p>[\/vc_column_text][\/vc_column][vc_column][vc_empty_space height=&#8221;15px&#8221;][vc_column_text]Associada ao sistema Atlantis a cofragem Muro permite realizar, ao mesmo tempo, as vigas de funda\u00e7\u00e3o e a laje, optimizando e acelerando os trabalhos, com resultados econ\u00f3micos consider\u00e1veis.<br \/>\nPor este motivo o sistema \u00e9 muito apreciado na realiza\u00e7\u00e3o de tanques de recolha e\/ou dispers\u00e3o de \u00e1guas, obras que s\u00e3o cada vez mais necess\u00e1rias nos mais variados contextos de constru\u00e7\u00e3o.<br \/>\nDada a facilidade e velocidade de coloca\u00e7\u00e3o tamb\u00e9m se adapta perfeitamente \u00e0 realiza\u00e7\u00e3o de lajes nervuradas, nas quais os vazios entre as vigas s\u00e3o enchidos pelos m\u00f3dulos do Sistema Atlantis.[\/vc_column_text][\/vc_column][\/vc_row]<\/p>\n","protected":false},"excerpt":{"rendered":"<p>A Cofragem Muro para permitir a betonagem de muros de eleva\u00e7\u00e3o, vigas invertidas e sapatas de funda\u00e7\u00e3o, reduzindo drasticamente os tempos de realiza\u00e7\u00e3o.<\/p>\n","protected":false},"author":1,"featured_media":51516,"parent":0,"menu_order":20,"comment_status":"closed","ping_status":"closed","template":"template-product.php","meta":[],"acf":[],"aioseo_notices":[],"_links":{"self":[{"href":"https:\/\/www.daliform.com\/pt-pt\/wp-json\/wp\/v2\/pages\/60617"}],"collection":[{"href":"https:\/\/www.daliform.com\/pt-pt\/wp-json\/wp\/v2\/pages"}],"about":[{"href":"https:\/\/www.daliform.com\/pt-pt\/wp-json\/wp\/v2\/types\/page"}],"author":[{"embeddable":true,"href":"https:\/\/www.daliform.com\/pt-pt\/wp-json\/wp\/v2\/users\/1"}],"replies":[{"embeddable":true,"href":"https:\/\/www.daliform.com\/pt-pt\/wp-json\/wp\/v2\/comments?post=60617"}],"version-history":[{"count":0,"href":"https:\/\/www.daliform.com\/pt-pt\/wp-json\/wp\/v2\/pages\/60617\/revisions"}],"wp:featuredmedia":[{"embeddable":true,"href":"https:\/\/www.daliform.com\/pt-pt\/wp-json\/wp\/v2\/media\/51516"}],"wp:attachment":[{"href":"https:\/\/www.daliform.com\/pt-pt\/wp-json\/wp\/v2\/media?parent=60617"}],"curies":[{"name":"wp","href":"https:\/\/api.w.org\/{rel}","templated":true}]}}