{"id":51362,"date":"2020-05-19T10:05:08","date_gmt":"2020-05-19T08:05:08","guid":{"rendered":"https:\/\/www.daliform.com\/iglu-barrier\/"},"modified":"2022-04-13T14:15:43","modified_gmt":"2022-04-13T12:15:43","slug":"protecao-periferica-de-paredes-contacto-com-a-terra","status":"publish","type":"page","link":"https:\/\/www.daliform.com\/pt-pt\/protecao-periferica-de-paredes-contacto-com-a-terra\/","title":{"rendered":"Iglu&#8217;\u00ae Barrier"},"content":{"rendered":"<p>[vc_row][vc_column width=&#8221;1\/4&#8243;][vc_single_image image=&#8221;38769&#8243; img_size=&#8221;large&#8221;][\/vc_column][vc_column width=&#8221;3\/4&#8243;][vc_column_text]<\/p>\n<h5><strong>Este sistema representa a prote\u00e7\u00e3o mais segura para as paredes enterradas, destinada a durar no tempo e a acompanhar a constru\u00e7\u00e3o ao longo de toda a sua durabilidade t\u00e9cnica.<\/strong><\/h5>\n<p>[\/vc_column_text][vc_column_text]As paredes em contacto com a terra est\u00e3o expostas a humidade devido a fen\u00f3menos de capilaridade, aos quais se pode juntar a poss\u00edvel condensa\u00e7\u00e3o do ar h\u00famido, como consequ\u00eancia de um isolamento t\u00e9rmico inadequado. Esta situa\u00e7\u00e3o pode provocar a forma\u00e7\u00e3o de mofo, odores desagrad\u00e1veis e sobretudo prejudicar a durabilidade da estrutura.<\/p>\n<p>Assim sendo, a escolha dos materiais deve ser de produtos que mant\u00eam no tempo as suas caracter\u00edsticas de impermeabilidade \u00e0 \u00e1gua e ao vapor de \u00e1gua, de n\u00e3o apodrecimento e de resist\u00eancia mec\u00e2nica, inclusive sob a a\u00e7\u00e3o das cargas devidas \u00e0s movimenta\u00e7\u00f5es dos ve\u00edculos na obra.[\/vc_column_text][\/vc_column][\/vc_row][vc_row][vc_column][vc_column_text]Iglu\u2019\u00ae Barrier \u00e9 um painel de pl\u00e1stico reciclado criado para proteger a camada imperme\u00e1vel nos muros de arrimo. Gra\u00e7as \u00e0s suas caracter\u00edsticas t\u00e9cnicas, garante uma excelente resist\u00eancia \u00e0 compress\u00e3o.<br \/>\nO uso de Iglu\u2019\u00ae Barrier faz com que se crie uma cavidade ventilada entre o muro de arrimo impermeabilizado e o aterro, eliminando o contato entre o solo e a impermeabiliza\u00e7\u00e3o.[\/vc_column_text][\/vc_column][\/vc_row]<\/p>\n","protected":false},"excerpt":{"rendered":"<p>O painel Iglu&#8217;\u00ae Barrier protege as paredes em contacto com a terra dos locais habit\u00e1veis abaixo do n\u00edvel do solo.<\/p>\n","protected":false},"author":11,"featured_media":38779,"parent":0,"menu_order":18,"comment_status":"closed","ping_status":"closed","template":"template-product.php","meta":[],"acf":[],"aioseo_notices":[],"_links":{"self":[{"href":"https:\/\/www.daliform.com\/pt-pt\/wp-json\/wp\/v2\/pages\/51362"}],"collection":[{"href":"https:\/\/www.daliform.com\/pt-pt\/wp-json\/wp\/v2\/pages"}],"about":[{"href":"https:\/\/www.daliform.com\/pt-pt\/wp-json\/wp\/v2\/types\/page"}],"author":[{"embeddable":true,"href":"https:\/\/www.daliform.com\/pt-pt\/wp-json\/wp\/v2\/users\/11"}],"replies":[{"embeddable":true,"href":"https:\/\/www.daliform.com\/pt-pt\/wp-json\/wp\/v2\/comments?post=51362"}],"version-history":[{"count":0,"href":"https:\/\/www.daliform.com\/pt-pt\/wp-json\/wp\/v2\/pages\/51362\/revisions"}],"wp:featuredmedia":[{"embeddable":true,"href":"https:\/\/www.daliform.com\/pt-pt\/wp-json\/wp\/v2\/media\/38779"}],"wp:attachment":[{"href":"https:\/\/www.daliform.com\/pt-pt\/wp-json\/wp\/v2\/media?parent=51362"}],"curies":[{"name":"wp","href":"https:\/\/api.w.org\/{rel}","templated":true}]}}