{"id":49802,"date":"2016-05-27T15:51:51","date_gmt":"2016-05-27T13:51:51","guid":{"rendered":"https:\/\/www.daliform.com\/sistema-atlantis\/aplicacoes-sistema-atlantis\/camara-anti-raizes\/"},"modified":"2021-09-13T14:47:15","modified_gmt":"2021-09-13T12:47:15","slug":"camara-anti-raizes","status":"publish","type":"page","link":"https:\/\/www.daliform.com\/pt-pt\/fundacoes-ventiladas-sistema-atlantis\/aplicacoes-sistema-atlantis\/camara-anti-raizes\/","title":{"rendered":"C\u00e2mara anti-ra\u00edzes"},"content":{"rendered":"<p>[vc_row padding_top=&#8221;0&#8243; padding_bottom=&#8221;0&#8243;][vc_column]\n\t<div class=\"custom-heading wpb_content_element  heading-medium\">\n\t\t<h2 class=\"heading-title\" >Ao criar uma cavidade com o Iglu'\u00ae ou com o Sistema Atlantis ao redor das \u00e1rvores, abaixo do pavimento da estrada, as ra\u00edzes s\u00e3o impedidas de quebrar ou quebrar o pavimento sobreposto.<\/h2>\n\t\t<span class=\"heading-line primary\"><\/span>\n\t<\/div>[\/vc_column][\/vc_row][vc_row][vc_column width=&#8221;1\/2&#8243;][vc_masonry_media_grid element_width=&#8221;6&#8243; grid_id=&#8221;vc_gid:1627986227821-ac8d7061-78bb-8&#8243; include=&#8221;37827,37837,37847,37857&#8243;][\/vc_column][vc_column width=&#8221;1\/2&#8243;][vc_column_text css=&#8221;.vc_custom_1594369666697{margin-bottom: 35px !important;}&#8221;]<\/p>\n<h5 style=\"text-align: justify;\">Realizando uma c\u00e2mara de ar com Atlantis system o Iglu&#8217;<sup><sub>\u00ae<\/sub><\/sup> ao redor das \u00e1rvores, por baixo da pavimenta\u00e7\u00e3o da via, &#8220;engana-se&#8221; a \u00e1rvore:<strong> as ra\u00edzes, de fato, ao encontrarem a camada de ar, tendem naturalmente a se desenvolver na horizontal sem partir e nem desnivelar a pavimenta\u00e7\u00e3o.<\/strong><\/h5>\n<p style=\"text-align: justify;\"><strong>O espa\u00e7o verde urbano \u00e9 um componente indispens\u00e1vel para melhorar o bem-estar e dar vivacidade e cor \u00e0s cidades.<\/strong> Desde a teoria das \u201ccidades jardim\u201d, se passaram quase 200 anos e, na It\u00e1lia, a tend\u00eancia \u00e9 a realiza\u00e7\u00e3o de parques, bosques urbanos e \u201ccintur\u00f5es verdes\u201d. Por\u00e9m, frequentemente, o espa\u00e7o verde encontra-se simplesmente ao lado das vias, nas cal\u00e7adas ou nas pistas para os ciclistas. Regularmente precisam ser efetuados trabalhos de manuten\u00e7\u00e3o porque as ra\u00edzes das \u00e1rvores fazem press\u00e3o levantando a pavimenta\u00e7\u00e3o at\u00e9 sa\u00edrem para fora e voltarem para o subsolo para se desenvolver na horizontal. <strong>O sistema Iglu&#8217;<sup><sub>\u00ae<\/sub><\/sup> pode resolver este problema.<\/strong><\/p>\n<p>[\/vc_column_text][\/vc_column][\/vc_row][vc_row row_type=&#8221;row_full_center_content&#8221; bg_color=&#8221;#f2f2f2&#8243;][vc_column][vc_column_text]<\/p>\n<p style=\"text-align: justify;\"><strong>Vantagens:<\/strong><br \/>\n\u2022 N\u00e3o h\u00e1 custos de manuten\u00e7\u00e3o da cal\u00e7ada\/pista de ciclistas.<br \/>\n\u2022 Maior \u201csatisfa\u00e7\u00e3o\u201d do cidad\u00e3o que n\u00e3o se lamenta do pavimento irregular.<br \/>\n\u2022 Menores acidentes com pessoas idosas ou com capacidades motoras limitadas.<br \/>\n\u2022 Nivelamento com grande economia de materiais inertes.<\/p>\n<p>[\/vc_column_text][\/vc_column][\/vc_row][vc_row][vc_column][vc_separator][vc_column_text css=&#8221;.vc_custom_1592297006811{margin-bottom: 15px !important;}&#8221;]<strong>PRODUTOS RECOMENDADOS:<\/strong>[\/vc_column_text][vc_empty_space height=&#8221;10px&#8221;][\/vc_column][vc_column][vc_masonry_grid post_type=&#8221;ids&#8221; element_width=&#8221;3&#8243; grid_id=&#8221;vc_gid:1627986227823-e9c34ef3-a323-7&#8243; include=&#8221;1034, 4579&#8243; el_class=&#8221;text-size-p&#8221;][\/vc_column][\/vc_row]<\/p>\n","protected":false},"excerpt":{"rendered":"<p>Proteger raizes de \u00e1rvores e arbustos ao longo dea borda dea estrada, para evitar deforma\u00e7\u00f5es perigosas e levantamentos deo asfalto.<\/p>\n","protected":false},"author":1,"featured_media":57871,"parent":49205,"menu_order":3,"comment_status":"closed","ping_status":"closed","template":"","meta":[],"acf":[],"aioseo_notices":[],"_links":{"self":[{"href":"https:\/\/www.daliform.com\/pt-pt\/wp-json\/wp\/v2\/pages\/49802"}],"collection":[{"href":"https:\/\/www.daliform.com\/pt-pt\/wp-json\/wp\/v2\/pages"}],"about":[{"href":"https:\/\/www.daliform.com\/pt-pt\/wp-json\/wp\/v2\/types\/page"}],"author":[{"embeddable":true,"href":"https:\/\/www.daliform.com\/pt-pt\/wp-json\/wp\/v2\/users\/1"}],"replies":[{"embeddable":true,"href":"https:\/\/www.daliform.com\/pt-pt\/wp-json\/wp\/v2\/comments?post=49802"}],"version-history":[{"count":0,"href":"https:\/\/www.daliform.com\/pt-pt\/wp-json\/wp\/v2\/pages\/49802\/revisions"}],"up":[{"embeddable":true,"href":"https:\/\/www.daliform.com\/pt-pt\/wp-json\/wp\/v2\/pages\/49205"}],"wp:featuredmedia":[{"embeddable":true,"href":"https:\/\/www.daliform.com\/pt-pt\/wp-json\/wp\/v2\/media\/57871"}],"wp:attachment":[{"href":"https:\/\/www.daliform.com\/pt-pt\/wp-json\/wp\/v2\/media?parent=49802"}],"curies":[{"name":"wp","href":"https:\/\/api.w.org\/{rel}","templated":true}]}}