{"id":49761,"date":"2016-05-26T15:50:05","date_gmt":"2016-05-26T13:50:05","guid":{"rendered":"https:\/\/www.daliform.com\/sistema-atlantis\/aplicacoes-sistema-atlantis\/laje-em-caixa\/"},"modified":"2021-09-13T14:39:19","modified_gmt":"2021-09-13T12:39:19","slug":"laje-em-caixa","status":"publish","type":"page","link":"https:\/\/www.daliform.com\/pt-pt\/fundacoes-ventiladas-sistema-atlantis\/aplicacoes-sistema-atlantis\/laje-em-caixa\/","title":{"rendered":"Laje em caixa"},"content":{"rendered":"<p>[vc_row padding_top=&#8221;0&#8243; padding_bottom=&#8221;0&#8243;][vc_column]\n\t<div class=\"custom-heading wpb_content_element  heading-medium\">\n\t\t<h2 class=\"heading-title\" >Com o sistema Atlantis, \u00e9 poss\u00edvel criar funda\u00e7\u00f5es muito r\u00edgidas (caixa ou cama de caixa) a baixo custo.<\/h2>\n\t\t<span class=\"heading-line primary\"><\/span>\n\t<\/div>[\/vc_column][\/vc_row][vc_row][vc_column width=&#8221;1\/2&#8243;][vc_single_image image=&#8221;37805&#8243; img_size=&#8221;full&#8221;][\/vc_column][vc_column width=&#8221;1\/2&#8243;][vc_column_text css=&#8221;.vc_custom_1594368940386{margin-bottom: 25px !important;}&#8221;]<\/p>\n<h5 style=\"text-align: justify;\"><strong>Gra\u00e7as aos m\u00f3dulos Igl\u00f9\u00ae ou Atlantis do Daliform Group associados aos pain\u00e9is L-Plast ou \u00e0 Cofragem Muro, \u00e9 poss\u00edvel completar a estrutura da laje em apenas duas fases<\/strong>; ou seja, betonagem da l\u00e2mina inferior sobre a qual s\u00e3o colocados os produtos do Daliform Group e, sucessivamente, betonagem das vigas e da l\u00e2mina de compress\u00e3o numa \u00fanica solu\u00e7\u00e3o.<br \/>\nDeste modo podem-se realizar funda\u00e7\u00f5es de elevada rigidez a custos reduzidos.<\/h5>\n<p style=\"text-align: justify;\">A fun\u00e7\u00e3o principal das estruturas de funda\u00e7\u00e3o, como a proposta pelo <span class=\"s1\">Sistema Atlantis,<\/span> \u00e9 <span class=\"s1\">distribuir sobre o terreno as cargas<\/span> provenientes de pilares, estruturas, paredes e, ao mesmo tempo, fixar o edif\u00edcio ao terreno, assegurando a sua estabilidade. Em alguns casos, utilizando sempre o <span class=\"s1\">Sistema Atlantis<\/span>, podem-se <span class=\"s1\">eliminar as estacas de funda\u00e7\u00e3o<\/span> que seriam necess\u00e1rias com outras solu\u00e7\u00f5es de constru\u00e7\u00e3o.<\/p>\n<p>[\/vc_column_text][\/vc_column][vc_column][vc_empty_space height=&#8221;20px&#8221;][vc_column_text css=&#8221;.vc_custom_1594368933242{margin-bottom: 25px !important;}&#8221;]<\/p>\n<p style=\"text-align: justify;\">As estruturas de funda\u00e7\u00e3o t\u00eam por objetivo minimizar as deforma\u00e7\u00f5es diferidas, devidas \u00e0 desigualdade do terreno ou a dissimetrias nas cargas para assegurar a estabilidade da constru\u00e7\u00e3o. Com efeito, estas \u00faltimas s\u00e3o o verdadeiro perigo para a integridade da funda\u00e7\u00e3o e da estrutura por cima. Ap\u00f3s ter identificado, em fun\u00e7\u00e3o das caracter\u00edsticas do edif\u00edcio e do terreno, o tipo de funda\u00e7\u00e3o que melhor se adapta para dividir as cargas do terreno, o problema passa a der econ\u00f4mico.<br \/>\nUma solu\u00e7\u00e3o para este problema, sem ter de mudar o tipo de estrutura, \u00e9 realizar uma laje em caixa.<br \/>\nObt\u00e9r uma estrutura alveolar constitu\u00edda por duas lajes planas interligadas por vigas mutuamente ortogonais: l\u00e2mina inferior e superior com uma espessura de 15-20 cm com vigas de liga\u00e7\u00e3o com 70\u2013120 cm de altura, situadas a entre-eixos vari\u00e1veis dependendo das exig\u00eancias est\u00e1ticas.<br \/>\nGra\u00e7as aos m\u00f3dulos <span class=\"s1\">Igl\u00f9<sup>\u00ae<\/sup><\/span> ou <span class=\"s1\">Atlantis<\/span> do Daliform Group associados aos pain\u00e9is <span class=\"s1\">L-Plast<\/span> ou \u00e0 <span class=\"s1\">Cofragem Muro,<\/span> \u00e9 poss\u00edvel completar a estrutura da laje em apenas duas fases; ou seja, betonagem da l\u00e2mina inferior sobre a qual s\u00e3o colocados os produtos do Daliform Group e, sucessivamente, betonagem das vigas e da l\u00e2mina de compress\u00e3o numa \u00fanica solu\u00e7\u00e3o. Deste modo podem-se realizar funda\u00e7\u00f5es de elevada rigidez a custos reduzidos.<\/p>\n<p>[\/vc_column_text][\/vc_column][\/vc_row][vc_row][vc_column][vc_separator][vc_column_text css=&#8221;.vc_custom_1592297006811{margin-bottom: 15px !important;}&#8221;]<strong>PRODUTOS RECOMENDADOS:<\/strong>[\/vc_column_text][vc_empty_space height=&#8221;10px&#8221;][\/vc_column][vc_column][vc_masonry_grid post_type=&#8221;ids&#8221; element_width=&#8221;3&#8243; grid_id=&#8221;vc_gid:1627985728897-b0e7b1fa-8089-6&#8243; include=&#8221;1034, 4579&#8243; el_class=&#8221;text-size-p&#8221;][\/vc_column][\/vc_row]<\/p>\n","protected":false},"excerpt":{"rendered":"<p>Gra\u00e7as aos m\u00f3dulos Igl\u00f9\u00ae ou Atlantis associados aos pain\u00e9is L-Plast ou \u00e0 Cofragem Muro, \u00e9 poss\u00edvel completar a estrutura da laje em apenas duas fases.<\/p>\n","protected":false},"author":1,"featured_media":57860,"parent":49205,"menu_order":2,"comment_status":"closed","ping_status":"closed","template":"","meta":[],"acf":[],"aioseo_notices":[],"_links":{"self":[{"href":"https:\/\/www.daliform.com\/pt-pt\/wp-json\/wp\/v2\/pages\/49761"}],"collection":[{"href":"https:\/\/www.daliform.com\/pt-pt\/wp-json\/wp\/v2\/pages"}],"about":[{"href":"https:\/\/www.daliform.com\/pt-pt\/wp-json\/wp\/v2\/types\/page"}],"author":[{"embeddable":true,"href":"https:\/\/www.daliform.com\/pt-pt\/wp-json\/wp\/v2\/users\/1"}],"replies":[{"embeddable":true,"href":"https:\/\/www.daliform.com\/pt-pt\/wp-json\/wp\/v2\/comments?post=49761"}],"version-history":[{"count":0,"href":"https:\/\/www.daliform.com\/pt-pt\/wp-json\/wp\/v2\/pages\/49761\/revisions"}],"up":[{"embeddable":true,"href":"https:\/\/www.daliform.com\/pt-pt\/wp-json\/wp\/v2\/pages\/49205"}],"wp:featuredmedia":[{"embeddable":true,"href":"https:\/\/www.daliform.com\/pt-pt\/wp-json\/wp\/v2\/media\/57860"}],"wp:attachment":[{"href":"https:\/\/www.daliform.com\/pt-pt\/wp-json\/wp\/v2\/media?parent=49761"}],"curies":[{"name":"wp","href":"https:\/\/api.w.org\/{rel}","templated":true}]}}