{"id":49555,"date":"2016-05-26T15:51:46","date_gmt":"2016-05-26T13:51:46","guid":{"rendered":"https:\/\/www.daliform.com\/sistema-atlantis\/aplicacoes-sistema-atlantis\/fundacoes-profundas-com-varios-niveis\/"},"modified":"2021-09-13T14:24:54","modified_gmt":"2021-09-13T12:24:54","slug":"fundacoes-profundas-com-varios-niveis","status":"publish","type":"page","link":"https:\/\/www.daliform.com\/pt-pt\/fundacoes-ventiladas-sistema-atlantis\/aplicacoes-sistema-atlantis\/fundacoes-profundas-com-varios-niveis\/","title":{"rendered":"Funda\u00e7\u00f5es profundas com v\u00e1rios n\u00edveis"},"content":{"rendered":"<p>[vc_row padding_top=&#8221;0&#8243; padding_bottom=&#8221;0&#8243;][vc_column]\n\t<div class=\"custom-heading wpb_content_element  heading-medium\">\n\t\t<h2 class=\"heading-title\" >Com o Sistema Atlantis podem regular at\u00e9 ao cent\u00edmetro a altura dos tubos elevadores, que podem ser fornecidos na obra com v\u00e1rias medidas.<\/h2>\n\t\t<span class=\"heading-line primary\"><\/span>\n\t<\/div>[\/vc_column][\/vc_row][vc_row][vc_column width=&#8221;1\/2&#8243;][vc_single_image image=&#8221;37783&#8243; img_size=&#8221;full&#8221;][\/vc_column][vc_column width=&#8221;1\/2&#8243;][vc_column_text css=&#8221;.vc_custom_1594212135729{margin-bottom: 25px !important;}&#8221;]<\/p>\n<h5 style=\"text-align: justify;\">O Sistema Atlantis permite regular at\u00e9 ao cent\u00edmetro a altura dos tubos elevadores, que podem ser fornecidos na obra com v\u00e1rias medidas. Deste modo \u00e9 poss\u00edvel realizar facilmente, com economia e rapidez, estruturas que exigem alturas vari\u00e1veis, tais como: lajes, rampas inclinadas e lajes multin\u00edvel.<\/h5>\n<p style=\"text-align: justify;\">Habitualmente s\u00e3o realizadas lajes com a mesma altura a partir de bases de funda\u00e7\u00e3o com n\u00edveis diferentes (um cl\u00e1ssico exemplo s\u00e3o os pilares em \u201cT virado ao contr\u00e1rio\u201d ou funda\u00e7\u00f5es com sapatas isoladas).<br \/>\nO Sistema Atlantis permite realizar essas estruturas de forma simples e sem ter de interromper a regular coloca\u00e7\u00e3o das cofragens. O sistema descrito, se combinado com o acess\u00f3rio de cofragem Muro, reduz ainda mais o tempo de realiza\u00e7\u00e3o.<\/p>\n<p>[\/vc_column_text][\/vc_column][\/vc_row][vc_row][vc_column][vc_separator][vc_column_text css=&#8221;.vc_custom_1592297006811{margin-bottom: 15px !important;}&#8221;]<strong>PRODUTOS RECOMENDADOS:<\/strong>[\/vc_column_text][vc_empty_space height=&#8221;10px&#8221;][\/vc_column][vc_column][vc_masonry_grid post_type=&#8221;ids&#8221; element_width=&#8221;3&#8243; grid_id=&#8221;vc_gid:1627985330000-7894ba51-ea60-5&#8243; include=&#8221;1034, 4579&#8243; el_class=&#8221;text-size-p&#8221;][\/vc_column][\/vc_row]<\/p>\n","protected":false},"excerpt":{"rendered":"<p>Realizar facilmente, com economia e rapidez, estruturas que exigem alturas vari\u00e1veis, tais como: lajes, rampas inclinadas e lajes multin\u00edvel. <\/p>\n","protected":false},"author":1,"featured_media":57849,"parent":49205,"menu_order":1,"comment_status":"closed","ping_status":"closed","template":"","meta":[],"acf":[],"aioseo_notices":[],"_links":{"self":[{"href":"https:\/\/www.daliform.com\/pt-pt\/wp-json\/wp\/v2\/pages\/49555"}],"collection":[{"href":"https:\/\/www.daliform.com\/pt-pt\/wp-json\/wp\/v2\/pages"}],"about":[{"href":"https:\/\/www.daliform.com\/pt-pt\/wp-json\/wp\/v2\/types\/page"}],"author":[{"embeddable":true,"href":"https:\/\/www.daliform.com\/pt-pt\/wp-json\/wp\/v2\/users\/1"}],"replies":[{"embeddable":true,"href":"https:\/\/www.daliform.com\/pt-pt\/wp-json\/wp\/v2\/comments?post=49555"}],"version-history":[{"count":0,"href":"https:\/\/www.daliform.com\/pt-pt\/wp-json\/wp\/v2\/pages\/49555\/revisions"}],"up":[{"embeddable":true,"href":"https:\/\/www.daliform.com\/pt-pt\/wp-json\/wp\/v2\/pages\/49205"}],"wp:featuredmedia":[{"embeddable":true,"href":"https:\/\/www.daliform.com\/pt-pt\/wp-json\/wp\/v2\/media\/57849"}],"wp:attachment":[{"href":"https:\/\/www.daliform.com\/pt-pt\/wp-json\/wp\/v2\/media?parent=49555"}],"curies":[{"name":"wp","href":"https:\/\/api.w.org\/{rel}","templated":true}]}}