{"id":49295,"date":"2016-04-13T16:53:49","date_gmt":"2016-04-13T14:53:49","guid":{"rendered":"https:\/\/www.daliform.com\/sistema-atlantis\/aplicacoes-sistema-atlantis\/caminhos-de-acesso-transitaveleis-inclinadas\/"},"modified":"2021-09-13T11:59:46","modified_gmt":"2021-09-13T09:59:46","slug":"caminhos-de-acesso-transitaveleis-inclinadas","status":"publish","type":"page","link":"https:\/\/www.daliform.com\/pt-pt\/fundacoes-ventiladas-sistema-atlantis\/aplicacoes-sistema-atlantis\/caminhos-de-acesso-transitaveleis-inclinadas\/","title":{"rendered":"Caminhos de acesso transit\u00e1veleis inclinadas"},"content":{"rendered":"<p>[vc_row padding_top=&#8221;0&#8243; padding_bottom=&#8221;0&#8243;][vc_column]\n\t<div class=\"custom-heading wpb_content_element  heading-medium\">\n\t\t<h2 class=\"heading-title\" >O Sistema Atlantis permite regular at\u00e9 ao cent\u00edmetro a altura dos tubos elevadores, que podem ser fornecidos na obra com v\u00e1rias medidas. Deste modo \u00e9 poss\u00edvel realizar facilmente, com economia e rapidez, estruturas que exigem alturas vari\u00e1veis, tais como: lajes, rampas inclinadas e lajes multin\u00edvel.<\/h2>\n\t\t<span class=\"heading-line primary\"><\/span>\n\t<\/div>[\/vc_column][\/vc_row][vc_row][vc_column width=&#8221;1\/2&#8243;][vc_masonry_media_grid grid_id=&#8221;vc_gid:1627984732730-6ac9d718-f27c-0&#8243; include=&#8221;37669,37679,37689,37699,37709,37719,37729,37739,37659&#8243;][\/vc_column][vc_column width=&#8221;1\/2&#8243;][vc_column_text]<\/p>\n<h5 style=\"text-align: justify;\"><strong>Sistemas para a realiza\u00e7\u00e3o de caminhos de acesso transit\u00e1veleis, terra\u00e7os, lajes levemente inclinadas para teatros e cinemas ou para nivela\u00e7\u00e3o de alturas.<\/strong><\/h5>\n<p style=\"text-align: justify;\">De fato, em vez de utilizar materiais tais como areia, brita ou bet\u00e3o, pode-se realizar uma funda\u00e7\u00e3o para a rampa com a mesma quota da estrutura adjacente (parque de estacionamento) e realizar uma c\u00e2mara com uma laje para tr\u00e2nsito de ve\u00edculos inclinada no extradorso. O Sistema Atlantis tamb\u00e9m permite realizar rampas curvas na planta.<\/p>\n<p>Os t\u00e9cnicos Daliform Group est\u00e3o \u00e0 sua disposi\u00e7\u00e3o para dar apoio no design da caixa de ar, fornecendo sob pedido estudos personalizados com relat\u00f3rios de c\u00e1lculo e desenhos de execu\u00e7\u00e3o.[\/vc_column_text][\/vc_column][\/vc_row][vc_row][vc_column][vc_separator][vc_column_text css=&#8221;.vc_custom_1592297006811{margin-bottom: 15px !important;}&#8221;]<strong>PRODUTOS RECOMENDADOS:<\/strong>[\/vc_column_text][vc_empty_space height=&#8221;10px&#8221;][\/vc_column][vc_column][vc_masonry_grid post_type=&#8221;ids&#8221; show_filter=&#8221;yes&#8221; element_width=&#8221;3&#8243; grid_id=&#8221;vc_gid:1627984732732-84822b3c-6b3a-4&#8243; include=&#8221;1034, 4579&#8243; el_class=&#8221;text-size-p&#8221; filter_source=&#8221;category&#8221;][\/vc_column][\/vc_row]<\/p>\n","protected":false},"excerpt":{"rendered":"<p>Sistemas para a realiza\u00e7\u00e3o de caminhos de acesso transit\u00e1veleis, terra\u00e7os, lajes levemente inclinadas para teatros e cinemas ou para nivela\u00e7\u00e3o de alturas.<\/p>\n","protected":false},"author":1,"featured_media":57833,"parent":49205,"menu_order":0,"comment_status":"closed","ping_status":"closed","template":"","meta":[],"acf":[],"aioseo_notices":[],"_links":{"self":[{"href":"https:\/\/www.daliform.com\/pt-pt\/wp-json\/wp\/v2\/pages\/49295"}],"collection":[{"href":"https:\/\/www.daliform.com\/pt-pt\/wp-json\/wp\/v2\/pages"}],"about":[{"href":"https:\/\/www.daliform.com\/pt-pt\/wp-json\/wp\/v2\/types\/page"}],"author":[{"embeddable":true,"href":"https:\/\/www.daliform.com\/pt-pt\/wp-json\/wp\/v2\/users\/1"}],"replies":[{"embeddable":true,"href":"https:\/\/www.daliform.com\/pt-pt\/wp-json\/wp\/v2\/comments?post=49295"}],"version-history":[{"count":0,"href":"https:\/\/www.daliform.com\/pt-pt\/wp-json\/wp\/v2\/pages\/49295\/revisions"}],"up":[{"embeddable":true,"href":"https:\/\/www.daliform.com\/pt-pt\/wp-json\/wp\/v2\/pages\/49205"}],"wp:featuredmedia":[{"embeddable":true,"href":"https:\/\/www.daliform.com\/pt-pt\/wp-json\/wp\/v2\/media\/57833"}],"wp:attachment":[{"href":"https:\/\/www.daliform.com\/pt-pt\/wp-json\/wp\/v2\/media?parent=49295"}],"curies":[{"name":"wp","href":"https:\/\/api.w.org\/{rel}","templated":true}]}}